{"id":113,"date":"2023-03-05T11:02:25","date_gmt":"2023-03-05T11:02:25","guid":{"rendered":"http:\/\/dobrastrefa.com\/?page_id=113"},"modified":"2023-03-05T12:48:06","modified_gmt":"2023-03-05T12:48:06","slug":"regulamin-strefy-zabaw","status":"publish","type":"page","link":"https:\/\/dobrastrefa.com\/index.php\/regulamin-strefy-zabaw\/","title":{"rendered":"Regulamin Strefy Zabaw"},"content":{"rendered":"\n<p><strong>Regulamin korzystania ze Strefy Zabawy<\/strong><\/p>\n\n\n\n<ol class=\"wp-block-list\">\n<li>Sala zabaw Strefa Zabaw czynna jest codziennie od poniedzia\u0142ku do niedzieli w godzinach 10.00-20.00.<\/li>\n\n\n\n<li>Zapraszamy wszystkie dzieci od 3 do 13 roku \u017cycia.<\/li>\n\n\n\n<li>Przed rozpocz\u0119ciem zabawy prosimy zapozna\u0107 si\u0119 z niniejszym Regulaminem.<\/li>\n\n\n\n<li>Ka\u017cdy uczestnik proszony jest o pozostawienie ubrania wierzchniego w szatni.<\/li>\n\n\n\n<li>Ka\u017cdy uczestnik przed wej\u015bciem na sal\u0119 zabaw, po wykupieniu biletu, dostaje piecz\u0105tk\u0119, uprawniaj\u0105c\u0105 do 2h zabawy.<\/li>\n\n\n\n<li>Do Sali Zabaw wchodzimy tylko w skarpetach \/ rajstopach, w\u0142\u0105cznie z okresem letnim.<\/li>\n\n\n\n<li>Opiekunowie zobowi\u0105zani s\u0105 do zdj\u0119cia wszelkiej bi\u017cuterii dzieciom przed wej\u015bciem do Strefy Zabaw: pier\u015bcionk\u00f3w, bransoletek, kolczyk\u00f3w, itp.<\/li>\n\n\n\n<li>Odzie\u017c z kapturem i sznurkami nie powinna by\u0107 noszona w Strefie Zabawy.<\/li>\n\n\n\n<li>Opiekunowie przebywaj\u0105cy w Sali Zabaw proszeni s\u0105 o zak\u0142adanie ochraniaczy na buty b\u0105d\u017a pozostawienie obuwia przed wej\u015bciem.<\/li>\n\n\n\n<li>Nie wnosimy jedzenia i picia do Strefy Zabaw.<\/li>\n\n\n\n<li>Nie wnosimy \u017cadnych twardych, ostrych i ma\u0142ych przedmiot\u00f3w, oraz w\u0142asnych zabawek do Strefy Zabawy.<\/li>\n\n\n\n<li>Za opiek\u0119 nad dzie\u0107mi podczas zabawy odpowiedzialni s\u0105 ich Opiekunowie.<\/li>\n\n\n\n<li>W celu zachowania bezpiecze\u0144stwa doro\u015bli nie s\u0105 upowa\u017cnieni do wchodzenia na konstrukcje.<\/li>\n\n\n\n<li>Dla wsp\u00f3lnego bezpiecze\u0144stwa zabrania si\u0119 skakania z konstrukcji do basenu z kulkami, zje\u017cd\u017cania g\u0142ow\u0105 w d\u00f3\u0142 ze zje\u017cd\u017calni, wdrapywania si\u0119 na siatk\u0119 ochronn\u0105.<\/li>\n\n\n\n<li>Za wszelkie szkody wyrz\u0105dzone przez dzieci podczas zabawy odpowiadaj\u0105 ich Opiekunowie.<\/li>\n\n\n\n<li>Organizatorzy maj\u0105 prawo wyprosi\u0107 z Sali Zabaw uczestnika nie przestrzegaj\u0105cego regulaminu b\u0105d\u017a naruszaj\u0105cego dobro innych dzieci.<\/li>\n\n\n\n<li>Za rzeczy pozostawione w szatni lub w Strefie Zabawy organizator nie odpowiada.<\/li>\n\n\n\n<li>Po zabawie jest mo\u017cliwo\u015b\u0107 odpoczynku w Strefie Kawy, czytaj\u0105c przygotowane tam dla dzieci ksi\u0105\u017ceczki.<\/li>\n<\/ol>\n\n\n\n<p>Serdecznie zapraszamy do wsp\u00f3lnej zabawy \ud83d\ude42<\/p>\n\n\n\n<p>Dobra Strefa<\/p>\n","protected":false},"excerpt":{"rendered":"<p>Regulamin korzystania ze Strefy Zabawy Serdecznie zapraszamy do wsp\u00f3lnej zabawy \ud83d\ude42 Dobra Strefa<\/p>\n","protected":false},"author":1,"featured_media":0,"parent":0,"menu_order":0,"comment_status":"closed","ping_status":"closed","template":"","meta":{"footnotes":""},"class_list":["post-113","page","type-page","status-publish","hentry"],"yoast_head":"<!-- This site is optimized with the Yoast SEO plugin v25.3.1 - https:\/\/yoast.com\/wordpress\/plugins\/seo\/ -->\n<title>Regulamin Strefy Zabaw -<\/title>\n<meta name=\"robots\" content=\"index, follow, max-snippet:-1, max-image-preview:large, max-video-preview:-1\" \/>\n<link rel=\"canonical\" href=\"http:\/\/dobrastrefa.com\/index.php\/regulamin-strefy-zabaw\/\" \/>\n<meta property=\"og:locale\" content=\"pl_PL\" \/>\n<meta property=\"og:type\" content=\"article\" \/>\n<meta property=\"og:title\" content=\"Regulamin Strefy Zabaw -\" \/>\n<meta property=\"og:description\" content=\"Regulamin korzystania ze Strefy Zabawy Serdecznie zapraszamy do wsp\u00f3lnej zabawy \ud83d\ude42 Dobra Strefa\" \/>\n<meta property=\"og:url\" content=\"http:\/\/dobrastrefa.com\/index.php\/regulamin-strefy-zabaw\/\" \/>\n<meta property=\"article:publisher\" content=\"https:\/\/www.facebook.com\/KawaZabawaWarsztaty\/\" \/>\n<meta property=\"article:modified_time\" content=\"2023-03-05T12:48:06+00:00\" \/>\n<meta name=\"twitter:card\" content=\"summary_large_image\" \/>\n<meta name=\"twitter:label1\" content=\"Szacowany czas czytania\" \/>\n\t<meta name=\"twitter:data1\" content=\"1 minuta\" \/>\n<script type=\"application\/ld+json\" class=\"yoast-schema-graph\">{\"@context\":\"https:\/\/schema.org\",\"@graph\":[{\"@type\":\"WebPage\",\"@id\":\"http:\/\/dobrastrefa.com\/index.php\/regulamin-strefy-zabaw\/\",\"url\":\"http:\/\/dobrastrefa.com\/index.php\/regulamin-strefy-zabaw\/\",\"name\":\"Regulamin Strefy Zabaw -\",\"isPartOf\":{\"@id\":\"http:\/\/dobrastrefa.com\/#website\"},\"datePublished\":\"2023-03-05T11:02:25+00:00\",\"dateModified\":\"2023-03-05T12:48:06+00:00\",\"breadcrumb\":{\"@id\":\"http:\/\/dobrastrefa.com\/index.php\/regulamin-strefy-zabaw\/#breadcrumb\"},\"inLanguage\":\"pl-PL\",\"potentialAction\":[{\"@type\":\"ReadAction\",\"target\":[\"http:\/\/dobrastrefa.com\/index.php\/regulamin-strefy-zabaw\/\"]}]},{\"@type\":\"BreadcrumbList\",\"@id\":\"http:\/\/dobrastrefa.com\/index.php\/regulamin-strefy-zabaw\/#breadcrumb\",\"itemListElement\":[{\"@type\":\"ListItem\",\"position\":1,\"name\":\"Strona g\u0142\u00f3wna\",\"item\":\"http:\/\/dobrastrefa.com\/\"},{\"@type\":\"ListItem\",\"position\":2,\"name\":\"Regulamin Strefy Zabaw\"}]},{\"@type\":\"WebSite\",\"@id\":\"http:\/\/dobrastrefa.com\/#website\",\"url\":\"http:\/\/dobrastrefa.com\/\",\"name\":\"DobraStrefa.com\",\"description\":\"\",\"publisher\":{\"@id\":\"http:\/\/dobrastrefa.com\/#organization\"},\"potentialAction\":[{\"@type\":\"SearchAction\",\"target\":{\"@type\":\"EntryPoint\",\"urlTemplate\":\"http:\/\/dobrastrefa.com\/?s={search_term_string}\"},\"query-input\":{\"@type\":\"PropertyValueSpecification\",\"valueRequired\":true,\"valueName\":\"search_term_string\"}}],\"inLanguage\":\"pl-PL\"},{\"@type\":\"Organization\",\"@id\":\"http:\/\/dobrastrefa.com\/#organization\",\"name\":\"Dobra Strefa\",\"url\":\"http:\/\/dobrastrefa.com\/\",\"logo\":{\"@type\":\"ImageObject\",\"inLanguage\":\"pl-PL\",\"@id\":\"http:\/\/dobrastrefa.com\/#\/schema\/logo\/image\/\",\"url\":\"https:\/\/dobrastrefa.com\/wp-content\/uploads\/2023\/03\/cropped-Projekt-bez-tytulu51-logo-500-500.png\",\"contentUrl\":\"https:\/\/dobrastrefa.com\/wp-content\/uploads\/2023\/03\/cropped-Projekt-bez-tytulu51-logo-500-500.png\",\"width\":500,\"height\":107,\"caption\":\"Dobra Strefa\"},\"image\":{\"@id\":\"http:\/\/dobrastrefa.com\/#\/schema\/logo\/image\/\"},\"sameAs\":[\"https:\/\/www.facebook.com\/KawaZabawaWarsztaty\/\",\"https:\/\/www.instagram.com\/dobra.strefa\/\"]}]}<\/script>\n<!-- \/ Yoast SEO plugin. -->","yoast_head_json":{"title":"Regulamin Strefy Zabaw -","robots":{"index":"index","follow":"follow","max-snippet":"max-snippet:-1","max-image-preview":"max-image-preview:large","max-video-preview":"max-video-preview:-1"},"canonical":"http:\/\/dobrastrefa.com\/index.php\/regulamin-strefy-zabaw\/","og_locale":"pl_PL","og_type":"article","og_title":"Regulamin Strefy Zabaw -","og_description":"Regulamin korzystania ze Strefy Zabawy Serdecznie zapraszamy do wsp\u00f3lnej zabawy \ud83d\ude42 Dobra Strefa","og_url":"http:\/\/dobrastrefa.com\/index.php\/regulamin-strefy-zabaw\/","article_publisher":"https:\/\/www.facebook.com\/KawaZabawaWarsztaty\/","article_modified_time":"2023-03-05T12:48:06+00:00","twitter_card":"summary_large_image","twitter_misc":{"Szacowany czas czytania":"1 minuta"},"schema":{"@context":"https:\/\/schema.org","@graph":[{"@type":"WebPage","@id":"http:\/\/dobrastrefa.com\/index.php\/regulamin-strefy-zabaw\/","url":"http:\/\/dobrastrefa.com\/index.php\/regulamin-strefy-zabaw\/","name":"Regulamin Strefy Zabaw -","isPartOf":{"@id":"http:\/\/dobrastrefa.com\/#website"},"datePublished":"2023-03-05T11:02:25+00:00","dateModified":"2023-03-05T12:48:06+00:00","breadcrumb":{"@id":"http:\/\/dobrastrefa.com\/index.php\/regulamin-strefy-zabaw\/#breadcrumb"},"inLanguage":"pl-PL","potentialAction":[{"@type":"ReadAction","target":["http:\/\/dobrastrefa.com\/index.php\/regulamin-strefy-zabaw\/"]}]},{"@type":"BreadcrumbList","@id":"http:\/\/dobrastrefa.com\/index.php\/regulamin-strefy-zabaw\/#breadcrumb","itemListElement":[{"@type":"ListItem","position":1,"name":"Strona g\u0142\u00f3wna","item":"http:\/\/dobrastrefa.com\/"},{"@type":"ListItem","position":2,"name":"Regulamin Strefy Zabaw"}]},{"@type":"WebSite","@id":"http:\/\/dobrastrefa.com\/#website","url":"http:\/\/dobrastrefa.com\/","name":"DobraStrefa.com","description":"","publisher":{"@id":"http:\/\/dobrastrefa.com\/#organization"},"potentialAction":[{"@type":"SearchAction","target":{"@type":"EntryPoint","urlTemplate":"http:\/\/dobrastrefa.com\/?s={search_term_string}"},"query-input":{"@type":"PropertyValueSpecification","valueRequired":true,"valueName":"search_term_string"}}],"inLanguage":"pl-PL"},{"@type":"Organization","@id":"http:\/\/dobrastrefa.com\/#organization","name":"Dobra Strefa","url":"http:\/\/dobrastrefa.com\/","logo":{"@type":"ImageObject","inLanguage":"pl-PL","@id":"http:\/\/dobrastrefa.com\/#\/schema\/logo\/image\/","url":"https:\/\/dobrastrefa.com\/wp-content\/uploads\/2023\/03\/cropped-Projekt-bez-tytulu51-logo-500-500.png","contentUrl":"https:\/\/dobrastrefa.com\/wp-content\/uploads\/2023\/03\/cropped-Projekt-bez-tytulu51-logo-500-500.png","width":500,"height":107,"caption":"Dobra Strefa"},"image":{"@id":"http:\/\/dobrastrefa.com\/#\/schema\/logo\/image\/"},"sameAs":["https:\/\/www.facebook.com\/KawaZabawaWarsztaty\/","https:\/\/www.instagram.com\/dobra.strefa\/"]}]}},"jetpack_sharing_enabled":true,"_links":{"self":[{"href":"https:\/\/dobrastrefa.com\/index.php\/wp-json\/wp\/v2\/pages\/113","targetHints":{"allow":["GET"]}}],"collection":[{"href":"https:\/\/dobrastrefa.com\/index.php\/wp-json\/wp\/v2\/pages"}],"about":[{"href":"https:\/\/dobrastrefa.com\/index.php\/wp-json\/wp\/v2\/types\/page"}],"author":[{"embeddable":true,"href":"https:\/\/dobrastrefa.com\/index.php\/wp-json\/wp\/v2\/users\/1"}],"replies":[{"embeddable":true,"href":"https:\/\/dobrastrefa.com\/index.php\/wp-json\/wp\/v2\/comments?post=113"}],"version-history":[{"count":2,"href":"https:\/\/dobrastrefa.com\/index.php\/wp-json\/wp\/v2\/pages\/113\/revisions"}],"predecessor-version":[{"id":118,"href":"https:\/\/dobrastrefa.com\/index.php\/wp-json\/wp\/v2\/pages\/113\/revisions\/118"}],"wp:attachment":[{"href":"https:\/\/dobrastrefa.com\/index.php\/wp-json\/wp\/v2\/media?parent=113"}],"curies":[{"name":"wp","href":"https:\/\/api.w.org\/{rel}","templated":true}]}}