{"id":1167,"date":"2025-07-01T14:09:57","date_gmt":"2025-07-01T14:09:57","guid":{"rendered":"https:\/\/dobrastrefa.com\/?page_id=1167"},"modified":"2026-01-05T15:43:16","modified_gmt":"2026-01-05T15:43:16","slug":"regulamin-sklepu","status":"publish","type":"page","link":"https:\/\/dobrastrefa.com\/index.php\/regulamin-sklepu\/","title":{"rendered":"Regulamin sklepu"},"content":{"rendered":"\n<p>I. Postanowienia Og\u00f3lne<\/p>\n\n\n\n<p>1. Dobra Strefa jest obs\u0142ugiwane przez firm\u0119 DSK Services Sp. z o. o., wpisan\u0105 do rejestru przedsi\u0119biorc\u00f3w przez S\u0105d Rejonowy dla m.st. Warszawy, XII Wydzia\u0142 Gospodarczy Krajowego Rejestru S\u0105dowego pod numerem KRS 0001112910, kt\u00f3ry \u015bwiadczy us\u0142ugi polegaj\u0105ce na zapewnieniu dzieciom i grupom zorganizowanym atrakcji w postaci bawialni z sal\u0105 zabaw i warsztat\u00f3w edukacyjnych oraz przyj\u0119\u0107.&nbsp;<\/p>\n\n\n\n<p>2. Niniejszy regulamin (zwany dalej \u201eRegulaminem\u201d) okre\u015bla zasady dotycz\u0105ce internetowego zakupu bilet\u00f3w wst\u0119pu do Dobrej Strefy bez wzgl\u0119du na lokalizacj\u0119 geograficzn\u0105.<\/p>\n\n\n\n<p>3. Zakup bilet\u00f3w on-line odbywa si\u0119 przez stron\u0119 internetow\u0105 dobrastrefa.com. U\u017cycie dedykowanego oprogramowania do zakupu bilet\u00f3w oraz rezerwacji termin\u00f3w na przyj\u0119cia &nbsp;i wyb\u00f3r opcji KUP BILET \/ ZAREZERWUJ TERMIN jest mo\u017cliwy po zaakceptowaniu Regulaminu Zakup\u00f3w On-Line oraz Regulaminu Sali Zabaw Dobra Strefa. Regulaminy s\u0105 dost\u0119pne na stronie internetowej <a href=\"http:\/\/www.dobrastrefa.com\">www.dobrastrefa.com<\/a><\/p>\n\n\n\n<p>&nbsp;4. Zakup biletu on-line jest mo\u017cliwy po dokonaniu rezerwacji na stronie wraz z zaakceptowaniem klauzul dot. zgody na przetwarzanie danych osobowych oraz po dokonaniu p\u0142atno\u015bci zgodnie z wyborem u\u017cytkownika.<\/p>\n\n\n\n<p>5. Aktualne godziny otwarcia i cennik podawany jest na stronie dobrastrefa.com<\/p>\n\n\n\n<p>6. Poprzez system sprzeda\u017cy on-line mo\u017cna kupi\u0107 bilety wst\u0119pu jak r\u00f3wnie\u017c zakupi\u0107 us\u0142ugi dodatkowe, w szczeg\u00f3lno\u015bci organizacj\u0119 przyj\u0119\u0107 urodzinowych, wycieczek grupowych i warsztat\u00f3w.<\/p>\n\n\n\n<p>7. Grupy 10 lub wi\u0119cej dzieci musz\u0105 kupi\u0107 Bilety z co najmniej 24-godzinnym wyprzedzeniem.<\/p>\n\n\n\n<p>8. Bilet\u00f3w online nie mo\u017cna kupi\u0107 na dzie\u0144 dokonywania rezerwacji \u2013 wszystkie bilety s\u0105 wa\u017cne najwcze\u015bniej od nast\u0119pnego dnia po dacie zakupu. Nie dotyczy to bilet\u00f3w specjalnych oznaczonych w cenniku Dobrej Strefy.<\/p>\n\n\n\n<p>II Zakup on-line<\/p>\n\n\n\n<p>1. Ka\u017cdy zakup bilet\u00f3w on-line otrzyma indywidualny numer transakcji a ka\u017cda transakcja wymaga uiszczenia op\u0142aty. 2. W celu otrzymania faktury VAT nale\u017cy poda\u0107 niezb\u0119dne dane do wystawienia faktury VAT. 3. Faktura zostanie wys\u0142ana drog\u0105 elektroniczn\u0105 na wskazany przez nabywc\u0119 adres poczty elektronicznej. 4. Op\u0142ata za zakup on-line dokonywana mo\u017ce by\u0107 wed\u0142ug wyboru nabywcy za pomoc\u0105 systemu PayU w obr\u0119bie serwisu dobrastrefa.com 5. P\u0142atno\u015bci nale\u017cy dokona\u0107 w ci\u0105gu 30 min od chwili wybrania terminu wizyty w Centrum, bez przerywania ci\u0105g\u0142o\u015bci transakcji. Po tym czasie wybrane bilety wr\u00f3c\u0105 do og\u00f3lnej puli. 6. W ci\u0105gu 30 minut od chwili dokonania p\u0142atno\u015bci on-line system wy\u015ble na podany w zarejestrowanym profilu adres skrzynki pocztowej e-mail zawieraj\u0105cy potwierdzenie i numer transakcji lub zapisane w formacie QR kodu bilety elektroniczne. 7. Opisany w punkcie 6 e-mail stanowi dow\u00f3d zakupu. Przed wizyt\u0105 nale\u017cy sprawdzi\u0107, czy dotar\u0142 e-mail po zakupie. Dobra Strefa nie ponosi \u017cadnej odpowiedzialno\u015bci za nieotrzymanie e-maila z przyczyn niezale\u017cnych od Dobrej Strefy, np. filtrowanie \u015bmieci lub spamu. E-mail potwierdzaj\u0105cy nale\u017cy okaza\u0107 przy wej\u015bciu do Dobrej Strefy przed wej\u015bciem do lokalu. 8. Po otrzymaniu potwierdzenia e-mailem bilet powinien by\u0107 przechowany w bezpiecznym miejscu, poniewa\u017c Dobra Strefa nie ponosi odpowiedzialno\u015bci za zagubione lub skradzione bilety. 9. Bilety s\u0105 niezbywalne, nieprzenoszalne, niewa\u017cne, je\u015bli zosta\u0142y zmienione i, z wyj\u0105tkiem przypadk\u00f3w wyra\u017anie okre\u015blonych w niniejszym Regulaminie, nie podlegaj\u0105 zwrotowi. Zale\u017cnie od dost\u0119pno\u015bci, bilety do Dobrej Strefy mog\u0105 zosta\u0107 zmienione po uiszczeniu op\u0142aty (z zastrze\u017ceniem klauzuli nr 15 niniejszych Warunk\u00f3w) 10. Tylko bilety zakupione bezpo\u015brednio od Dobrej Strefy lub jednego z naszych autoryzowanych dystrybutor\u00f3w s\u0105 wa\u017cne. Bilety zakupione od nieautoryzowanych stron trzecich nie upowa\u017cniaj\u0105 do wej\u015bcia na teren Dobrej Strefy. 11. W przypadku zakupu Bilet\u00f3w za po\u015brednictwem jednego z naszych autoryzowanych dystrybutor\u00f3w wynikaj\u0105ca z tego umowa prawna zawarta jest mi\u0119dzy Kupuj\u0105cym a tym autoryzowanym dystrybutorem b\u0119d\u0105cym stron\u0105 trzeci\u0105 i podlega warunkom tego autoryzowanego dystrybutora b\u0119d\u0105cego stron\u0105 trzeci\u0105. Nale\u017cy bezwzgl\u0119dnie dok\u0142adnie zapozna\u0107 si\u0119 z warunkami dotycz\u0105cymi transakcji na stronie dystrybutora 12. Podczas procedury rezerwacji online jest mo\u017cliwo\u015b\u0107 wyboru daty i godziny przyjazdu do Dobrej Strefy (\u201ePrzydzia\u0142 czasu wst\u0119pu\u201d) (w zale\u017cno\u015bci od dost\u0119pno\u015bci), co zostanie pokazane na potwierdzeniu e-mail lub bilecie. Bilet jest wa\u017cny w ci\u0105gu 30 dni od daty zakupu (za wyj\u0105tkiem bilet\u00f3w zakupionych jako wej\u015bci\u00f3wka na konkretne wydarzenie w Dobrej Strefie lub bilet\u00f3w specjalnych oznaczonych w cenniku Dobrej Strefy, kt\u00f3re wa\u017cne s\u0105 tylko i wy\u0142\u0105cznie na dzie\u0144 i godzin\u0119 rezerwacji). W przypadku niezrealizowania bilet\u00f3w we wskazanym przedziale czasowym uiszczona op\u0142ata za wst\u0119p nie b\u0119dzie zwracana. 13. Podczas wykorzystania biletu b\u0119dziesz m\u00f3g\u0142 sp\u0119dzi\u0107 1 godzin\u0119, 2 godziny lub nieograniczony czas (w zale\u017cno\u015bci od zakupionego rodzaju biletu) w Dobrej Strefie. (\u201ePrzydzielona sesja\u201d). Je\u015bli jednak data wizyty jest inna ni\u017c data planowanej zarezerwowanej wizyty (\u201ePrzydzielony czas wej\u015bcia\u201d), wst\u0119p do Dobrej Strefy zale\u017cy od dost\u0119pno\u015bci w tym czasie. 14. Anulowanie rezerwacji po jej potwierdzeniu nie upowa\u017cnia do zwrotu cz\u0119\u015bci ani ca\u0142o\u015bci kosztu zakupionego biletu. 15. W rzadkich przypadkach, na kt\u00f3re Dobra Strefa nie ma wp\u0142ywu, Dobra Strefa zastrzega sobie prawo do anulowania biletu. Personel Dobrej Strefy postara si\u0119 powiadomi\u0107 klient\u00f3w, o takiej konieczno\u015bci natychmiast po powzi\u0119ciu informacji o takim zdarzeniu.<\/p>\n\n\n\n<p>&nbsp;III. Postanowienia ko\u0144cowe<\/p>\n\n\n\n<p>1. Sala Zabaw z Kawiarni\u0105 Dobra Strefa jest uprawniona do zmiany Regulaminu. Zmieniony Regulamin zostaje podany do wiadomo\u015bci publicznej na stronie internetowej pod adresem Dobrastrefa.com 2. W zakresie nieuregulowanym Regulaminem stosuje si\u0119 odpowiednio postanowienia Regulaminu Og\u00f3lnego Sali Zabaw z Kawiarni\u0105 Dobra Strefa a tak\u017ce Regulamin\u00f3w poszczeg\u00f3lnych atrakcji\/imprez, na jakie dokonywany jest zakup bilet\u00f3w. 3. Do cen bilet\u00f3w nabytych w systemie zakupu on-line jak i us\u0142ug dodatkowych stosuje si\u0119 ceny wskazane w cenniku dost\u0119pnym na stronie internetowej =dobrastrefa.com 4. W sprawach nieregulowanych niniejszym Regulaminem ani Regulaminami Dobrej Strefy zastosowanie maj\u0105 przepisy obowi\u0105zuj\u0105cego prawa.<\/p>\n\n\n\n<p><\/p>\n","protected":false},"excerpt":{"rendered":"<p>I. Postanowienia Og\u00f3lne 1. Dobra Strefa jest obs\u0142ugiwane przez firm\u0119 DSK Services Sp. z o. o., wpisan\u0105 do rejestru przedsi\u0119biorc\u00f3w przez S\u0105d Rejonowy dla m.st. Warszawy, XII Wydzia\u0142 Gospodarczy Krajowego Rejestru S\u0105dowego pod numerem KRS 0001112910, kt\u00f3ry \u015bwiadczy us\u0142ugi polegaj\u0105ce na zapewnieniu dzieciom i grupom zorganizowanym atrakcji w postaci bawialni z sal\u0105 zabaw i warsztat\u00f3w &hellip; <\/p>\n","protected":false},"author":1,"featured_media":0,"parent":0,"menu_order":0,"comment_status":"closed","ping_status":"closed","template":"","meta":{"footnotes":""},"class_list":["post-1167","page","type-page","status-publish","hentry"],"yoast_head":"<!-- This site is optimized with the Yoast SEO plugin v25.3.1 - https:\/\/yoast.com\/wordpress\/plugins\/seo\/ -->\n<title>Regulamin sklepu -<\/title>\n<meta name=\"robots\" content=\"index, follow, max-snippet:-1, max-image-preview:large, max-video-preview:-1\" \/>\n<link rel=\"canonical\" href=\"https:\/\/dobrastrefa.com\/index.php\/regulamin-sklepu\/\" \/>\n<meta property=\"og:locale\" content=\"pl_PL\" \/>\n<meta property=\"og:type\" content=\"article\" \/>\n<meta property=\"og:title\" content=\"Regulamin sklepu -\" \/>\n<meta property=\"og:description\" content=\"I. Postanowienia Og\u00f3lne 1. Dobra Strefa jest obs\u0142ugiwane przez firm\u0119 DSK Services Sp. z o. o., wpisan\u0105 do rejestru przedsi\u0119biorc\u00f3w przez S\u0105d Rejonowy dla m.st. Warszawy, XII Wydzia\u0142 Gospodarczy Krajowego Rejestru S\u0105dowego pod numerem KRS 0001112910, kt\u00f3ry \u015bwiadczy us\u0142ugi polegaj\u0105ce na zapewnieniu dzieciom i grupom zorganizowanym atrakcji w postaci bawialni z sal\u0105 zabaw i warsztat\u00f3w &hellip;\" \/>\n<meta property=\"og:url\" content=\"https:\/\/dobrastrefa.com\/index.php\/regulamin-sklepu\/\" \/>\n<meta property=\"article:publisher\" content=\"https:\/\/www.facebook.com\/KawaZabawaWarsztaty\/\" \/>\n<meta property=\"article:modified_time\" content=\"2026-01-05T15:43:16+00:00\" \/>\n<meta name=\"twitter:card\" content=\"summary_large_image\" \/>\n<meta name=\"twitter:label1\" content=\"Szacowany czas czytania\" \/>\n\t<meta name=\"twitter:data1\" content=\"6 minut\" \/>\n<script type=\"application\/ld+json\" class=\"yoast-schema-graph\">{\"@context\":\"https:\/\/schema.org\",\"@graph\":[{\"@type\":\"WebPage\",\"@id\":\"https:\/\/dobrastrefa.com\/index.php\/regulamin-sklepu\/\",\"url\":\"https:\/\/dobrastrefa.com\/index.php\/regulamin-sklepu\/\",\"name\":\"Regulamin sklepu -\",\"isPartOf\":{\"@id\":\"http:\/\/dobrastrefa.com\/#website\"},\"datePublished\":\"2025-07-01T14:09:57+00:00\",\"dateModified\":\"2026-01-05T15:43:16+00:00\",\"breadcrumb\":{\"@id\":\"https:\/\/dobrastrefa.com\/index.php\/regulamin-sklepu\/#breadcrumb\"},\"inLanguage\":\"pl-PL\",\"potentialAction\":[{\"@type\":\"ReadAction\",\"target\":[\"https:\/\/dobrastrefa.com\/index.php\/regulamin-sklepu\/\"]}]},{\"@type\":\"BreadcrumbList\",\"@id\":\"https:\/\/dobrastrefa.com\/index.php\/regulamin-sklepu\/#breadcrumb\",\"itemListElement\":[{\"@type\":\"ListItem\",\"position\":1,\"name\":\"Strona g\u0142\u00f3wna\",\"item\":\"http:\/\/dobrastrefa.com\/\"},{\"@type\":\"ListItem\",\"position\":2,\"name\":\"Regulamin sklepu\"}]},{\"@type\":\"WebSite\",\"@id\":\"http:\/\/dobrastrefa.com\/#website\",\"url\":\"http:\/\/dobrastrefa.com\/\",\"name\":\"DobraStrefa.com\",\"description\":\"\",\"publisher\":{\"@id\":\"http:\/\/dobrastrefa.com\/#organization\"},\"potentialAction\":[{\"@type\":\"SearchAction\",\"target\":{\"@type\":\"EntryPoint\",\"urlTemplate\":\"http:\/\/dobrastrefa.com\/?s={search_term_string}\"},\"query-input\":{\"@type\":\"PropertyValueSpecification\",\"valueRequired\":true,\"valueName\":\"search_term_string\"}}],\"inLanguage\":\"pl-PL\"},{\"@type\":\"Organization\",\"@id\":\"http:\/\/dobrastrefa.com\/#organization\",\"name\":\"Dobra Strefa\",\"url\":\"http:\/\/dobrastrefa.com\/\",\"logo\":{\"@type\":\"ImageObject\",\"inLanguage\":\"pl-PL\",\"@id\":\"http:\/\/dobrastrefa.com\/#\/schema\/logo\/image\/\",\"url\":\"https:\/\/dobrastrefa.com\/wp-content\/uploads\/2023\/03\/cropped-Projekt-bez-tytulu51-logo-500-500.png\",\"contentUrl\":\"https:\/\/dobrastrefa.com\/wp-content\/uploads\/2023\/03\/cropped-Projekt-bez-tytulu51-logo-500-500.png\",\"width\":500,\"height\":107,\"caption\":\"Dobra Strefa\"},\"image\":{\"@id\":\"http:\/\/dobrastrefa.com\/#\/schema\/logo\/image\/\"},\"sameAs\":[\"https:\/\/www.facebook.com\/KawaZabawaWarsztaty\/\",\"https:\/\/www.instagram.com\/dobra.strefa\/\"]}]}<\/script>\n<!-- \/ Yoast SEO plugin. -->","yoast_head_json":{"title":"Regulamin sklepu -","robots":{"index":"index","follow":"follow","max-snippet":"max-snippet:-1","max-image-preview":"max-image-preview:large","max-video-preview":"max-video-preview:-1"},"canonical":"https:\/\/dobrastrefa.com\/index.php\/regulamin-sklepu\/","og_locale":"pl_PL","og_type":"article","og_title":"Regulamin sklepu -","og_description":"I. Postanowienia Og\u00f3lne 1. Dobra Strefa jest obs\u0142ugiwane przez firm\u0119 DSK Services Sp. z o. o., wpisan\u0105 do rejestru przedsi\u0119biorc\u00f3w przez S\u0105d Rejonowy dla m.st. Warszawy, XII Wydzia\u0142 Gospodarczy Krajowego Rejestru S\u0105dowego pod numerem KRS 0001112910, kt\u00f3ry \u015bwiadczy us\u0142ugi polegaj\u0105ce na zapewnieniu dzieciom i grupom zorganizowanym atrakcji w postaci bawialni z sal\u0105 zabaw i warsztat\u00f3w &hellip;","og_url":"https:\/\/dobrastrefa.com\/index.php\/regulamin-sklepu\/","article_publisher":"https:\/\/www.facebook.com\/KawaZabawaWarsztaty\/","article_modified_time":"2026-01-05T15:43:16+00:00","twitter_card":"summary_large_image","twitter_misc":{"Szacowany czas czytania":"6 minut"},"schema":{"@context":"https:\/\/schema.org","@graph":[{"@type":"WebPage","@id":"https:\/\/dobrastrefa.com\/index.php\/regulamin-sklepu\/","url":"https:\/\/dobrastrefa.com\/index.php\/regulamin-sklepu\/","name":"Regulamin sklepu -","isPartOf":{"@id":"http:\/\/dobrastrefa.com\/#website"},"datePublished":"2025-07-01T14:09:57+00:00","dateModified":"2026-01-05T15:43:16+00:00","breadcrumb":{"@id":"https:\/\/dobrastrefa.com\/index.php\/regulamin-sklepu\/#breadcrumb"},"inLanguage":"pl-PL","potentialAction":[{"@type":"ReadAction","target":["https:\/\/dobrastrefa.com\/index.php\/regulamin-sklepu\/"]}]},{"@type":"BreadcrumbList","@id":"https:\/\/dobrastrefa.com\/index.php\/regulamin-sklepu\/#breadcrumb","itemListElement":[{"@type":"ListItem","position":1,"name":"Strona g\u0142\u00f3wna","item":"http:\/\/dobrastrefa.com\/"},{"@type":"ListItem","position":2,"name":"Regulamin sklepu"}]},{"@type":"WebSite","@id":"http:\/\/dobrastrefa.com\/#website","url":"http:\/\/dobrastrefa.com\/","name":"DobraStrefa.com","description":"","publisher":{"@id":"http:\/\/dobrastrefa.com\/#organization"},"potentialAction":[{"@type":"SearchAction","target":{"@type":"EntryPoint","urlTemplate":"http:\/\/dobrastrefa.com\/?s={search_term_string}"},"query-input":{"@type":"PropertyValueSpecification","valueRequired":true,"valueName":"search_term_string"}}],"inLanguage":"pl-PL"},{"@type":"Organization","@id":"http:\/\/dobrastrefa.com\/#organization","name":"Dobra Strefa","url":"http:\/\/dobrastrefa.com\/","logo":{"@type":"ImageObject","inLanguage":"pl-PL","@id":"http:\/\/dobrastrefa.com\/#\/schema\/logo\/image\/","url":"https:\/\/dobrastrefa.com\/wp-content\/uploads\/2023\/03\/cropped-Projekt-bez-tytulu51-logo-500-500.png","contentUrl":"https:\/\/dobrastrefa.com\/wp-content\/uploads\/2023\/03\/cropped-Projekt-bez-tytulu51-logo-500-500.png","width":500,"height":107,"caption":"Dobra Strefa"},"image":{"@id":"http:\/\/dobrastrefa.com\/#\/schema\/logo\/image\/"},"sameAs":["https:\/\/www.facebook.com\/KawaZabawaWarsztaty\/","https:\/\/www.instagram.com\/dobra.strefa\/"]}]}},"jetpack_sharing_enabled":true,"_links":{"self":[{"href":"https:\/\/dobrastrefa.com\/index.php\/wp-json\/wp\/v2\/pages\/1167","targetHints":{"allow":["GET"]}}],"collection":[{"href":"https:\/\/dobrastrefa.com\/index.php\/wp-json\/wp\/v2\/pages"}],"about":[{"href":"https:\/\/dobrastrefa.com\/index.php\/wp-json\/wp\/v2\/types\/page"}],"author":[{"embeddable":true,"href":"https:\/\/dobrastrefa.com\/index.php\/wp-json\/wp\/v2\/users\/1"}],"replies":[{"embeddable":true,"href":"https:\/\/dobrastrefa.com\/index.php\/wp-json\/wp\/v2\/comments?post=1167"}],"version-history":[{"count":2,"href":"https:\/\/dobrastrefa.com\/index.php\/wp-json\/wp\/v2\/pages\/1167\/revisions"}],"predecessor-version":[{"id":1214,"href":"https:\/\/dobrastrefa.com\/index.php\/wp-json\/wp\/v2\/pages\/1167\/revisions\/1214"}],"wp:attachment":[{"href":"https:\/\/dobrastrefa.com\/index.php\/wp-json\/wp\/v2\/media?parent=1167"}],"curies":[{"name":"wp","href":"https:\/\/api.w.org\/{rel}","templated":true}]}}