{"id":1171,"date":"2025-07-01T16:07:27","date_gmt":"2025-07-01T16:07:27","guid":{"rendered":"https:\/\/dobrastrefa.com\/?page_id=1171"},"modified":"2025-07-01T16:15:35","modified_gmt":"2025-07-01T16:15:35","slug":"polityka-zwrotow","status":"publish","type":"page","link":"https:\/\/dobrastrefa.com\/index.php\/polityka-zwrotow\/","title":{"rendered":"Polityka zwrot\u00f3w"},"content":{"rendered":"\n<h2 class=\"wp-block-heading\">Polityka zwrot\u00f3w \u2013 Dobra Strefa<\/h2>\n\n\n\n<h3 class=\"wp-block-heading\">Zakup bilet\u00f3w na sal\u0119 zabaw:<\/h3>\n\n\n\n<p>Zakupione bilety na wej\u015bcie i na zaj\u0119cia \/ wydarzenia do Dobrej Strefy mo\u017cna <strong>anulowa\u0107 i otrzyma\u0107 pe\u0142en zwrot<\/strong> wy\u0142\u0105cznie w przypadku zg\u0142oszenia rezygnacji <strong>z minimum 24-godzinnym wyprzedzeniem<\/strong> przed planowan\u0105 wizyt\u0105.<\/p>\n\n\n\n<p>Zwroty s\u0105 realizowane w tej samej formie, w jakiej dokonano p\u0142atno\u015bci (np. przelew, p\u0142atno\u015b\u0107 kart\u0105).<\/p>\n\n\n\n<p>Aby zg\u0142osi\u0107 ch\u0119\u0107 anulowania biletu, prosimy o kontakt mailowy na: <strong><a>kontakt@dobrastrefa.com<\/a><\/strong> lub telefoniczny: <strong>797 282 797<\/strong>.<\/p>\n\n\n\n<hr class=\"wp-block-separator has-alpha-channel-opacity\"\/>\n\n\n\n<h3 class=\"wp-block-heading\">Rezerwacja urodzin \/ wydarze\u0144 okoliczno\u015bciowych:<\/h3>\n\n\n\n<p>Rezerwacja terminu urodzin lub wydarzenia rodzinnego w Dobrej Strefie wymaga wniesienia <strong>bezzwrotnego zadatku<\/strong>.<\/p>\n\n\n\n<p>W przypadku rezygnacji z rezerwacji, zadatek <strong>nie podlega zwrotowi<\/strong>, jednak przyj\u0119cie mo\u017ce zosta\u0107 przeniesione na inny termin lub warto\u015b\u0107 zadatku mo\u017ce zosta\u0107 <strong>przeliczona na vouchery wej\u015bciowe<\/strong> do sali zabaw, kt\u00f3re mo\u017cna wykorzysta\u0107 w p\u00f3\u017aniejszym terminie \u2013 zgodnie z dost\u0119pno\u015bci\u0105 i regulaminem Dobrej Strefy.<\/p>\n\n\n\n<p>Zadatek mo\u017ce by\u0107 r\u00f3wnie\u017c przekazany innej rodzinie po wcze\u015bniejszym ustaleniu szczeg\u00f3\u0142\u00f3w z obs\u0142ug\u0105 Dobrej Strefy.<\/p>\n\n\n\n<hr class=\"wp-block-separator has-alpha-channel-opacity\"\/>\n\n\n\n<p>W przypadku pyta\u0144 lub w\u0105tpliwo\u015bci, jeste\u015bmy do Twojej dyspozycji.<br>\ud83d\udce7 <a>kontakt@dobrastrefa.com<\/a><br>\ud83d\udcde 797 282 797<\/p>\n","protected":false},"excerpt":{"rendered":"<p>Polityka zwrot\u00f3w \u2013 Dobra Strefa Zakup bilet\u00f3w na sal\u0119 zabaw: Zakupione bilety na wej\u015bcie i na zaj\u0119cia \/ wydarzenia do Dobrej Strefy mo\u017cna anulowa\u0107 i otrzyma\u0107 pe\u0142en zwrot wy\u0142\u0105cznie w przypadku zg\u0142oszenia rezygnacji z minimum 24-godzinnym wyprzedzeniem przed planowan\u0105 wizyt\u0105. Zwroty s\u0105 realizowane w tej samej formie, w jakiej dokonano p\u0142atno\u015bci (np. przelew, p\u0142atno\u015b\u0107 kart\u0105). &hellip; <\/p>\n","protected":false},"author":1,"featured_media":0,"parent":0,"menu_order":0,"comment_status":"closed","ping_status":"closed","template":"","meta":{"footnotes":""},"class_list":["post-1171","page","type-page","status-publish","hentry"],"yoast_head":"<!-- This site is optimized with the Yoast SEO plugin v25.3.1 - https:\/\/yoast.com\/wordpress\/plugins\/seo\/ -->\n<title>Polityka zwrot\u00f3w -<\/title>\n<meta name=\"robots\" content=\"index, follow, max-snippet:-1, max-image-preview:large, max-video-preview:-1\" \/>\n<link rel=\"canonical\" href=\"http:\/\/dobrastrefa.com\/index.php\/polityka-zwrotow\/\" \/>\n<meta property=\"og:locale\" content=\"pl_PL\" \/>\n<meta property=\"og:type\" content=\"article\" \/>\n<meta property=\"og:title\" content=\"Polityka zwrot\u00f3w -\" \/>\n<meta property=\"og:description\" content=\"Polityka zwrot\u00f3w \u2013 Dobra Strefa Zakup bilet\u00f3w na sal\u0119 zabaw: Zakupione bilety na wej\u015bcie i na zaj\u0119cia \/ wydarzenia do Dobrej Strefy mo\u017cna anulowa\u0107 i otrzyma\u0107 pe\u0142en zwrot wy\u0142\u0105cznie w przypadku zg\u0142oszenia rezygnacji z minimum 24-godzinnym wyprzedzeniem przed planowan\u0105 wizyt\u0105. Zwroty s\u0105 realizowane w tej samej formie, w jakiej dokonano p\u0142atno\u015bci (np. przelew, p\u0142atno\u015b\u0107 kart\u0105). &hellip;\" \/>\n<meta property=\"og:url\" content=\"http:\/\/dobrastrefa.com\/index.php\/polityka-zwrotow\/\" \/>\n<meta property=\"article:publisher\" content=\"https:\/\/www.facebook.com\/KawaZabawaWarsztaty\/\" \/>\n<meta property=\"article:modified_time\" content=\"2025-07-01T16:15:35+00:00\" \/>\n<meta name=\"twitter:card\" content=\"summary_large_image\" \/>\n<meta name=\"twitter:label1\" content=\"Szacowany czas czytania\" \/>\n\t<meta name=\"twitter:data1\" content=\"1 minuta\" \/>\n<script type=\"application\/ld+json\" class=\"yoast-schema-graph\">{\"@context\":\"https:\/\/schema.org\",\"@graph\":[{\"@type\":\"WebPage\",\"@id\":\"http:\/\/dobrastrefa.com\/index.php\/polityka-zwrotow\/\",\"url\":\"http:\/\/dobrastrefa.com\/index.php\/polityka-zwrotow\/\",\"name\":\"Polityka zwrot\u00f3w -\",\"isPartOf\":{\"@id\":\"http:\/\/dobrastrefa.com\/#website\"},\"datePublished\":\"2025-07-01T16:07:27+00:00\",\"dateModified\":\"2025-07-01T16:15:35+00:00\",\"breadcrumb\":{\"@id\":\"http:\/\/dobrastrefa.com\/index.php\/polityka-zwrotow\/#breadcrumb\"},\"inLanguage\":\"pl-PL\",\"potentialAction\":[{\"@type\":\"ReadAction\",\"target\":[\"http:\/\/dobrastrefa.com\/index.php\/polityka-zwrotow\/\"]}]},{\"@type\":\"BreadcrumbList\",\"@id\":\"http:\/\/dobrastrefa.com\/index.php\/polityka-zwrotow\/#breadcrumb\",\"itemListElement\":[{\"@type\":\"ListItem\",\"position\":1,\"name\":\"Strona g\u0142\u00f3wna\",\"item\":\"http:\/\/dobrastrefa.com\/\"},{\"@type\":\"ListItem\",\"position\":2,\"name\":\"Polityka zwrot\u00f3w\"}]},{\"@type\":\"WebSite\",\"@id\":\"http:\/\/dobrastrefa.com\/#website\",\"url\":\"http:\/\/dobrastrefa.com\/\",\"name\":\"DobraStrefa.com\",\"description\":\"\",\"publisher\":{\"@id\":\"http:\/\/dobrastrefa.com\/#organization\"},\"potentialAction\":[{\"@type\":\"SearchAction\",\"target\":{\"@type\":\"EntryPoint\",\"urlTemplate\":\"http:\/\/dobrastrefa.com\/?s={search_term_string}\"},\"query-input\":{\"@type\":\"PropertyValueSpecification\",\"valueRequired\":true,\"valueName\":\"search_term_string\"}}],\"inLanguage\":\"pl-PL\"},{\"@type\":\"Organization\",\"@id\":\"http:\/\/dobrastrefa.com\/#organization\",\"name\":\"Dobra Strefa\",\"url\":\"http:\/\/dobrastrefa.com\/\",\"logo\":{\"@type\":\"ImageObject\",\"inLanguage\":\"pl-PL\",\"@id\":\"http:\/\/dobrastrefa.com\/#\/schema\/logo\/image\/\",\"url\":\"https:\/\/dobrastrefa.com\/wp-content\/uploads\/2023\/03\/cropped-Projekt-bez-tytulu51-logo-500-500.png\",\"contentUrl\":\"https:\/\/dobrastrefa.com\/wp-content\/uploads\/2023\/03\/cropped-Projekt-bez-tytulu51-logo-500-500.png\",\"width\":500,\"height\":107,\"caption\":\"Dobra Strefa\"},\"image\":{\"@id\":\"http:\/\/dobrastrefa.com\/#\/schema\/logo\/image\/\"},\"sameAs\":[\"https:\/\/www.facebook.com\/KawaZabawaWarsztaty\/\",\"https:\/\/www.instagram.com\/dobra.strefa\/\"]}]}<\/script>\n<!-- \/ Yoast SEO plugin. -->","yoast_head_json":{"title":"Polityka zwrot\u00f3w -","robots":{"index":"index","follow":"follow","max-snippet":"max-snippet:-1","max-image-preview":"max-image-preview:large","max-video-preview":"max-video-preview:-1"},"canonical":"http:\/\/dobrastrefa.com\/index.php\/polityka-zwrotow\/","og_locale":"pl_PL","og_type":"article","og_title":"Polityka zwrot\u00f3w -","og_description":"Polityka zwrot\u00f3w \u2013 Dobra Strefa Zakup bilet\u00f3w na sal\u0119 zabaw: Zakupione bilety na wej\u015bcie i na zaj\u0119cia \/ wydarzenia do Dobrej Strefy mo\u017cna anulowa\u0107 i otrzyma\u0107 pe\u0142en zwrot wy\u0142\u0105cznie w przypadku zg\u0142oszenia rezygnacji z minimum 24-godzinnym wyprzedzeniem przed planowan\u0105 wizyt\u0105. Zwroty s\u0105 realizowane w tej samej formie, w jakiej dokonano p\u0142atno\u015bci (np. przelew, p\u0142atno\u015b\u0107 kart\u0105). &hellip;","og_url":"http:\/\/dobrastrefa.com\/index.php\/polityka-zwrotow\/","article_publisher":"https:\/\/www.facebook.com\/KawaZabawaWarsztaty\/","article_modified_time":"2025-07-01T16:15:35+00:00","twitter_card":"summary_large_image","twitter_misc":{"Szacowany czas czytania":"1 minuta"},"schema":{"@context":"https:\/\/schema.org","@graph":[{"@type":"WebPage","@id":"http:\/\/dobrastrefa.com\/index.php\/polityka-zwrotow\/","url":"http:\/\/dobrastrefa.com\/index.php\/polityka-zwrotow\/","name":"Polityka zwrot\u00f3w -","isPartOf":{"@id":"http:\/\/dobrastrefa.com\/#website"},"datePublished":"2025-07-01T16:07:27+00:00","dateModified":"2025-07-01T16:15:35+00:00","breadcrumb":{"@id":"http:\/\/dobrastrefa.com\/index.php\/polityka-zwrotow\/#breadcrumb"},"inLanguage":"pl-PL","potentialAction":[{"@type":"ReadAction","target":["http:\/\/dobrastrefa.com\/index.php\/polityka-zwrotow\/"]}]},{"@type":"BreadcrumbList","@id":"http:\/\/dobrastrefa.com\/index.php\/polityka-zwrotow\/#breadcrumb","itemListElement":[{"@type":"ListItem","position":1,"name":"Strona g\u0142\u00f3wna","item":"http:\/\/dobrastrefa.com\/"},{"@type":"ListItem","position":2,"name":"Polityka zwrot\u00f3w"}]},{"@type":"WebSite","@id":"http:\/\/dobrastrefa.com\/#website","url":"http:\/\/dobrastrefa.com\/","name":"DobraStrefa.com","description":"","publisher":{"@id":"http:\/\/dobrastrefa.com\/#organization"},"potentialAction":[{"@type":"SearchAction","target":{"@type":"EntryPoint","urlTemplate":"http:\/\/dobrastrefa.com\/?s={search_term_string}"},"query-input":{"@type":"PropertyValueSpecification","valueRequired":true,"valueName":"search_term_string"}}],"inLanguage":"pl-PL"},{"@type":"Organization","@id":"http:\/\/dobrastrefa.com\/#organization","name":"Dobra Strefa","url":"http:\/\/dobrastrefa.com\/","logo":{"@type":"ImageObject","inLanguage":"pl-PL","@id":"http:\/\/dobrastrefa.com\/#\/schema\/logo\/image\/","url":"https:\/\/dobrastrefa.com\/wp-content\/uploads\/2023\/03\/cropped-Projekt-bez-tytulu51-logo-500-500.png","contentUrl":"https:\/\/dobrastrefa.com\/wp-content\/uploads\/2023\/03\/cropped-Projekt-bez-tytulu51-logo-500-500.png","width":500,"height":107,"caption":"Dobra Strefa"},"image":{"@id":"http:\/\/dobrastrefa.com\/#\/schema\/logo\/image\/"},"sameAs":["https:\/\/www.facebook.com\/KawaZabawaWarsztaty\/","https:\/\/www.instagram.com\/dobra.strefa\/"]}]}},"jetpack_sharing_enabled":true,"_links":{"self":[{"href":"https:\/\/dobrastrefa.com\/index.php\/wp-json\/wp\/v2\/pages\/1171","targetHints":{"allow":["GET"]}}],"collection":[{"href":"https:\/\/dobrastrefa.com\/index.php\/wp-json\/wp\/v2\/pages"}],"about":[{"href":"https:\/\/dobrastrefa.com\/index.php\/wp-json\/wp\/v2\/types\/page"}],"author":[{"embeddable":true,"href":"https:\/\/dobrastrefa.com\/index.php\/wp-json\/wp\/v2\/users\/1"}],"replies":[{"embeddable":true,"href":"https:\/\/dobrastrefa.com\/index.php\/wp-json\/wp\/v2\/comments?post=1171"}],"version-history":[{"count":2,"href":"https:\/\/dobrastrefa.com\/index.php\/wp-json\/wp\/v2\/pages\/1171\/revisions"}],"predecessor-version":[{"id":1173,"href":"https:\/\/dobrastrefa.com\/index.php\/wp-json\/wp\/v2\/pages\/1171\/revisions\/1173"}],"wp:attachment":[{"href":"https:\/\/dobrastrefa.com\/index.php\/wp-json\/wp\/v2\/media?parent=1171"}],"curies":[{"name":"wp","href":"https:\/\/api.w.org\/{rel}","templated":true}]}}