{"id":119,"date":"2023-03-05T13:16:38","date_gmt":"2023-03-05T13:16:38","guid":{"rendered":"http:\/\/dobrastrefa.com\/?page_id=119"},"modified":"2024-01-14T14:53:25","modified_gmt":"2024-01-14T14:53:25","slug":"wejscia-indywidualne","status":"publish","type":"page","link":"https:\/\/dobrastrefa.com\/index.php\/sala-zabaw-urodzinki-bemowo\/wejscia-indywidualne\/","title":{"rendered":"Wej\u015bcia Indywidualne"},"content":{"rendered":"\n<p class=\"has-text-align-center\">Naszych Go\u015bci zapraszamy do zabawy w Strefie Zabaw w godzinach od 10:00 &#8211; do 20:00 <\/p>\n\n\n\n<p><\/p>\n\n\n\n<h2 class=\"wp-block-heading has-text-align-center\">Cennik<\/h2>\n\n\n\n<figure class=\"wp-block-table\"><table><tbody><tr><td class=\"has-text-align-center\" data-align=\"center\"><\/td><td class=\"has-text-align-center\" data-align=\"center\">poniedzia\u0142ek &#8211; pi\u0105tek<\/td><td class=\"has-text-align-center\" data-align=\"center\">sobota, niedziela, dni \u015bwi\u0105teczne<\/td><\/tr><tr><td class=\"has-text-align-center\" data-align=\"center\">2 godziny zabawy<\/td><td class=\"has-text-align-center\" data-align=\"center\">23 z\u0142<\/td><td class=\"has-text-align-center\" data-align=\"center\">33 z\u0142<\/td><\/tr><tr><td class=\"has-text-align-center\" data-align=\"center\">ca\u0142y dzie\u0144<\/td><td class=\"has-text-align-center\" data-align=\"center\">35 z\u0142<\/td><td class=\"has-text-align-center\" data-align=\"center\">45 z\u0142<\/td><\/tr><\/tbody><\/table><\/figure>\n\n\n\n<h2 class=\"wp-block-heading has-text-align-center\">Zni\u017cki<\/h2>\n\n\n\n<p>Sami jeste\u015bmy Du\u017c\u0105 Rodzin\u0105 i ch\u0119tnie go\u015bcimy Du\u017ce Rodziny u siebie \ud83d\ude42 Dzieci z <strong>Kart\u0105 Du\u017cej Rodziny <\/strong>mog\u0105 skorzysta\u0107 z 10% zni\u017cki na wej\u015bcia indywidualne. Aby m\u00f3c skorzysta\u0107 z tej opcji prosimy o okazanie imiennej karty dziecka i poinformowanie personelu <span style=\"text-decoration: underline;\">przed<\/span> zakupem biletu i wystawieniem paragonu.<\/p>\n\n\n\n<h2 class=\"wp-block-heading has-text-align-center\">Karta Sta\u0142ego Klienta<\/h2>\n\n\n\n<p>A gdyby tak&#8230; a gdyby tak czasem pobawi\u0107 si\u0119 za darmo? <\/p>\n\n\n\n<p>Ale\u017c tak! To \u015bwietny pomys\u0142! Dla cz\u0119sto odwiedzaj\u0105cych nas Go\u015bci przygotowali\u015bmy Kart\u0119 Lojalno\u015bciow\u0105 \ud83d\ude42<\/p>\n\n\n\n<p>Chcesz z niej skorzysta\u0107? <\/p>\n\n\n\n<p>1. Powiadom personel, o tym, \u017ce chcia\u0142by\u015b posiada\u0107 nasz\u0105 kart\u0119 lojalno\u015bciow\u0105.<br>2. Wype\u0142nij formularz zg\u0142oszeniowy i zapoznaj si\u0119 z regulaminem programu &#8211; dost\u0119pny na Recepcji.<br>3. Odbierz kart\u0119.<br>4. Przy ka\u017cdorazowym zakupie biletu poka\u017c kart\u0119 i zbieraj piecz\u0105tki.<br>5. Odbierz i wykorzystaj Nagrody \ud83d\ude42<\/p>\n\n\n\n<figure class=\"wp-block-image size-large\"><img fetchpriority=\"high\" decoding=\"async\" width=\"1024\" height=\"410\" src=\"http:\/\/dobrastrefa.com\/wp-content\/uploads\/2023\/03\/Zdjecia-na-strone-karta-stalegoo-Klienta-20008008-1024x410.png\" alt=\"\" class=\"wp-image-71\" srcset=\"https:\/\/dobrastrefa.com\/wp-content\/uploads\/2023\/03\/Zdjecia-na-strone-karta-stalegoo-Klienta-20008008-1024x410.png 1024w, https:\/\/dobrastrefa.com\/wp-content\/uploads\/2023\/03\/Zdjecia-na-strone-karta-stalegoo-Klienta-20008008-600x240.png 600w, https:\/\/dobrastrefa.com\/wp-content\/uploads\/2023\/03\/Zdjecia-na-strone-karta-stalegoo-Klienta-20008008-300x120.png 300w, https:\/\/dobrastrefa.com\/wp-content\/uploads\/2023\/03\/Zdjecia-na-strone-karta-stalegoo-Klienta-20008008-768x307.png 768w, https:\/\/dobrastrefa.com\/wp-content\/uploads\/2023\/03\/Zdjecia-na-strone-karta-stalegoo-Klienta-20008008-1536x614.png 1536w, https:\/\/dobrastrefa.com\/wp-content\/uploads\/2023\/03\/Zdjecia-na-strone-karta-stalegoo-Klienta-20008008.png 2000w\" sizes=\"(max-width: 1024px) 100vw, 1024px\" \/><\/figure>\n","protected":false},"excerpt":{"rendered":"<p>Naszych Go\u015bci zapraszamy do zabawy w Strefie Zabaw w godzinach od 10:00 &#8211; do 20:00 Cennik poniedzia\u0142ek &#8211; pi\u0105tek sobota, niedziela, dni \u015bwi\u0105teczne 2 godziny zabawy 23 z\u0142 33 z\u0142 ca\u0142y dzie\u0144 35 z\u0142 45 z\u0142 Zni\u017cki Sami jeste\u015bmy Du\u017c\u0105 Rodzin\u0105 i ch\u0119tnie go\u015bcimy Du\u017ce Rodziny u siebie \ud83d\ude42 Dzieci z Kart\u0105 Du\u017cej Rodziny mog\u0105 &hellip; <\/p>\n","protected":false},"author":1,"featured_media":70,"parent":2,"menu_order":0,"comment_status":"closed","ping_status":"closed","template":"","meta":{"footnotes":""},"class_list":["post-119","page","type-page","status-publish","has-post-thumbnail","hentry"],"yoast_head":"<!-- This site is optimized with the Yoast SEO plugin v25.3.1 - https:\/\/yoast.com\/wordpress\/plugins\/seo\/ -->\n<title>Wej\u015bcia Indywidualne -<\/title>\n<meta name=\"robots\" content=\"index, follow, max-snippet:-1, max-image-preview:large, max-video-preview:-1\" \/>\n<link rel=\"canonical\" href=\"http:\/\/dobrastrefa.com\/index.php\/sala-zabaw-urodzinki-bemowo\/wejscia-indywidualne\/\" \/>\n<meta property=\"og:locale\" content=\"pl_PL\" \/>\n<meta property=\"og:type\" content=\"article\" \/>\n<meta property=\"og:title\" content=\"Wej\u015bcia Indywidualne -\" \/>\n<meta property=\"og:description\" content=\"Naszych Go\u015bci zapraszamy do zabawy w Strefie Zabaw w godzinach od 10:00 &#8211; do 20:00 Cennik poniedzia\u0142ek &#8211; pi\u0105tek sobota, niedziela, dni \u015bwi\u0105teczne 2 godziny zabawy 23 z\u0142 33 z\u0142 ca\u0142y dzie\u0144 35 z\u0142 45 z\u0142 Zni\u017cki Sami jeste\u015bmy Du\u017c\u0105 Rodzin\u0105 i ch\u0119tnie go\u015bcimy Du\u017ce Rodziny u siebie \ud83d\ude42 Dzieci z Kart\u0105 Du\u017cej Rodziny mog\u0105 &hellip;\" \/>\n<meta property=\"og:url\" content=\"http:\/\/dobrastrefa.com\/index.php\/sala-zabaw-urodzinki-bemowo\/wejscia-indywidualne\/\" \/>\n<meta property=\"article:publisher\" content=\"https:\/\/www.facebook.com\/KawaZabawaWarsztaty\/\" \/>\n<meta property=\"article:modified_time\" content=\"2024-01-14T14:53:25+00:00\" \/>\n<meta property=\"og:image\" content=\"http:\/\/dobrastrefa.com\/wp-content\/uploads\/2023\/03\/Zdjecia-na-strone-kulki-20008007-1024x410.png\" \/>\n\t<meta property=\"og:image:width\" content=\"1024\" \/>\n\t<meta property=\"og:image:height\" content=\"410\" \/>\n\t<meta property=\"og:image:type\" content=\"image\/png\" \/>\n<meta name=\"twitter:card\" content=\"summary_large_image\" \/>\n<meta name=\"twitter:label1\" content=\"Szacowany czas czytania\" \/>\n\t<meta name=\"twitter:data1\" content=\"2 minuty\" \/>\n<script type=\"application\/ld+json\" class=\"yoast-schema-graph\">{\"@context\":\"https:\/\/schema.org\",\"@graph\":[{\"@type\":\"WebPage\",\"@id\":\"http:\/\/dobrastrefa.com\/index.php\/sala-zabaw-urodzinki-bemowo\/wejscia-indywidualne\/\",\"url\":\"http:\/\/dobrastrefa.com\/index.php\/sala-zabaw-urodzinki-bemowo\/wejscia-indywidualne\/\",\"name\":\"Wej\u015bcia Indywidualne -\",\"isPartOf\":{\"@id\":\"http:\/\/dobrastrefa.com\/#website\"},\"primaryImageOfPage\":{\"@id\":\"http:\/\/dobrastrefa.com\/index.php\/sala-zabaw-urodzinki-bemowo\/wejscia-indywidualne\/#primaryimage\"},\"image\":{\"@id\":\"http:\/\/dobrastrefa.com\/index.php\/sala-zabaw-urodzinki-bemowo\/wejscia-indywidualne\/#primaryimage\"},\"thumbnailUrl\":\"https:\/\/dobrastrefa.com\/wp-content\/uploads\/2023\/03\/Zdjecia-na-strone-kulki-20008007.png\",\"datePublished\":\"2023-03-05T13:16:38+00:00\",\"dateModified\":\"2024-01-14T14:53:25+00:00\",\"breadcrumb\":{\"@id\":\"http:\/\/dobrastrefa.com\/index.php\/sala-zabaw-urodzinki-bemowo\/wejscia-indywidualne\/#breadcrumb\"},\"inLanguage\":\"pl-PL\",\"potentialAction\":[{\"@type\":\"ReadAction\",\"target\":[\"http:\/\/dobrastrefa.com\/index.php\/sala-zabaw-urodzinki-bemowo\/wejscia-indywidualne\/\"]}]},{\"@type\":\"ImageObject\",\"inLanguage\":\"pl-PL\",\"@id\":\"http:\/\/dobrastrefa.com\/index.php\/sala-zabaw-urodzinki-bemowo\/wejscia-indywidualne\/#primaryimage\",\"url\":\"https:\/\/dobrastrefa.com\/wp-content\/uploads\/2023\/03\/Zdjecia-na-strone-kulki-20008007.png\",\"contentUrl\":\"https:\/\/dobrastrefa.com\/wp-content\/uploads\/2023\/03\/Zdjecia-na-strone-kulki-20008007.png\",\"width\":2000,\"height\":800},{\"@type\":\"BreadcrumbList\",\"@id\":\"http:\/\/dobrastrefa.com\/index.php\/sala-zabaw-urodzinki-bemowo\/wejscia-indywidualne\/#breadcrumb\",\"itemListElement\":[{\"@type\":\"ListItem\",\"position\":1,\"name\":\"Strona g\u0142\u00f3wna\",\"item\":\"http:\/\/dobrastrefa.com\/\"},{\"@type\":\"ListItem\",\"position\":2,\"name\":\"Sala Zabaw &#8211; Urodzinki &#8211; Bemowo\",\"item\":\"https:\/\/dobrastrefa.com\/index.php\/sala-zabaw-urodzinki-bemowo\/\"},{\"@type\":\"ListItem\",\"position\":3,\"name\":\"Wej\u015bcia Indywidualne\"}]},{\"@type\":\"WebSite\",\"@id\":\"http:\/\/dobrastrefa.com\/#website\",\"url\":\"http:\/\/dobrastrefa.com\/\",\"name\":\"DobraStrefa.com\",\"description\":\"\",\"publisher\":{\"@id\":\"http:\/\/dobrastrefa.com\/#organization\"},\"potentialAction\":[{\"@type\":\"SearchAction\",\"target\":{\"@type\":\"EntryPoint\",\"urlTemplate\":\"http:\/\/dobrastrefa.com\/?s={search_term_string}\"},\"query-input\":{\"@type\":\"PropertyValueSpecification\",\"valueRequired\":true,\"valueName\":\"search_term_string\"}}],\"inLanguage\":\"pl-PL\"},{\"@type\":\"Organization\",\"@id\":\"http:\/\/dobrastrefa.com\/#organization\",\"name\":\"Dobra Strefa\",\"url\":\"http:\/\/dobrastrefa.com\/\",\"logo\":{\"@type\":\"ImageObject\",\"inLanguage\":\"pl-PL\",\"@id\":\"http:\/\/dobrastrefa.com\/#\/schema\/logo\/image\/\",\"url\":\"https:\/\/dobrastrefa.com\/wp-content\/uploads\/2023\/03\/cropped-Projekt-bez-tytulu51-logo-500-500.png\",\"contentUrl\":\"https:\/\/dobrastrefa.com\/wp-content\/uploads\/2023\/03\/cropped-Projekt-bez-tytulu51-logo-500-500.png\",\"width\":500,\"height\":107,\"caption\":\"Dobra Strefa\"},\"image\":{\"@id\":\"http:\/\/dobrastrefa.com\/#\/schema\/logo\/image\/\"},\"sameAs\":[\"https:\/\/www.facebook.com\/KawaZabawaWarsztaty\/\",\"https:\/\/www.instagram.com\/dobra.strefa\/\"]}]}<\/script>\n<!-- \/ Yoast SEO plugin. -->","yoast_head_json":{"title":"Wej\u015bcia Indywidualne -","robots":{"index":"index","follow":"follow","max-snippet":"max-snippet:-1","max-image-preview":"max-image-preview:large","max-video-preview":"max-video-preview:-1"},"canonical":"http:\/\/dobrastrefa.com\/index.php\/sala-zabaw-urodzinki-bemowo\/wejscia-indywidualne\/","og_locale":"pl_PL","og_type":"article","og_title":"Wej\u015bcia Indywidualne -","og_description":"Naszych Go\u015bci zapraszamy do zabawy w Strefie Zabaw w godzinach od 10:00 &#8211; do 20:00 Cennik poniedzia\u0142ek &#8211; pi\u0105tek sobota, niedziela, dni \u015bwi\u0105teczne 2 godziny zabawy 23 z\u0142 33 z\u0142 ca\u0142y dzie\u0144 35 z\u0142 45 z\u0142 Zni\u017cki Sami jeste\u015bmy Du\u017c\u0105 Rodzin\u0105 i ch\u0119tnie go\u015bcimy Du\u017ce Rodziny u siebie \ud83d\ude42 Dzieci z Kart\u0105 Du\u017cej Rodziny mog\u0105 &hellip;","og_url":"http:\/\/dobrastrefa.com\/index.php\/sala-zabaw-urodzinki-bemowo\/wejscia-indywidualne\/","article_publisher":"https:\/\/www.facebook.com\/KawaZabawaWarsztaty\/","article_modified_time":"2024-01-14T14:53:25+00:00","og_image":[{"width":1024,"height":410,"url":"http:\/\/dobrastrefa.com\/wp-content\/uploads\/2023\/03\/Zdjecia-na-strone-kulki-20008007-1024x410.png","type":"image\/png"}],"twitter_card":"summary_large_image","twitter_misc":{"Szacowany czas czytania":"2 minuty"},"schema":{"@context":"https:\/\/schema.org","@graph":[{"@type":"WebPage","@id":"http:\/\/dobrastrefa.com\/index.php\/sala-zabaw-urodzinki-bemowo\/wejscia-indywidualne\/","url":"http:\/\/dobrastrefa.com\/index.php\/sala-zabaw-urodzinki-bemowo\/wejscia-indywidualne\/","name":"Wej\u015bcia Indywidualne -","isPartOf":{"@id":"http:\/\/dobrastrefa.com\/#website"},"primaryImageOfPage":{"@id":"http:\/\/dobrastrefa.com\/index.php\/sala-zabaw-urodzinki-bemowo\/wejscia-indywidualne\/#primaryimage"},"image":{"@id":"http:\/\/dobrastrefa.com\/index.php\/sala-zabaw-urodzinki-bemowo\/wejscia-indywidualne\/#primaryimage"},"thumbnailUrl":"https:\/\/dobrastrefa.com\/wp-content\/uploads\/2023\/03\/Zdjecia-na-strone-kulki-20008007.png","datePublished":"2023-03-05T13:16:38+00:00","dateModified":"2024-01-14T14:53:25+00:00","breadcrumb":{"@id":"http:\/\/dobrastrefa.com\/index.php\/sala-zabaw-urodzinki-bemowo\/wejscia-indywidualne\/#breadcrumb"},"inLanguage":"pl-PL","potentialAction":[{"@type":"ReadAction","target":["http:\/\/dobrastrefa.com\/index.php\/sala-zabaw-urodzinki-bemowo\/wejscia-indywidualne\/"]}]},{"@type":"ImageObject","inLanguage":"pl-PL","@id":"http:\/\/dobrastrefa.com\/index.php\/sala-zabaw-urodzinki-bemowo\/wejscia-indywidualne\/#primaryimage","url":"https:\/\/dobrastrefa.com\/wp-content\/uploads\/2023\/03\/Zdjecia-na-strone-kulki-20008007.png","contentUrl":"https:\/\/dobrastrefa.com\/wp-content\/uploads\/2023\/03\/Zdjecia-na-strone-kulki-20008007.png","width":2000,"height":800},{"@type":"BreadcrumbList","@id":"http:\/\/dobrastrefa.com\/index.php\/sala-zabaw-urodzinki-bemowo\/wejscia-indywidualne\/#breadcrumb","itemListElement":[{"@type":"ListItem","position":1,"name":"Strona g\u0142\u00f3wna","item":"http:\/\/dobrastrefa.com\/"},{"@type":"ListItem","position":2,"name":"Sala Zabaw &#8211; Urodzinki &#8211; Bemowo","item":"https:\/\/dobrastrefa.com\/index.php\/sala-zabaw-urodzinki-bemowo\/"},{"@type":"ListItem","position":3,"name":"Wej\u015bcia Indywidualne"}]},{"@type":"WebSite","@id":"http:\/\/dobrastrefa.com\/#website","url":"http:\/\/dobrastrefa.com\/","name":"DobraStrefa.com","description":"","publisher":{"@id":"http:\/\/dobrastrefa.com\/#organization"},"potentialAction":[{"@type":"SearchAction","target":{"@type":"EntryPoint","urlTemplate":"http:\/\/dobrastrefa.com\/?s={search_term_string}"},"query-input":{"@type":"PropertyValueSpecification","valueRequired":true,"valueName":"search_term_string"}}],"inLanguage":"pl-PL"},{"@type":"Organization","@id":"http:\/\/dobrastrefa.com\/#organization","name":"Dobra Strefa","url":"http:\/\/dobrastrefa.com\/","logo":{"@type":"ImageObject","inLanguage":"pl-PL","@id":"http:\/\/dobrastrefa.com\/#\/schema\/logo\/image\/","url":"https:\/\/dobrastrefa.com\/wp-content\/uploads\/2023\/03\/cropped-Projekt-bez-tytulu51-logo-500-500.png","contentUrl":"https:\/\/dobrastrefa.com\/wp-content\/uploads\/2023\/03\/cropped-Projekt-bez-tytulu51-logo-500-500.png","width":500,"height":107,"caption":"Dobra Strefa"},"image":{"@id":"http:\/\/dobrastrefa.com\/#\/schema\/logo\/image\/"},"sameAs":["https:\/\/www.facebook.com\/KawaZabawaWarsztaty\/","https:\/\/www.instagram.com\/dobra.strefa\/"]}]}},"jetpack_sharing_enabled":true,"_links":{"self":[{"href":"https:\/\/dobrastrefa.com\/index.php\/wp-json\/wp\/v2\/pages\/119","targetHints":{"allow":["GET"]}}],"collection":[{"href":"https:\/\/dobrastrefa.com\/index.php\/wp-json\/wp\/v2\/pages"}],"about":[{"href":"https:\/\/dobrastrefa.com\/index.php\/wp-json\/wp\/v2\/types\/page"}],"author":[{"embeddable":true,"href":"https:\/\/dobrastrefa.com\/index.php\/wp-json\/wp\/v2\/users\/1"}],"replies":[{"embeddable":true,"href":"https:\/\/dobrastrefa.com\/index.php\/wp-json\/wp\/v2\/comments?post=119"}],"version-history":[{"count":6,"href":"https:\/\/dobrastrefa.com\/index.php\/wp-json\/wp\/v2\/pages\/119\/revisions"}],"predecessor-version":[{"id":778,"href":"https:\/\/dobrastrefa.com\/index.php\/wp-json\/wp\/v2\/pages\/119\/revisions\/778"}],"up":[{"embeddable":true,"href":"https:\/\/dobrastrefa.com\/index.php\/wp-json\/wp\/v2\/pages\/2"}],"wp:featuredmedia":[{"embeddable":true,"href":"https:\/\/dobrastrefa.com\/index.php\/wp-json\/wp\/v2\/media\/70"}],"wp:attachment":[{"href":"https:\/\/dobrastrefa.com\/index.php\/wp-json\/wp\/v2\/media?parent=119"}],"curies":[{"name":"wp","href":"https:\/\/api.w.org\/{rel}","templated":true}]}}