{"id":12,"date":"2023-03-03T21:43:16","date_gmt":"2023-03-03T21:43:16","guid":{"rendered":"http:\/\/dobrastrefa.com\/?page_id=12"},"modified":"2024-01-25T11:10:17","modified_gmt":"2024-01-25T11:10:17","slug":"strona-glowna","status":"publish","type":"page","link":"https:\/\/dobrastrefa.com\/","title":{"rendered":"Dobra Strefa"},"content":{"rendered":"\n<p>Dobra Strefa to Sala Zabaw z Kawiarni\u0105, gdzie zorganizujesz urodziny, przyj\u0119cia okoliczno\u015bciowe &#8211; chrzty, komunie, jubileusze. Tu wspaniale sp\u0119dzisz czas z Najbli\u017cszymi.<\/p>\n\n\n\n<p>Nasze Media spo\u0142eczno\u015bciowe <\/p>\n\n\n\n<p><\/p>\n","protected":false},"excerpt":{"rendered":"<p>Dobra Strefa to Sala Zabaw z Kawiarni\u0105, gdzie zorganizujesz urodziny, przyj\u0119cia okoliczno\u015bciowe &#8211; chrzty, komunie, jubileusze. Tu wspaniale sp\u0119dzisz czas z Najbli\u017cszymi. Nasze Media spo\u0142eczno\u015bciowe<\/p>\n","protected":false},"author":1,"featured_media":699,"parent":0,"menu_order":0,"comment_status":"closed","ping_status":"closed","template":"","meta":{"footnotes":""},"class_list":["post-12","page","type-page","status-publish","has-post-thumbnail","hentry"],"yoast_head":"<!-- This site is optimized with the Yoast SEO plugin v25.3.1 - https:\/\/yoast.com\/wordpress\/plugins\/seo\/ -->\n<title>Dobra Strefa -<\/title>\n<meta name=\"description\" content=\"Dobra Strefa to Sala Zabaw z Kawiarni\u0105, gdzie zorganizujesz urodziny, przyj\u0119cia okoliczno\u015bciowe chrzty, komunie, jubileusze. Zaj\u0119cia dodatkowe\" \/>\n<meta name=\"robots\" content=\"index, follow, max-snippet:-1, max-image-preview:large, max-video-preview:-1\" \/>\n<link rel=\"canonical\" href=\"http:\/\/dobrastrefa.com\/\" \/>\n<meta property=\"og:locale\" content=\"pl_PL\" \/>\n<meta property=\"og:type\" content=\"article\" \/>\n<meta property=\"og:title\" content=\"Dobra Strefa -\" \/>\n<meta property=\"og:description\" content=\"Dobra Strefa to Sala Zabaw z Kawiarni\u0105, gdzie zorganizujesz urodziny, przyj\u0119cia okoliczno\u015bciowe chrzty, komunie, jubileusze. Zaj\u0119cia dodatkowe\" \/>\n<meta property=\"og:url\" content=\"http:\/\/dobrastrefa.com\/\" \/>\n<meta property=\"article:publisher\" content=\"https:\/\/www.facebook.com\/KawaZabawaWarsztaty\/\" \/>\n<meta property=\"article:modified_time\" content=\"2024-01-25T11:10:17+00:00\" \/>\n<meta property=\"og:image\" content=\"http:\/\/dobrastrefa.com\/wp-content\/uploads\/2023\/08\/cropped-Pomaranczowe-Jesien-Cytat-Facebook-Zdjecie-w-Tle1.jpg\" \/>\n\t<meta property=\"og:image:width\" content=\"1920\" \/>\n\t<meta property=\"og:image:height\" content=\"806\" \/>\n\t<meta property=\"og:image:type\" content=\"image\/jpeg\" \/>\n<meta name=\"twitter:card\" content=\"summary_large_image\" \/>\n<meta name=\"twitter:label1\" content=\"Szacowany czas czytania\" \/>\n\t<meta name=\"twitter:data1\" content=\"1 minuta\" \/>\n<script type=\"application\/ld+json\" class=\"yoast-schema-graph\">{\"@context\":\"https:\/\/schema.org\",\"@graph\":[{\"@type\":\"WebPage\",\"@id\":\"http:\/\/dobrastrefa.com\/\",\"url\":\"http:\/\/dobrastrefa.com\/\",\"name\":\"Dobra Strefa -\",\"isPartOf\":{\"@id\":\"http:\/\/dobrastrefa.com\/#website\"},\"primaryImageOfPage\":{\"@id\":\"http:\/\/dobrastrefa.com\/#primaryimage\"},\"image\":{\"@id\":\"http:\/\/dobrastrefa.com\/#primaryimage\"},\"thumbnailUrl\":\"https:\/\/dobrastrefa.com\/wp-content\/uploads\/2023\/08\/cropped-Pomaranczowe-Jesien-Cytat-Facebook-Zdjecie-w-Tle1.jpg\",\"datePublished\":\"2023-03-03T21:43:16+00:00\",\"dateModified\":\"2024-01-25T11:10:17+00:00\",\"description\":\"Dobra Strefa to Sala Zabaw z Kawiarni\u0105, gdzie zorganizujesz urodziny, przyj\u0119cia okoliczno\u015bciowe chrzty, komunie, jubileusze. Zaj\u0119cia dodatkowe\",\"breadcrumb\":{\"@id\":\"http:\/\/dobrastrefa.com\/#breadcrumb\"},\"inLanguage\":\"pl-PL\",\"potentialAction\":[{\"@type\":\"ReadAction\",\"target\":[\"http:\/\/dobrastrefa.com\/\"]}]},{\"@type\":\"ImageObject\",\"inLanguage\":\"pl-PL\",\"@id\":\"http:\/\/dobrastrefa.com\/#primaryimage\",\"url\":\"https:\/\/dobrastrefa.com\/wp-content\/uploads\/2023\/08\/cropped-Pomaranczowe-Jesien-Cytat-Facebook-Zdjecie-w-Tle1.jpg\",\"contentUrl\":\"https:\/\/dobrastrefa.com\/wp-content\/uploads\/2023\/08\/cropped-Pomaranczowe-Jesien-Cytat-Facebook-Zdjecie-w-Tle1.jpg\",\"width\":1920,\"height\":806},{\"@type\":\"BreadcrumbList\",\"@id\":\"http:\/\/dobrastrefa.com\/#breadcrumb\",\"itemListElement\":[{\"@type\":\"ListItem\",\"position\":1,\"name\":\"Strona g\u0142\u00f3wna\",\"item\":\"http:\/\/dobrastrefa.com\/\"},{\"@type\":\"ListItem\",\"position\":2,\"name\":\"Dobra Strefa\"}]},{\"@type\":\"WebSite\",\"@id\":\"http:\/\/dobrastrefa.com\/#website\",\"url\":\"http:\/\/dobrastrefa.com\/\",\"name\":\"DobraStrefa.com\",\"description\":\"\",\"publisher\":{\"@id\":\"http:\/\/dobrastrefa.com\/#organization\"},\"potentialAction\":[{\"@type\":\"SearchAction\",\"target\":{\"@type\":\"EntryPoint\",\"urlTemplate\":\"http:\/\/dobrastrefa.com\/?s={search_term_string}\"},\"query-input\":{\"@type\":\"PropertyValueSpecification\",\"valueRequired\":true,\"valueName\":\"search_term_string\"}}],\"inLanguage\":\"pl-PL\"},{\"@type\":\"Organization\",\"@id\":\"http:\/\/dobrastrefa.com\/#organization\",\"name\":\"Dobra Strefa\",\"url\":\"http:\/\/dobrastrefa.com\/\",\"logo\":{\"@type\":\"ImageObject\",\"inLanguage\":\"pl-PL\",\"@id\":\"http:\/\/dobrastrefa.com\/#\/schema\/logo\/image\/\",\"url\":\"https:\/\/dobrastrefa.com\/wp-content\/uploads\/2023\/03\/cropped-Projekt-bez-tytulu51-logo-500-500.png\",\"contentUrl\":\"https:\/\/dobrastrefa.com\/wp-content\/uploads\/2023\/03\/cropped-Projekt-bez-tytulu51-logo-500-500.png\",\"width\":500,\"height\":107,\"caption\":\"Dobra Strefa\"},\"image\":{\"@id\":\"http:\/\/dobrastrefa.com\/#\/schema\/logo\/image\/\"},\"sameAs\":[\"https:\/\/www.facebook.com\/KawaZabawaWarsztaty\/\",\"https:\/\/www.instagram.com\/dobra.strefa\/\"]}]}<\/script>\n<!-- \/ Yoast SEO plugin. -->","yoast_head_json":{"title":"Dobra Strefa -","description":"Dobra Strefa to Sala Zabaw z Kawiarni\u0105, gdzie zorganizujesz urodziny, przyj\u0119cia okoliczno\u015bciowe chrzty, komunie, jubileusze. Zaj\u0119cia dodatkowe","robots":{"index":"index","follow":"follow","max-snippet":"max-snippet:-1","max-image-preview":"max-image-preview:large","max-video-preview":"max-video-preview:-1"},"canonical":"http:\/\/dobrastrefa.com\/","og_locale":"pl_PL","og_type":"article","og_title":"Dobra Strefa -","og_description":"Dobra Strefa to Sala Zabaw z Kawiarni\u0105, gdzie zorganizujesz urodziny, przyj\u0119cia okoliczno\u015bciowe chrzty, komunie, jubileusze. Zaj\u0119cia dodatkowe","og_url":"http:\/\/dobrastrefa.com\/","article_publisher":"https:\/\/www.facebook.com\/KawaZabawaWarsztaty\/","article_modified_time":"2024-01-25T11:10:17+00:00","og_image":[{"width":1920,"height":806,"url":"http:\/\/dobrastrefa.com\/wp-content\/uploads\/2023\/08\/cropped-Pomaranczowe-Jesien-Cytat-Facebook-Zdjecie-w-Tle1.jpg","type":"image\/jpeg"}],"twitter_card":"summary_large_image","twitter_misc":{"Szacowany czas czytania":"1 minuta"},"schema":{"@context":"https:\/\/schema.org","@graph":[{"@type":"WebPage","@id":"http:\/\/dobrastrefa.com\/","url":"http:\/\/dobrastrefa.com\/","name":"Dobra Strefa -","isPartOf":{"@id":"http:\/\/dobrastrefa.com\/#website"},"primaryImageOfPage":{"@id":"http:\/\/dobrastrefa.com\/#primaryimage"},"image":{"@id":"http:\/\/dobrastrefa.com\/#primaryimage"},"thumbnailUrl":"https:\/\/dobrastrefa.com\/wp-content\/uploads\/2023\/08\/cropped-Pomaranczowe-Jesien-Cytat-Facebook-Zdjecie-w-Tle1.jpg","datePublished":"2023-03-03T21:43:16+00:00","dateModified":"2024-01-25T11:10:17+00:00","description":"Dobra Strefa to Sala Zabaw z Kawiarni\u0105, gdzie zorganizujesz urodziny, przyj\u0119cia okoliczno\u015bciowe chrzty, komunie, jubileusze. Zaj\u0119cia dodatkowe","breadcrumb":{"@id":"http:\/\/dobrastrefa.com\/#breadcrumb"},"inLanguage":"pl-PL","potentialAction":[{"@type":"ReadAction","target":["http:\/\/dobrastrefa.com\/"]}]},{"@type":"ImageObject","inLanguage":"pl-PL","@id":"http:\/\/dobrastrefa.com\/#primaryimage","url":"https:\/\/dobrastrefa.com\/wp-content\/uploads\/2023\/08\/cropped-Pomaranczowe-Jesien-Cytat-Facebook-Zdjecie-w-Tle1.jpg","contentUrl":"https:\/\/dobrastrefa.com\/wp-content\/uploads\/2023\/08\/cropped-Pomaranczowe-Jesien-Cytat-Facebook-Zdjecie-w-Tle1.jpg","width":1920,"height":806},{"@type":"BreadcrumbList","@id":"http:\/\/dobrastrefa.com\/#breadcrumb","itemListElement":[{"@type":"ListItem","position":1,"name":"Strona g\u0142\u00f3wna","item":"http:\/\/dobrastrefa.com\/"},{"@type":"ListItem","position":2,"name":"Dobra Strefa"}]},{"@type":"WebSite","@id":"http:\/\/dobrastrefa.com\/#website","url":"http:\/\/dobrastrefa.com\/","name":"DobraStrefa.com","description":"","publisher":{"@id":"http:\/\/dobrastrefa.com\/#organization"},"potentialAction":[{"@type":"SearchAction","target":{"@type":"EntryPoint","urlTemplate":"http:\/\/dobrastrefa.com\/?s={search_term_string}"},"query-input":{"@type":"PropertyValueSpecification","valueRequired":true,"valueName":"search_term_string"}}],"inLanguage":"pl-PL"},{"@type":"Organization","@id":"http:\/\/dobrastrefa.com\/#organization","name":"Dobra Strefa","url":"http:\/\/dobrastrefa.com\/","logo":{"@type":"ImageObject","inLanguage":"pl-PL","@id":"http:\/\/dobrastrefa.com\/#\/schema\/logo\/image\/","url":"https:\/\/dobrastrefa.com\/wp-content\/uploads\/2023\/03\/cropped-Projekt-bez-tytulu51-logo-500-500.png","contentUrl":"https:\/\/dobrastrefa.com\/wp-content\/uploads\/2023\/03\/cropped-Projekt-bez-tytulu51-logo-500-500.png","width":500,"height":107,"caption":"Dobra Strefa"},"image":{"@id":"http:\/\/dobrastrefa.com\/#\/schema\/logo\/image\/"},"sameAs":["https:\/\/www.facebook.com\/KawaZabawaWarsztaty\/","https:\/\/www.instagram.com\/dobra.strefa\/"]}]}},"jetpack_sharing_enabled":true,"_links":{"self":[{"href":"https:\/\/dobrastrefa.com\/index.php\/wp-json\/wp\/v2\/pages\/12","targetHints":{"allow":["GET"]}}],"collection":[{"href":"https:\/\/dobrastrefa.com\/index.php\/wp-json\/wp\/v2\/pages"}],"about":[{"href":"https:\/\/dobrastrefa.com\/index.php\/wp-json\/wp\/v2\/types\/page"}],"author":[{"embeddable":true,"href":"https:\/\/dobrastrefa.com\/index.php\/wp-json\/wp\/v2\/users\/1"}],"replies":[{"embeddable":true,"href":"https:\/\/dobrastrefa.com\/index.php\/wp-json\/wp\/v2\/comments?post=12"}],"version-history":[{"count":9,"href":"https:\/\/dobrastrefa.com\/index.php\/wp-json\/wp\/v2\/pages\/12\/revisions"}],"predecessor-version":[{"id":1161,"href":"https:\/\/dobrastrefa.com\/index.php\/wp-json\/wp\/v2\/pages\/12\/revisions\/1161"}],"wp:featuredmedia":[{"embeddable":true,"href":"https:\/\/dobrastrefa.com\/index.php\/wp-json\/wp\/v2\/media\/699"}],"wp:attachment":[{"href":"https:\/\/dobrastrefa.com\/index.php\/wp-json\/wp\/v2\/media?parent=12"}],"curies":[{"name":"wp","href":"https:\/\/api.w.org\/{rel}","templated":true}]}}