{"id":160,"date":"2023-03-05T17:53:55","date_gmt":"2023-03-05T17:53:55","guid":{"rendered":"http:\/\/dobrastrefa.com\/?page_id=160"},"modified":"2023-03-13T14:21:06","modified_gmt":"2023-03-13T14:21:06","slug":"grupy-zorganizowane","status":"publish","type":"page","link":"https:\/\/dobrastrefa.com\/index.php\/grupy-zorganizowane\/","title":{"rendered":"Grupy zorganizowane"},"content":{"rendered":"\n<p>Dla Grup zorganizowanych powy\u017cej 15 uczestnik\u00f3w w godzinach 10:00 &#8211; 14:00 przygotowali\u015bmy specjaln\u0105 ofert\u0119. <\/p>\n\n\n\n<p>To promocyjna cena na skorzystanie z atrakcji Strefy Zabaw oraz warsztat\u00f3w ! <\/p>\n\n\n\n<p>W zale\u017cno\u015bci od ilo\u015bci dzieci Opiekunowi \/ Opiekunom Grupy oraz Kierowcy autokaru (je\u015bli dotyczy) przys\u0142uguje bezp\u0142atny nap\u00f3j gor\u0105cy w rozmiarze M z oferty kawiarni. Dla Kierowcy rezerwujemy wygodne miejsce na odpoczynek. <\/p>\n\n\n\n<figure class=\"wp-block-table\"><table><tbody><tr><td>2 godzinny pobyt w Strefie zabaw<\/td><td>15 z\u0142 \/dziecko<\/td><\/tr><tr><td>1,5 godzinny pobyt w Strefie Zabaw + czytanie na wyciszenie<\/td><td>19 z\u0142 \/ dziecko<\/td><\/tr><tr><td>1 godzinny pobyt w Strefie Zabaw + warsztat origami<\/td><td>30 z\u0142 \/ dziecko<\/td><\/tr><tr><td>1 godzinny pobyt w Strefie Zabaw + warsztat Filcowe Ozdoby Wielkanocnego Sto\u0142u<\/td><td>33 \/ dziecko<\/td><\/tr><tr><td>1 godzinny pobyt w Strefie Zabaw + warsztat Koralikowe Szale\u0144stwo<\/td><td>35 \/ dziecko<\/td><\/tr><\/tbody><\/table><\/figure>\n","protected":false},"excerpt":{"rendered":"<p>Dla Grup zorganizowanych powy\u017cej 15 uczestnik\u00f3w w godzinach 10:00 &#8211; 14:00 przygotowali\u015bmy specjaln\u0105 ofert\u0119. To promocyjna cena na skorzystanie z atrakcji Strefy Zabaw oraz warsztat\u00f3w ! W zale\u017cno\u015bci od ilo\u015bci dzieci Opiekunowi \/ Opiekunom Grupy oraz Kierowcy autokaru (je\u015bli dotyczy) przys\u0142uguje bezp\u0142atny nap\u00f3j gor\u0105cy w rozmiarze M z oferty kawiarni. Dla Kierowcy rezerwujemy wygodne miejsce &hellip; <\/p>\n","protected":false},"author":1,"featured_media":29,"parent":0,"menu_order":0,"comment_status":"closed","ping_status":"closed","template":"","meta":{"footnotes":""},"class_list":["post-160","page","type-page","status-publish","has-post-thumbnail","hentry"],"yoast_head":"<!-- This site is optimized with the Yoast SEO plugin v25.3.1 - https:\/\/yoast.com\/wordpress\/plugins\/seo\/ -->\n<title>Grupy zorganizowane -<\/title>\n<meta name=\"robots\" content=\"index, follow, max-snippet:-1, max-image-preview:large, max-video-preview:-1\" \/>\n<link rel=\"canonical\" href=\"http:\/\/dobrastrefa.com\/index.php\/grupy-zorganizowane\/\" \/>\n<meta property=\"og:locale\" content=\"pl_PL\" \/>\n<meta property=\"og:type\" content=\"article\" \/>\n<meta property=\"og:title\" content=\"Grupy zorganizowane -\" \/>\n<meta property=\"og:description\" content=\"Dla Grup zorganizowanych powy\u017cej 15 uczestnik\u00f3w w godzinach 10:00 &#8211; 14:00 przygotowali\u015bmy specjaln\u0105 ofert\u0119. To promocyjna cena na skorzystanie z atrakcji Strefy Zabaw oraz warsztat\u00f3w ! W zale\u017cno\u015bci od ilo\u015bci dzieci Opiekunowi \/ Opiekunom Grupy oraz Kierowcy autokaru (je\u015bli dotyczy) przys\u0142uguje bezp\u0142atny nap\u00f3j gor\u0105cy w rozmiarze M z oferty kawiarni. Dla Kierowcy rezerwujemy wygodne miejsce &hellip;\" \/>\n<meta property=\"og:url\" content=\"http:\/\/dobrastrefa.com\/index.php\/grupy-zorganizowane\/\" \/>\n<meta property=\"article:publisher\" content=\"https:\/\/www.facebook.com\/KawaZabawaWarsztaty\/\" \/>\n<meta property=\"article:modified_time\" content=\"2023-03-13T14:21:06+00:00\" \/>\n<meta property=\"og:image\" content=\"http:\/\/dobrastrefa.com\/wp-content\/uploads\/2023\/03\/Zdjecia-na-strone-KD-2000800-dzieci-rece.png\" \/>\n\t<meta property=\"og:image:width\" content=\"2000\" \/>\n\t<meta property=\"og:image:height\" content=\"800\" \/>\n\t<meta property=\"og:image:type\" content=\"image\/png\" \/>\n<meta name=\"twitter:card\" content=\"summary_large_image\" \/>\n<meta name=\"twitter:label1\" content=\"Szacowany czas czytania\" \/>\n\t<meta name=\"twitter:data1\" content=\"1 minuta\" \/>\n<script type=\"application\/ld+json\" class=\"yoast-schema-graph\">{\"@context\":\"https:\/\/schema.org\",\"@graph\":[{\"@type\":\"WebPage\",\"@id\":\"http:\/\/dobrastrefa.com\/index.php\/grupy-zorganizowane\/\",\"url\":\"http:\/\/dobrastrefa.com\/index.php\/grupy-zorganizowane\/\",\"name\":\"Grupy zorganizowane -\",\"isPartOf\":{\"@id\":\"http:\/\/dobrastrefa.com\/#website\"},\"primaryImageOfPage\":{\"@id\":\"http:\/\/dobrastrefa.com\/index.php\/grupy-zorganizowane\/#primaryimage\"},\"image\":{\"@id\":\"http:\/\/dobrastrefa.com\/index.php\/grupy-zorganizowane\/#primaryimage\"},\"thumbnailUrl\":\"https:\/\/dobrastrefa.com\/wp-content\/uploads\/2023\/03\/Zdjecia-na-strone-KD-2000800-dzieci-rece.png\",\"datePublished\":\"2023-03-05T17:53:55+00:00\",\"dateModified\":\"2023-03-13T14:21:06+00:00\",\"breadcrumb\":{\"@id\":\"http:\/\/dobrastrefa.com\/index.php\/grupy-zorganizowane\/#breadcrumb\"},\"inLanguage\":\"pl-PL\",\"potentialAction\":[{\"@type\":\"ReadAction\",\"target\":[\"http:\/\/dobrastrefa.com\/index.php\/grupy-zorganizowane\/\"]}]},{\"@type\":\"ImageObject\",\"inLanguage\":\"pl-PL\",\"@id\":\"http:\/\/dobrastrefa.com\/index.php\/grupy-zorganizowane\/#primaryimage\",\"url\":\"https:\/\/dobrastrefa.com\/wp-content\/uploads\/2023\/03\/Zdjecia-na-strone-KD-2000800-dzieci-rece.png\",\"contentUrl\":\"https:\/\/dobrastrefa.com\/wp-content\/uploads\/2023\/03\/Zdjecia-na-strone-KD-2000800-dzieci-rece.png\",\"width\":2000,\"height\":800},{\"@type\":\"BreadcrumbList\",\"@id\":\"http:\/\/dobrastrefa.com\/index.php\/grupy-zorganizowane\/#breadcrumb\",\"itemListElement\":[{\"@type\":\"ListItem\",\"position\":1,\"name\":\"Strona g\u0142\u00f3wna\",\"item\":\"http:\/\/dobrastrefa.com\/\"},{\"@type\":\"ListItem\",\"position\":2,\"name\":\"Grupy zorganizowane\"}]},{\"@type\":\"WebSite\",\"@id\":\"http:\/\/dobrastrefa.com\/#website\",\"url\":\"http:\/\/dobrastrefa.com\/\",\"name\":\"DobraStrefa.com\",\"description\":\"\",\"publisher\":{\"@id\":\"http:\/\/dobrastrefa.com\/#organization\"},\"potentialAction\":[{\"@type\":\"SearchAction\",\"target\":{\"@type\":\"EntryPoint\",\"urlTemplate\":\"http:\/\/dobrastrefa.com\/?s={search_term_string}\"},\"query-input\":{\"@type\":\"PropertyValueSpecification\",\"valueRequired\":true,\"valueName\":\"search_term_string\"}}],\"inLanguage\":\"pl-PL\"},{\"@type\":\"Organization\",\"@id\":\"http:\/\/dobrastrefa.com\/#organization\",\"name\":\"Dobra Strefa\",\"url\":\"http:\/\/dobrastrefa.com\/\",\"logo\":{\"@type\":\"ImageObject\",\"inLanguage\":\"pl-PL\",\"@id\":\"http:\/\/dobrastrefa.com\/#\/schema\/logo\/image\/\",\"url\":\"https:\/\/dobrastrefa.com\/wp-content\/uploads\/2023\/03\/cropped-Projekt-bez-tytulu51-logo-500-500.png\",\"contentUrl\":\"https:\/\/dobrastrefa.com\/wp-content\/uploads\/2023\/03\/cropped-Projekt-bez-tytulu51-logo-500-500.png\",\"width\":500,\"height\":107,\"caption\":\"Dobra Strefa\"},\"image\":{\"@id\":\"http:\/\/dobrastrefa.com\/#\/schema\/logo\/image\/\"},\"sameAs\":[\"https:\/\/www.facebook.com\/KawaZabawaWarsztaty\/\",\"https:\/\/www.instagram.com\/dobra.strefa\/\"]}]}<\/script>\n<!-- \/ Yoast SEO plugin. -->","yoast_head_json":{"title":"Grupy zorganizowane -","robots":{"index":"index","follow":"follow","max-snippet":"max-snippet:-1","max-image-preview":"max-image-preview:large","max-video-preview":"max-video-preview:-1"},"canonical":"http:\/\/dobrastrefa.com\/index.php\/grupy-zorganizowane\/","og_locale":"pl_PL","og_type":"article","og_title":"Grupy zorganizowane -","og_description":"Dla Grup zorganizowanych powy\u017cej 15 uczestnik\u00f3w w godzinach 10:00 &#8211; 14:00 przygotowali\u015bmy specjaln\u0105 ofert\u0119. To promocyjna cena na skorzystanie z atrakcji Strefy Zabaw oraz warsztat\u00f3w ! W zale\u017cno\u015bci od ilo\u015bci dzieci Opiekunowi \/ Opiekunom Grupy oraz Kierowcy autokaru (je\u015bli dotyczy) przys\u0142uguje bezp\u0142atny nap\u00f3j gor\u0105cy w rozmiarze M z oferty kawiarni. Dla Kierowcy rezerwujemy wygodne miejsce &hellip;","og_url":"http:\/\/dobrastrefa.com\/index.php\/grupy-zorganizowane\/","article_publisher":"https:\/\/www.facebook.com\/KawaZabawaWarsztaty\/","article_modified_time":"2023-03-13T14:21:06+00:00","og_image":[{"width":2000,"height":800,"url":"http:\/\/dobrastrefa.com\/wp-content\/uploads\/2023\/03\/Zdjecia-na-strone-KD-2000800-dzieci-rece.png","type":"image\/png"}],"twitter_card":"summary_large_image","twitter_misc":{"Szacowany czas czytania":"1 minuta"},"schema":{"@context":"https:\/\/schema.org","@graph":[{"@type":"WebPage","@id":"http:\/\/dobrastrefa.com\/index.php\/grupy-zorganizowane\/","url":"http:\/\/dobrastrefa.com\/index.php\/grupy-zorganizowane\/","name":"Grupy zorganizowane -","isPartOf":{"@id":"http:\/\/dobrastrefa.com\/#website"},"primaryImageOfPage":{"@id":"http:\/\/dobrastrefa.com\/index.php\/grupy-zorganizowane\/#primaryimage"},"image":{"@id":"http:\/\/dobrastrefa.com\/index.php\/grupy-zorganizowane\/#primaryimage"},"thumbnailUrl":"https:\/\/dobrastrefa.com\/wp-content\/uploads\/2023\/03\/Zdjecia-na-strone-KD-2000800-dzieci-rece.png","datePublished":"2023-03-05T17:53:55+00:00","dateModified":"2023-03-13T14:21:06+00:00","breadcrumb":{"@id":"http:\/\/dobrastrefa.com\/index.php\/grupy-zorganizowane\/#breadcrumb"},"inLanguage":"pl-PL","potentialAction":[{"@type":"ReadAction","target":["http:\/\/dobrastrefa.com\/index.php\/grupy-zorganizowane\/"]}]},{"@type":"ImageObject","inLanguage":"pl-PL","@id":"http:\/\/dobrastrefa.com\/index.php\/grupy-zorganizowane\/#primaryimage","url":"https:\/\/dobrastrefa.com\/wp-content\/uploads\/2023\/03\/Zdjecia-na-strone-KD-2000800-dzieci-rece.png","contentUrl":"https:\/\/dobrastrefa.com\/wp-content\/uploads\/2023\/03\/Zdjecia-na-strone-KD-2000800-dzieci-rece.png","width":2000,"height":800},{"@type":"BreadcrumbList","@id":"http:\/\/dobrastrefa.com\/index.php\/grupy-zorganizowane\/#breadcrumb","itemListElement":[{"@type":"ListItem","position":1,"name":"Strona g\u0142\u00f3wna","item":"http:\/\/dobrastrefa.com\/"},{"@type":"ListItem","position":2,"name":"Grupy zorganizowane"}]},{"@type":"WebSite","@id":"http:\/\/dobrastrefa.com\/#website","url":"http:\/\/dobrastrefa.com\/","name":"DobraStrefa.com","description":"","publisher":{"@id":"http:\/\/dobrastrefa.com\/#organization"},"potentialAction":[{"@type":"SearchAction","target":{"@type":"EntryPoint","urlTemplate":"http:\/\/dobrastrefa.com\/?s={search_term_string}"},"query-input":{"@type":"PropertyValueSpecification","valueRequired":true,"valueName":"search_term_string"}}],"inLanguage":"pl-PL"},{"@type":"Organization","@id":"http:\/\/dobrastrefa.com\/#organization","name":"Dobra Strefa","url":"http:\/\/dobrastrefa.com\/","logo":{"@type":"ImageObject","inLanguage":"pl-PL","@id":"http:\/\/dobrastrefa.com\/#\/schema\/logo\/image\/","url":"https:\/\/dobrastrefa.com\/wp-content\/uploads\/2023\/03\/cropped-Projekt-bez-tytulu51-logo-500-500.png","contentUrl":"https:\/\/dobrastrefa.com\/wp-content\/uploads\/2023\/03\/cropped-Projekt-bez-tytulu51-logo-500-500.png","width":500,"height":107,"caption":"Dobra Strefa"},"image":{"@id":"http:\/\/dobrastrefa.com\/#\/schema\/logo\/image\/"},"sameAs":["https:\/\/www.facebook.com\/KawaZabawaWarsztaty\/","https:\/\/www.instagram.com\/dobra.strefa\/"]}]}},"jetpack_sharing_enabled":true,"_links":{"self":[{"href":"https:\/\/dobrastrefa.com\/index.php\/wp-json\/wp\/v2\/pages\/160","targetHints":{"allow":["GET"]}}],"collection":[{"href":"https:\/\/dobrastrefa.com\/index.php\/wp-json\/wp\/v2\/pages"}],"about":[{"href":"https:\/\/dobrastrefa.com\/index.php\/wp-json\/wp\/v2\/types\/page"}],"author":[{"embeddable":true,"href":"https:\/\/dobrastrefa.com\/index.php\/wp-json\/wp\/v2\/users\/1"}],"replies":[{"embeddable":true,"href":"https:\/\/dobrastrefa.com\/index.php\/wp-json\/wp\/v2\/comments?post=160"}],"version-history":[{"count":5,"href":"https:\/\/dobrastrefa.com\/index.php\/wp-json\/wp\/v2\/pages\/160\/revisions"}],"predecessor-version":[{"id":211,"href":"https:\/\/dobrastrefa.com\/index.php\/wp-json\/wp\/v2\/pages\/160\/revisions\/211"}],"wp:featuredmedia":[{"embeddable":true,"href":"https:\/\/dobrastrefa.com\/index.php\/wp-json\/wp\/v2\/media\/29"}],"wp:attachment":[{"href":"https:\/\/dobrastrefa.com\/index.php\/wp-json\/wp\/v2\/media?parent=160"}],"curies":[{"name":"wp","href":"https:\/\/api.w.org\/{rel}","templated":true}]}}