{"id":2,"date":"2023-02-28T17:29:21","date_gmt":"2023-02-28T17:29:21","guid":{"rendered":"http:\/\/dobrastrefa.com\/?page_id=2"},"modified":"2023-09-12T13:22:33","modified_gmt":"2023-09-12T13:22:33","slug":"sala-zabaw-urodzinki-bemowo","status":"publish","type":"page","link":"https:\/\/dobrastrefa.com\/index.php\/sala-zabaw-urodzinki-bemowo\/","title":{"rendered":"Sala Zabaw &#8211; Urodzinki &#8211; Bemowo"},"content":{"rendered":"\n<div class=\"wp-block-buttons is-layout-flex wp-block-buttons-is-layout-flex\">\n<div class=\"wp-block-button is-style-fill\"><a class=\"wp-block-button__link has-light-green-cyan-background-color has-background wp-element-button\" href=\"http:\/\/dobrastrefa.com\/index.php\/sala-zabaw-urodzinki-bemowo\/urodzinki\/\">Urodzinki<\/a><\/div>\n\n\n\n<div class=\"wp-block-button\"><a class=\"wp-block-button__link has-pale-pink-background-color has-background wp-element-button\">Wej\u015bcia Indywidualne<\/a><\/div>\n\n\n\n<div class=\"wp-block-button\"><a class=\"wp-block-button__link has-pale-cyan-blue-background-color has-background wp-element-button\">Grupy zorganizowane<\/a><\/div>\n<\/div>\n\n\n\n<p>Zapraszamy do Strefy Zabaw , gdzie czeka na Naszych Go\u015bci moc atrakcji! Nasza sala zabaw to ponad 200 metr\u00f3w do przej\u015bcia w 2 strefach &#8211;  2 i 3 poziomowej. Znajdziecie tam ukryte przej\u015bcia i zakamarki do odkrycia. Liczne przeszkody do pokonania, cztery zje\u017cd\u017calnie, basen z morzem kulek i korytarz klock\u00f3w z kt\u00f3rych mo\u017cna stworzy\u0107 wszystko!  Ale to nie koniec atrakcji \ud83d\ude42 Mo\u017cna jeszcze spr\u00f3bowa\u0107 swojej odwagi w siatkowym przej\u015bciu, przedosta\u0107 na drug\u0105 stron\u0119 sali tajnym mostkiem tu\u017c pod sufitem, zosta\u0107 kierowc\u0105 auta, ogl\u0105da\u0107 \u015bwiat z przeszklonego domku, wdrapa\u0107 si\u0119 na ska\u0142k\u0119 i&#8230; zdoby\u0107 sw\u00f3j pierwszy szczyt! <\/p>\n\n\n\n<p>Tak \ud83d\ude42 pobyt tutaj na pewno si\u0119 nie znudzi a czas sp\u0119dzony na bezpiecznej zabawie i prawdziwym torze pe\u0142nym przeszk\u00f3d b\u0119dzie doskona\u0142ym uzupe\u0142nieniem dnia. <\/p>\n\n\n\n<figure class=\"wp-block-image size-large\"><img fetchpriority=\"high\" decoding=\"async\" width=\"1024\" height=\"410\" src=\"http:\/\/dobrastrefa.com\/wp-content\/uploads\/2023\/03\/Zdjecia-na-strone-kulki-20008007-1024x410.png\" alt=\"\" class=\"wp-image-70\" srcset=\"https:\/\/dobrastrefa.com\/wp-content\/uploads\/2023\/03\/Zdjecia-na-strone-kulki-20008007-1024x410.png 1024w, https:\/\/dobrastrefa.com\/wp-content\/uploads\/2023\/03\/Zdjecia-na-strone-kulki-20008007-600x240.png 600w, https:\/\/dobrastrefa.com\/wp-content\/uploads\/2023\/03\/Zdjecia-na-strone-kulki-20008007-300x120.png 300w, https:\/\/dobrastrefa.com\/wp-content\/uploads\/2023\/03\/Zdjecia-na-strone-kulki-20008007-768x307.png 768w, https:\/\/dobrastrefa.com\/wp-content\/uploads\/2023\/03\/Zdjecia-na-strone-kulki-20008007-1536x614.png 1536w, https:\/\/dobrastrefa.com\/wp-content\/uploads\/2023\/03\/Zdjecia-na-strone-kulki-20008007.png 2000w\" sizes=\"(max-width: 1024px) 100vw, 1024px\" \/><\/figure>\n\n\n\n<p><a href=\"http:\/\/dobrastrefa.com\/index.php\/regulamin-strefy-zabaw\/\" data-type=\"URL\" data-id=\"http:\/\/dobrastrefa.com\/index.php\/regulamin-strefy-zabaw\/\">Zapraszamy do zapoznania si\u0119 z regulaminem Strefy Zabaw<\/a><\/p>\n","protected":false},"excerpt":{"rendered":"<p>Zapraszamy do Strefy Zabaw , gdzie czeka na Naszych Go\u015bci moc atrakcji! Nasza sala zabaw to ponad 200 metr\u00f3w do przej\u015bcia w 2 strefach &#8211; 2 i 3 poziomowej. Znajdziecie tam ukryte przej\u015bcia i zakamarki do odkrycia. Liczne przeszkody do pokonania, cztery zje\u017cd\u017calnie, basen z morzem kulek i korytarz klock\u00f3w z kt\u00f3rych mo\u017cna stworzy\u0107 wszystko! &hellip; <\/p>\n","protected":false},"author":1,"featured_media":72,"parent":0,"menu_order":0,"comment_status":"closed","ping_status":"open","template":"","meta":{"footnotes":""},"class_list":["post-2","page","type-page","status-publish","has-post-thumbnail","hentry"],"yoast_head":"<!-- This site is optimized with the Yoast SEO plugin v25.3.1 - https:\/\/yoast.com\/wordpress\/plugins\/seo\/ -->\n<title>Sala Zabaw - Urodzinki - Bemowo -<\/title>\n<meta name=\"description\" content=\"Dobra Strefa to du\u017ca sala zabaw i miejsce na Urodzinki na Bemowie z kawiarni\u0105 Costa i miejscem na zaj\u0119cia dodatkowe dla dzieci i doros\u0142ych\" \/>\n<meta name=\"robots\" content=\"index, follow, max-snippet:-1, max-image-preview:large, max-video-preview:-1\" \/>\n<link rel=\"canonical\" href=\"https:\/\/dobrastrefa.com\/index.php\/sala-zabaw-urodzinki-bemowo\/\" \/>\n<meta property=\"og:locale\" content=\"pl_PL\" \/>\n<meta property=\"og:type\" content=\"article\" \/>\n<meta property=\"og:title\" content=\"Sala Zabaw - Urodzinki - Bemowo -\" \/>\n<meta property=\"og:description\" content=\"Dobra Strefa to du\u017ca sala zabaw i miejsce na Urodzinki na Bemowie z kawiarni\u0105 Costa i miejscem na zaj\u0119cia dodatkowe dla dzieci i doros\u0142ych\" \/>\n<meta property=\"og:url\" content=\"https:\/\/dobrastrefa.com\/index.php\/sala-zabaw-urodzinki-bemowo\/\" \/>\n<meta property=\"article:publisher\" content=\"https:\/\/www.facebook.com\/KawaZabawaWarsztaty\/\" \/>\n<meta property=\"article:modified_time\" content=\"2023-09-12T13:22:33+00:00\" \/>\n<meta property=\"og:image\" content=\"https:\/\/dobrastrefa.com\/wp-content\/uploads\/2023\/03\/Zdjecia-na-strone-baloniki-20008003.png\" \/>\n\t<meta property=\"og:image:width\" content=\"2000\" \/>\n\t<meta property=\"og:image:height\" content=\"800\" \/>\n\t<meta property=\"og:image:type\" content=\"image\/png\" \/>\n<meta name=\"twitter:card\" content=\"summary_large_image\" \/>\n<meta name=\"twitter:label1\" content=\"Szacowany czas czytania\" \/>\n\t<meta name=\"twitter:data1\" content=\"1 minuta\" \/>\n<script type=\"application\/ld+json\" class=\"yoast-schema-graph\">{\"@context\":\"https:\/\/schema.org\",\"@graph\":[{\"@type\":\"WebPage\",\"@id\":\"https:\/\/dobrastrefa.com\/index.php\/sala-zabaw-urodzinki-bemowo\/\",\"url\":\"https:\/\/dobrastrefa.com\/index.php\/sala-zabaw-urodzinki-bemowo\/\",\"name\":\"Sala Zabaw - Urodzinki - Bemowo -\",\"isPartOf\":{\"@id\":\"http:\/\/dobrastrefa.com\/#website\"},\"primaryImageOfPage\":{\"@id\":\"https:\/\/dobrastrefa.com\/index.php\/sala-zabaw-urodzinki-bemowo\/#primaryimage\"},\"image\":{\"@id\":\"https:\/\/dobrastrefa.com\/index.php\/sala-zabaw-urodzinki-bemowo\/#primaryimage\"},\"thumbnailUrl\":\"https:\/\/dobrastrefa.com\/wp-content\/uploads\/2023\/03\/Zdjecia-na-strone-baloniki-20008003.png\",\"datePublished\":\"2023-02-28T17:29:21+00:00\",\"dateModified\":\"2023-09-12T13:22:33+00:00\",\"description\":\"Dobra Strefa to du\u017ca sala zabaw i miejsce na Urodzinki na Bemowie z kawiarni\u0105 Costa i miejscem na zaj\u0119cia dodatkowe dla dzieci i doros\u0142ych\",\"breadcrumb\":{\"@id\":\"https:\/\/dobrastrefa.com\/index.php\/sala-zabaw-urodzinki-bemowo\/#breadcrumb\"},\"inLanguage\":\"pl-PL\",\"potentialAction\":[{\"@type\":\"ReadAction\",\"target\":[\"https:\/\/dobrastrefa.com\/index.php\/sala-zabaw-urodzinki-bemowo\/\"]}]},{\"@type\":\"ImageObject\",\"inLanguage\":\"pl-PL\",\"@id\":\"https:\/\/dobrastrefa.com\/index.php\/sala-zabaw-urodzinki-bemowo\/#primaryimage\",\"url\":\"https:\/\/dobrastrefa.com\/wp-content\/uploads\/2023\/03\/Zdjecia-na-strone-baloniki-20008003.png\",\"contentUrl\":\"https:\/\/dobrastrefa.com\/wp-content\/uploads\/2023\/03\/Zdjecia-na-strone-baloniki-20008003.png\",\"width\":2000,\"height\":800},{\"@type\":\"BreadcrumbList\",\"@id\":\"https:\/\/dobrastrefa.com\/index.php\/sala-zabaw-urodzinki-bemowo\/#breadcrumb\",\"itemListElement\":[{\"@type\":\"ListItem\",\"position\":1,\"name\":\"Strona g\u0142\u00f3wna\",\"item\":\"http:\/\/dobrastrefa.com\/\"},{\"@type\":\"ListItem\",\"position\":2,\"name\":\"Sala Zabaw &#8211; Urodzinki &#8211; Bemowo\"}]},{\"@type\":\"WebSite\",\"@id\":\"http:\/\/dobrastrefa.com\/#website\",\"url\":\"http:\/\/dobrastrefa.com\/\",\"name\":\"DobraStrefa.com\",\"description\":\"\",\"publisher\":{\"@id\":\"http:\/\/dobrastrefa.com\/#organization\"},\"potentialAction\":[{\"@type\":\"SearchAction\",\"target\":{\"@type\":\"EntryPoint\",\"urlTemplate\":\"http:\/\/dobrastrefa.com\/?s={search_term_string}\"},\"query-input\":{\"@type\":\"PropertyValueSpecification\",\"valueRequired\":true,\"valueName\":\"search_term_string\"}}],\"inLanguage\":\"pl-PL\"},{\"@type\":\"Organization\",\"@id\":\"http:\/\/dobrastrefa.com\/#organization\",\"name\":\"Dobra Strefa\",\"url\":\"http:\/\/dobrastrefa.com\/\",\"logo\":{\"@type\":\"ImageObject\",\"inLanguage\":\"pl-PL\",\"@id\":\"http:\/\/dobrastrefa.com\/#\/schema\/logo\/image\/\",\"url\":\"https:\/\/dobrastrefa.com\/wp-content\/uploads\/2023\/03\/cropped-Projekt-bez-tytulu51-logo-500-500.png\",\"contentUrl\":\"https:\/\/dobrastrefa.com\/wp-content\/uploads\/2023\/03\/cropped-Projekt-bez-tytulu51-logo-500-500.png\",\"width\":500,\"height\":107,\"caption\":\"Dobra Strefa\"},\"image\":{\"@id\":\"http:\/\/dobrastrefa.com\/#\/schema\/logo\/image\/\"},\"sameAs\":[\"https:\/\/www.facebook.com\/KawaZabawaWarsztaty\/\",\"https:\/\/www.instagram.com\/dobra.strefa\/\"]}]}<\/script>\n<!-- \/ Yoast SEO plugin. -->","yoast_head_json":{"title":"Sala Zabaw - Urodzinki - Bemowo -","description":"Dobra Strefa to du\u017ca sala zabaw i miejsce na Urodzinki na Bemowie z kawiarni\u0105 Costa i miejscem na zaj\u0119cia dodatkowe dla dzieci i doros\u0142ych","robots":{"index":"index","follow":"follow","max-snippet":"max-snippet:-1","max-image-preview":"max-image-preview:large","max-video-preview":"max-video-preview:-1"},"canonical":"https:\/\/dobrastrefa.com\/index.php\/sala-zabaw-urodzinki-bemowo\/","og_locale":"pl_PL","og_type":"article","og_title":"Sala Zabaw - Urodzinki - Bemowo -","og_description":"Dobra Strefa to du\u017ca sala zabaw i miejsce na Urodzinki na Bemowie z kawiarni\u0105 Costa i miejscem na zaj\u0119cia dodatkowe dla dzieci i doros\u0142ych","og_url":"https:\/\/dobrastrefa.com\/index.php\/sala-zabaw-urodzinki-bemowo\/","article_publisher":"https:\/\/www.facebook.com\/KawaZabawaWarsztaty\/","article_modified_time":"2023-09-12T13:22:33+00:00","og_image":[{"width":2000,"height":800,"url":"https:\/\/dobrastrefa.com\/wp-content\/uploads\/2023\/03\/Zdjecia-na-strone-baloniki-20008003.png","type":"image\/png"}],"twitter_card":"summary_large_image","twitter_misc":{"Szacowany czas czytania":"1 minuta"},"schema":{"@context":"https:\/\/schema.org","@graph":[{"@type":"WebPage","@id":"https:\/\/dobrastrefa.com\/index.php\/sala-zabaw-urodzinki-bemowo\/","url":"https:\/\/dobrastrefa.com\/index.php\/sala-zabaw-urodzinki-bemowo\/","name":"Sala Zabaw - Urodzinki - Bemowo -","isPartOf":{"@id":"http:\/\/dobrastrefa.com\/#website"},"primaryImageOfPage":{"@id":"https:\/\/dobrastrefa.com\/index.php\/sala-zabaw-urodzinki-bemowo\/#primaryimage"},"image":{"@id":"https:\/\/dobrastrefa.com\/index.php\/sala-zabaw-urodzinki-bemowo\/#primaryimage"},"thumbnailUrl":"https:\/\/dobrastrefa.com\/wp-content\/uploads\/2023\/03\/Zdjecia-na-strone-baloniki-20008003.png","datePublished":"2023-02-28T17:29:21+00:00","dateModified":"2023-09-12T13:22:33+00:00","description":"Dobra Strefa to du\u017ca sala zabaw i miejsce na Urodzinki na Bemowie z kawiarni\u0105 Costa i miejscem na zaj\u0119cia dodatkowe dla dzieci i doros\u0142ych","breadcrumb":{"@id":"https:\/\/dobrastrefa.com\/index.php\/sala-zabaw-urodzinki-bemowo\/#breadcrumb"},"inLanguage":"pl-PL","potentialAction":[{"@type":"ReadAction","target":["https:\/\/dobrastrefa.com\/index.php\/sala-zabaw-urodzinki-bemowo\/"]}]},{"@type":"ImageObject","inLanguage":"pl-PL","@id":"https:\/\/dobrastrefa.com\/index.php\/sala-zabaw-urodzinki-bemowo\/#primaryimage","url":"https:\/\/dobrastrefa.com\/wp-content\/uploads\/2023\/03\/Zdjecia-na-strone-baloniki-20008003.png","contentUrl":"https:\/\/dobrastrefa.com\/wp-content\/uploads\/2023\/03\/Zdjecia-na-strone-baloniki-20008003.png","width":2000,"height":800},{"@type":"BreadcrumbList","@id":"https:\/\/dobrastrefa.com\/index.php\/sala-zabaw-urodzinki-bemowo\/#breadcrumb","itemListElement":[{"@type":"ListItem","position":1,"name":"Strona g\u0142\u00f3wna","item":"http:\/\/dobrastrefa.com\/"},{"@type":"ListItem","position":2,"name":"Sala Zabaw &#8211; Urodzinki &#8211; Bemowo"}]},{"@type":"WebSite","@id":"http:\/\/dobrastrefa.com\/#website","url":"http:\/\/dobrastrefa.com\/","name":"DobraStrefa.com","description":"","publisher":{"@id":"http:\/\/dobrastrefa.com\/#organization"},"potentialAction":[{"@type":"SearchAction","target":{"@type":"EntryPoint","urlTemplate":"http:\/\/dobrastrefa.com\/?s={search_term_string}"},"query-input":{"@type":"PropertyValueSpecification","valueRequired":true,"valueName":"search_term_string"}}],"inLanguage":"pl-PL"},{"@type":"Organization","@id":"http:\/\/dobrastrefa.com\/#organization","name":"Dobra Strefa","url":"http:\/\/dobrastrefa.com\/","logo":{"@type":"ImageObject","inLanguage":"pl-PL","@id":"http:\/\/dobrastrefa.com\/#\/schema\/logo\/image\/","url":"https:\/\/dobrastrefa.com\/wp-content\/uploads\/2023\/03\/cropped-Projekt-bez-tytulu51-logo-500-500.png","contentUrl":"https:\/\/dobrastrefa.com\/wp-content\/uploads\/2023\/03\/cropped-Projekt-bez-tytulu51-logo-500-500.png","width":500,"height":107,"caption":"Dobra Strefa"},"image":{"@id":"http:\/\/dobrastrefa.com\/#\/schema\/logo\/image\/"},"sameAs":["https:\/\/www.facebook.com\/KawaZabawaWarsztaty\/","https:\/\/www.instagram.com\/dobra.strefa\/"]}]}},"jetpack_sharing_enabled":true,"_links":{"self":[{"href":"https:\/\/dobrastrefa.com\/index.php\/wp-json\/wp\/v2\/pages\/2","targetHints":{"allow":["GET"]}}],"collection":[{"href":"https:\/\/dobrastrefa.com\/index.php\/wp-json\/wp\/v2\/pages"}],"about":[{"href":"https:\/\/dobrastrefa.com\/index.php\/wp-json\/wp\/v2\/types\/page"}],"author":[{"embeddable":true,"href":"https:\/\/dobrastrefa.com\/index.php\/wp-json\/wp\/v2\/users\/1"}],"replies":[{"embeddable":true,"href":"https:\/\/dobrastrefa.com\/index.php\/wp-json\/wp\/v2\/comments?post=2"}],"version-history":[{"count":22,"href":"https:\/\/dobrastrefa.com\/index.php\/wp-json\/wp\/v2\/pages\/2\/revisions"}],"predecessor-version":[{"id":678,"href":"https:\/\/dobrastrefa.com\/index.php\/wp-json\/wp\/v2\/pages\/2\/revisions\/678"}],"wp:featuredmedia":[{"embeddable":true,"href":"https:\/\/dobrastrefa.com\/index.php\/wp-json\/wp\/v2\/media\/72"}],"wp:attachment":[{"href":"https:\/\/dobrastrefa.com\/index.php\/wp-json\/wp\/v2\/media?parent=2"}],"curies":[{"name":"wp","href":"https:\/\/api.w.org\/{rel}","templated":true}]}}