{"id":39,"date":"2023-03-04T14:09:05","date_gmt":"2023-03-04T14:09:05","guid":{"rendered":"http:\/\/dobrastrefa.com\/?page_id=39"},"modified":"2025-01-23T09:41:32","modified_gmt":"2025-01-23T09:41:32","slug":"warsztaty-i-zajecia","status":"publish","type":"page","link":"https:\/\/dobrastrefa.com\/index.php\/warsztaty-i-zajecia\/","title":{"rendered":"Zaj\u0119cia i warsztaty w Dobrej Strefie"},"content":{"rendered":"\n<p>Szukacie interesuj\u0105cych propozycji na zorganizowanie czasu wolnego w Warszawie? Nasza propozycja to zaj\u0119cia i warsztaty dla Dzieci M\u0142odzie\u017cy i Doros\u0142ych. Zapraszamy do Dobrej Strefy! Jeste\u015bmy blisko, na Bemowie, tu\u017c przy metrze, dlatego \u0142atwo tu dojecha\u0107 z wielu stron miasta \ud83d\ude42<\/p>\n\n\n\n<p>Staramy si\u0119 przygotowa\u0107 dla Was ciekaw\u0105 ofert\u0119 zar\u00f3wno warsztat\u00f3w jak i zaj\u0119\u0107 dodatkowych dla Dzieci, Maluszk\u00f3w, M\u0142odzie\u017cy i Doros\u0142ych. Poniewa\u017c naszym marzeniem by\u0142o stworzenie miejsca rodzinnego, w kt\u00f3rym ka\u017cdy powinien znale\u017a\u0107 co\u015b mi\u0142ego dla siebie. W trakcie oczekiwania na Dzieci Opiekunowie mog\u0105 chwil\u0119 zrelaksowa\u0107 si\u0119 przy pysznej kawie w naszej kawiarnia a nawet uzupe\u0142ni\u0107 si\u0142y przy deserze lub ciep\u0142ym posi\u0142ku podczas gdy podopieczni bawi\u0105 si\u0119 lub s\u0105 na zaj\u0119ciach.<\/p>\n\n\n\n<p>W zwi\u0105zku z tym, \u017ce naprawd\u0119 du\u017co si\u0119 u nas dzieje &#8211; poza standardowymi, ramowymi zaj\u0119ciami pojawiaj\u0105 si\u0119 u nas liczne atrakcje, eventy, warsztaty okazjonalne i wydarzenia, zapraszamy do \u015bledzenia naszej strony na <a href=\"https:\/\/www.facebook.com\/KawaZabawaWarsztaty\/\">Facebooku<\/a> i <a href=\"https:\/\/www.instagram.com\/dobra.strefa\/\">Instagramie<\/a>. Poni\u017csza tabela prezentuje grafik zaj\u0119\u0107 od stycznia 2025. Poniewa\u017c ca\u0142y czas dodajemy kolejne pozycje \u015bled\u017acie nas na bie\u017c\u0105co \ud83d\ude42<\/p>\n\n\n\n<p><strong>Grafik tygodniowy &#8211; sta\u0142e zaj\u0119cia i warsztaty<\/strong><\/p>\n\n\n\n<div class=\"wp-block-columns is-layout-flex wp-container-core-columns-is-layout-9d6595d7 wp-block-columns-is-layout-flex\">\n<div class=\"wp-block-column is-layout-flow wp-block-column-is-layout-flow\">\n<figure class=\"wp-block-image size-large\"><img fetchpriority=\"high\" decoding=\"async\" width=\"1024\" height=\"1024\" src=\"http:\/\/dobrastrefa.com\/wp-content\/uploads\/2025\/01\/Purple-Happy-Birthday-Instagram-post-9-1024x1024.png\" alt=\"\" class=\"wp-image-1064\" srcset=\"https:\/\/dobrastrefa.com\/wp-content\/uploads\/2025\/01\/Purple-Happy-Birthday-Instagram-post-9-1024x1024.png 1024w, https:\/\/dobrastrefa.com\/wp-content\/uploads\/2025\/01\/Purple-Happy-Birthday-Instagram-post-9-300x300.png 300w, https:\/\/dobrastrefa.com\/wp-content\/uploads\/2025\/01\/Purple-Happy-Birthday-Instagram-post-9-150x150.png 150w, https:\/\/dobrastrefa.com\/wp-content\/uploads\/2025\/01\/Purple-Happy-Birthday-Instagram-post-9-768x768.png 768w, https:\/\/dobrastrefa.com\/wp-content\/uploads\/2025\/01\/Purple-Happy-Birthday-Instagram-post-9-860x860.png 860w, https:\/\/dobrastrefa.com\/wp-content\/uploads\/2025\/01\/Purple-Happy-Birthday-Instagram-post-9.png 1080w\" sizes=\"(max-width: 1024px) 100vw, 1024px\" \/><\/figure>\n<\/div>\n\n\n\n<div class=\"wp-block-column is-layout-flow wp-block-column-is-layout-flow\">\n<figure class=\"wp-block-image size-large\"><img decoding=\"async\" width=\"1024\" height=\"1024\" src=\"http:\/\/dobrastrefa.com\/wp-content\/uploads\/2025\/01\/Purple-Happy-Birthday-Instagram-post-10-1024x1024.png\" alt=\"\" class=\"wp-image-1066\" srcset=\"https:\/\/dobrastrefa.com\/wp-content\/uploads\/2025\/01\/Purple-Happy-Birthday-Instagram-post-10-1024x1024.png 1024w, https:\/\/dobrastrefa.com\/wp-content\/uploads\/2025\/01\/Purple-Happy-Birthday-Instagram-post-10-300x300.png 300w, https:\/\/dobrastrefa.com\/wp-content\/uploads\/2025\/01\/Purple-Happy-Birthday-Instagram-post-10-150x150.png 150w, https:\/\/dobrastrefa.com\/wp-content\/uploads\/2025\/01\/Purple-Happy-Birthday-Instagram-post-10-768x768.png 768w, https:\/\/dobrastrefa.com\/wp-content\/uploads\/2025\/01\/Purple-Happy-Birthday-Instagram-post-10-860x860.png 860w, https:\/\/dobrastrefa.com\/wp-content\/uploads\/2025\/01\/Purple-Happy-Birthday-Instagram-post-10.png 1080w\" sizes=\"(max-width: 1024px) 100vw, 1024px\" \/><\/figure>\n\n\n\n<div class=\"wp-block-columns is-layout-flex wp-container-core-columns-is-layout-9d6595d7 wp-block-columns-is-layout-flex\">\n<div class=\"wp-block-column is-layout-flow wp-block-column-is-layout-flow\">\n<figure class=\"wp-block-image size-large\"><img decoding=\"async\" width=\"1024\" height=\"1024\" src=\"http:\/\/dobrastrefa.com\/wp-content\/uploads\/2025\/01\/Purple-Happy-Birthday-Instagram-post-12-1-1024x1024.png\" alt=\"\" class=\"wp-image-1072\" srcset=\"https:\/\/dobrastrefa.com\/wp-content\/uploads\/2025\/01\/Purple-Happy-Birthday-Instagram-post-12-1-1024x1024.png 1024w, https:\/\/dobrastrefa.com\/wp-content\/uploads\/2025\/01\/Purple-Happy-Birthday-Instagram-post-12-1-300x300.png 300w, https:\/\/dobrastrefa.com\/wp-content\/uploads\/2025\/01\/Purple-Happy-Birthday-Instagram-post-12-1-150x150.png 150w, https:\/\/dobrastrefa.com\/wp-content\/uploads\/2025\/01\/Purple-Happy-Birthday-Instagram-post-12-1-768x768.png 768w, https:\/\/dobrastrefa.com\/wp-content\/uploads\/2025\/01\/Purple-Happy-Birthday-Instagram-post-12-1-860x860.png 860w, https:\/\/dobrastrefa.com\/wp-content\/uploads\/2025\/01\/Purple-Happy-Birthday-Instagram-post-12-1.png 1080w\" sizes=\"(max-width: 1024px) 100vw, 1024px\" \/><\/figure>\n<\/div>\n<\/div>\n<\/div>\n\n\n\n<div class=\"wp-block-column is-layout-flow wp-block-column-is-layout-flow\">\n<figure class=\"wp-block-image size-large\"><img loading=\"lazy\" decoding=\"async\" width=\"1024\" height=\"1024\" src=\"http:\/\/dobrastrefa.com\/wp-content\/uploads\/2025\/01\/Purple-Happy-Birthday-Instagram-post-11-1024x1024.png\" alt=\"\" class=\"wp-image-1067\" srcset=\"https:\/\/dobrastrefa.com\/wp-content\/uploads\/2025\/01\/Purple-Happy-Birthday-Instagram-post-11-1024x1024.png 1024w, https:\/\/dobrastrefa.com\/wp-content\/uploads\/2025\/01\/Purple-Happy-Birthday-Instagram-post-11-300x300.png 300w, https:\/\/dobrastrefa.com\/wp-content\/uploads\/2025\/01\/Purple-Happy-Birthday-Instagram-post-11-150x150.png 150w, https:\/\/dobrastrefa.com\/wp-content\/uploads\/2025\/01\/Purple-Happy-Birthday-Instagram-post-11-768x768.png 768w, https:\/\/dobrastrefa.com\/wp-content\/uploads\/2025\/01\/Purple-Happy-Birthday-Instagram-post-11-860x860.png 860w, https:\/\/dobrastrefa.com\/wp-content\/uploads\/2025\/01\/Purple-Happy-Birthday-Instagram-post-11.png 1080w\" sizes=\"(max-width: 1024px) 100vw, 1024px\" \/><\/figure>\n\n\n\n<div class=\"wp-block-columns is-layout-flex wp-container-core-columns-is-layout-9d6595d7 wp-block-columns-is-layout-flex\">\n<div class=\"wp-block-column is-layout-flow wp-block-column-is-layout-flow\">\n<figure class=\"wp-block-image size-large\"><img loading=\"lazy\" decoding=\"async\" width=\"1024\" height=\"1024\" src=\"http:\/\/dobrastrefa.com\/wp-content\/uploads\/2025\/01\/Purple-Happy-Birthday-Instagram-post-13-1-1024x1024.png\" alt=\"\" class=\"wp-image-1075\" srcset=\"https:\/\/dobrastrefa.com\/wp-content\/uploads\/2025\/01\/Purple-Happy-Birthday-Instagram-post-13-1-1024x1024.png 1024w, https:\/\/dobrastrefa.com\/wp-content\/uploads\/2025\/01\/Purple-Happy-Birthday-Instagram-post-13-1-300x300.png 300w, https:\/\/dobrastrefa.com\/wp-content\/uploads\/2025\/01\/Purple-Happy-Birthday-Instagram-post-13-1-150x150.png 150w, https:\/\/dobrastrefa.com\/wp-content\/uploads\/2025\/01\/Purple-Happy-Birthday-Instagram-post-13-1-768x768.png 768w, https:\/\/dobrastrefa.com\/wp-content\/uploads\/2025\/01\/Purple-Happy-Birthday-Instagram-post-13-1-860x860.png 860w, https:\/\/dobrastrefa.com\/wp-content\/uploads\/2025\/01\/Purple-Happy-Birthday-Instagram-post-13-1.png 1080w\" sizes=\"(max-width: 1024px) 100vw, 1024px\" \/><\/figure>\n<\/div>\n<\/div>\n<\/div>\n<\/div>\n\n\n\n<h3 class=\"wp-block-heading\"><\/h3>\n\n\n\n<p><strong>NA ZAJ\u0118CIA OBOWI\u0104ZUJ\u0104 ZAPISY LUB KARNETY<\/strong>.<\/p>\n\n\n\n<p>Jak mo\u017cna si\u0119 zapisa\u0107? <\/p>\n\n\n\n<ul class=\"wp-block-list\">\n<li>Oczywi\u015bcie na miejscu, u nas, w Dobrej Strefie <a href=\"http:\/\/dobrastrefa.com\/index.php\/dobra-strefa-kontakt\/\">adres tutaj<\/a><\/li>\n\n\n\n<li>telefonicznie &#8211; pod numerem 797 282 797<\/li>\n\n\n\n<li>media spo\u0142eczno\u015bciowe -Facebook, Instagram, Tik Tok<\/li>\n\n\n\n<li>przez platform\u0119 elektroniczn\u0105 Kidos.pl <\/li>\n<\/ul>\n\n\n\n<p class=\"has-text-align-left\">Zapraszamy! Zesp\u00f3\u0142 Dobrej Strefy i Prowadz\u0105cy \ud83d\ude42<\/p>\n\n\n\n<p><\/p>\n","protected":false},"excerpt":{"rendered":"<p>Szukacie interesuj\u0105cych propozycji na zorganizowanie czasu wolnego w Warszawie? Nasza propozycja to zaj\u0119cia i warsztaty dla Dzieci M\u0142odzie\u017cy i Doros\u0142ych. Zapraszamy do Dobrej Strefy! Jeste\u015bmy blisko, na Bemowie, tu\u017c przy metrze, dlatego \u0142atwo tu dojecha\u0107 z wielu stron miasta \ud83d\ude42 Staramy si\u0119 przygotowa\u0107 dla Was ciekaw\u0105 ofert\u0119 zar\u00f3wno warsztat\u00f3w jak i zaj\u0119\u0107 dodatkowych dla Dzieci, &hellip; <\/p>\n","protected":false},"author":1,"featured_media":73,"parent":0,"menu_order":0,"comment_status":"closed","ping_status":"closed","template":"","meta":{"footnotes":""},"class_list":["post-39","page","type-page","status-publish","has-post-thumbnail","hentry"],"yoast_head":"<!-- This site is optimized with the Yoast SEO plugin v25.3.1 - https:\/\/yoast.com\/wordpress\/plugins\/seo\/ -->\n<title>Zaj\u0119cia i warsztaty w Dobrej Strefie<\/title>\n<meta name=\"description\" content=\"Warsztaty i zaj\u0119cia dla Dzieci i Doros\u0142ych. Zaj\u0119cia plastyczne, taneczne, sensoryczne, gordonki, TUS, angielski, joga, plansz\u00f3wki i inne\" \/>\n<meta name=\"robots\" content=\"index, follow, max-snippet:-1, max-image-preview:large, max-video-preview:-1\" \/>\n<link rel=\"canonical\" href=\"https:\/\/dobrastrefa.com\/index.php\/warsztaty-i-zajecia\/\" \/>\n<meta property=\"og:locale\" content=\"pl_PL\" \/>\n<meta property=\"og:type\" content=\"article\" \/>\n<meta property=\"og:title\" content=\"Zaj\u0119cia i warsztaty w Dobrej Strefie\" \/>\n<meta property=\"og:description\" content=\"Warsztaty i zaj\u0119cia dla Dzieci i Doros\u0142ych. Zaj\u0119cia plastyczne, taneczne, sensoryczne, gordonki, TUS, angielski, joga, plansz\u00f3wki i inne\" \/>\n<meta property=\"og:url\" content=\"https:\/\/dobrastrefa.com\/index.php\/warsztaty-i-zajecia\/\" \/>\n<meta property=\"article:publisher\" content=\"https:\/\/www.facebook.com\/KawaZabawaWarsztaty\/\" \/>\n<meta property=\"article:modified_time\" content=\"2025-01-23T09:41:32+00:00\" \/>\n<meta property=\"og:image\" content=\"https:\/\/dobrastrefa.com\/wp-content\/uploads\/2023\/03\/Zdjecia-na-stron-diy-20008005-1024x410.png\" \/>\n\t<meta property=\"og:image:width\" content=\"1024\" \/>\n\t<meta property=\"og:image:height\" content=\"410\" \/>\n\t<meta property=\"og:image:type\" content=\"image\/png\" \/>\n<meta name=\"twitter:card\" content=\"summary_large_image\" \/>\n<meta name=\"twitter:label1\" content=\"Szacowany czas czytania\" \/>\n\t<meta name=\"twitter:data1\" content=\"3 minuty\" \/>\n<script type=\"application\/ld+json\" class=\"yoast-schema-graph\">{\"@context\":\"https:\/\/schema.org\",\"@graph\":[{\"@type\":\"WebPage\",\"@id\":\"https:\/\/dobrastrefa.com\/index.php\/warsztaty-i-zajecia\/\",\"url\":\"https:\/\/dobrastrefa.com\/index.php\/warsztaty-i-zajecia\/\",\"name\":\"Zaj\u0119cia i warsztaty w Dobrej Strefie\",\"isPartOf\":{\"@id\":\"http:\/\/dobrastrefa.com\/#website\"},\"primaryImageOfPage\":{\"@id\":\"https:\/\/dobrastrefa.com\/index.php\/warsztaty-i-zajecia\/#primaryimage\"},\"image\":{\"@id\":\"https:\/\/dobrastrefa.com\/index.php\/warsztaty-i-zajecia\/#primaryimage\"},\"thumbnailUrl\":\"https:\/\/dobrastrefa.com\/wp-content\/uploads\/2023\/03\/Zdjecia-na-stron-diy-20008005.png\",\"datePublished\":\"2023-03-04T14:09:05+00:00\",\"dateModified\":\"2025-01-23T09:41:32+00:00\",\"description\":\"Warsztaty i zaj\u0119cia dla Dzieci i Doros\u0142ych. Zaj\u0119cia plastyczne, taneczne, sensoryczne, gordonki, TUS, angielski, joga, plansz\u00f3wki i inne\",\"breadcrumb\":{\"@id\":\"https:\/\/dobrastrefa.com\/index.php\/warsztaty-i-zajecia\/#breadcrumb\"},\"inLanguage\":\"pl-PL\",\"potentialAction\":[{\"@type\":\"ReadAction\",\"target\":[\"https:\/\/dobrastrefa.com\/index.php\/warsztaty-i-zajecia\/\"]}]},{\"@type\":\"ImageObject\",\"inLanguage\":\"pl-PL\",\"@id\":\"https:\/\/dobrastrefa.com\/index.php\/warsztaty-i-zajecia\/#primaryimage\",\"url\":\"https:\/\/dobrastrefa.com\/wp-content\/uploads\/2023\/03\/Zdjecia-na-stron-diy-20008005.png\",\"contentUrl\":\"https:\/\/dobrastrefa.com\/wp-content\/uploads\/2023\/03\/Zdjecia-na-stron-diy-20008005.png\",\"width\":2000,\"height\":800,\"caption\":\"zaj\u0119cia i warsztaty dla Dzieci i doros\u0142ych\"},{\"@type\":\"BreadcrumbList\",\"@id\":\"https:\/\/dobrastrefa.com\/index.php\/warsztaty-i-zajecia\/#breadcrumb\",\"itemListElement\":[{\"@type\":\"ListItem\",\"position\":1,\"name\":\"Strona g\u0142\u00f3wna\",\"item\":\"http:\/\/dobrastrefa.com\/\"},{\"@type\":\"ListItem\",\"position\":2,\"name\":\"Zaj\u0119cia i warsztaty w Dobrej Strefie\"}]},{\"@type\":\"WebSite\",\"@id\":\"http:\/\/dobrastrefa.com\/#website\",\"url\":\"http:\/\/dobrastrefa.com\/\",\"name\":\"DobraStrefa.com\",\"description\":\"\",\"publisher\":{\"@id\":\"http:\/\/dobrastrefa.com\/#organization\"},\"potentialAction\":[{\"@type\":\"SearchAction\",\"target\":{\"@type\":\"EntryPoint\",\"urlTemplate\":\"http:\/\/dobrastrefa.com\/?s={search_term_string}\"},\"query-input\":{\"@type\":\"PropertyValueSpecification\",\"valueRequired\":true,\"valueName\":\"search_term_string\"}}],\"inLanguage\":\"pl-PL\"},{\"@type\":\"Organization\",\"@id\":\"http:\/\/dobrastrefa.com\/#organization\",\"name\":\"Dobra Strefa\",\"url\":\"http:\/\/dobrastrefa.com\/\",\"logo\":{\"@type\":\"ImageObject\",\"inLanguage\":\"pl-PL\",\"@id\":\"http:\/\/dobrastrefa.com\/#\/schema\/logo\/image\/\",\"url\":\"https:\/\/dobrastrefa.com\/wp-content\/uploads\/2023\/03\/cropped-Projekt-bez-tytulu51-logo-500-500.png\",\"contentUrl\":\"https:\/\/dobrastrefa.com\/wp-content\/uploads\/2023\/03\/cropped-Projekt-bez-tytulu51-logo-500-500.png\",\"width\":500,\"height\":107,\"caption\":\"Dobra Strefa\"},\"image\":{\"@id\":\"http:\/\/dobrastrefa.com\/#\/schema\/logo\/image\/\"},\"sameAs\":[\"https:\/\/www.facebook.com\/KawaZabawaWarsztaty\/\",\"https:\/\/www.instagram.com\/dobra.strefa\/\"]}]}<\/script>\n<!-- \/ Yoast SEO plugin. -->","yoast_head_json":{"title":"Zaj\u0119cia i warsztaty w Dobrej Strefie","description":"Warsztaty i zaj\u0119cia dla Dzieci i Doros\u0142ych. Zaj\u0119cia plastyczne, taneczne, sensoryczne, gordonki, TUS, angielski, joga, plansz\u00f3wki i inne","robots":{"index":"index","follow":"follow","max-snippet":"max-snippet:-1","max-image-preview":"max-image-preview:large","max-video-preview":"max-video-preview:-1"},"canonical":"https:\/\/dobrastrefa.com\/index.php\/warsztaty-i-zajecia\/","og_locale":"pl_PL","og_type":"article","og_title":"Zaj\u0119cia i warsztaty w Dobrej Strefie","og_description":"Warsztaty i zaj\u0119cia dla Dzieci i Doros\u0142ych. Zaj\u0119cia plastyczne, taneczne, sensoryczne, gordonki, TUS, angielski, joga, plansz\u00f3wki i inne","og_url":"https:\/\/dobrastrefa.com\/index.php\/warsztaty-i-zajecia\/","article_publisher":"https:\/\/www.facebook.com\/KawaZabawaWarsztaty\/","article_modified_time":"2025-01-23T09:41:32+00:00","og_image":[{"width":1024,"height":410,"url":"https:\/\/dobrastrefa.com\/wp-content\/uploads\/2023\/03\/Zdjecia-na-stron-diy-20008005-1024x410.png","type":"image\/png"}],"twitter_card":"summary_large_image","twitter_misc":{"Szacowany czas czytania":"3 minuty"},"schema":{"@context":"https:\/\/schema.org","@graph":[{"@type":"WebPage","@id":"https:\/\/dobrastrefa.com\/index.php\/warsztaty-i-zajecia\/","url":"https:\/\/dobrastrefa.com\/index.php\/warsztaty-i-zajecia\/","name":"Zaj\u0119cia i warsztaty w Dobrej Strefie","isPartOf":{"@id":"http:\/\/dobrastrefa.com\/#website"},"primaryImageOfPage":{"@id":"https:\/\/dobrastrefa.com\/index.php\/warsztaty-i-zajecia\/#primaryimage"},"image":{"@id":"https:\/\/dobrastrefa.com\/index.php\/warsztaty-i-zajecia\/#primaryimage"},"thumbnailUrl":"https:\/\/dobrastrefa.com\/wp-content\/uploads\/2023\/03\/Zdjecia-na-stron-diy-20008005.png","datePublished":"2023-03-04T14:09:05+00:00","dateModified":"2025-01-23T09:41:32+00:00","description":"Warsztaty i zaj\u0119cia dla Dzieci i Doros\u0142ych. Zaj\u0119cia plastyczne, taneczne, sensoryczne, gordonki, TUS, angielski, joga, plansz\u00f3wki i inne","breadcrumb":{"@id":"https:\/\/dobrastrefa.com\/index.php\/warsztaty-i-zajecia\/#breadcrumb"},"inLanguage":"pl-PL","potentialAction":[{"@type":"ReadAction","target":["https:\/\/dobrastrefa.com\/index.php\/warsztaty-i-zajecia\/"]}]},{"@type":"ImageObject","inLanguage":"pl-PL","@id":"https:\/\/dobrastrefa.com\/index.php\/warsztaty-i-zajecia\/#primaryimage","url":"https:\/\/dobrastrefa.com\/wp-content\/uploads\/2023\/03\/Zdjecia-na-stron-diy-20008005.png","contentUrl":"https:\/\/dobrastrefa.com\/wp-content\/uploads\/2023\/03\/Zdjecia-na-stron-diy-20008005.png","width":2000,"height":800,"caption":"zaj\u0119cia i warsztaty dla Dzieci i doros\u0142ych"},{"@type":"BreadcrumbList","@id":"https:\/\/dobrastrefa.com\/index.php\/warsztaty-i-zajecia\/#breadcrumb","itemListElement":[{"@type":"ListItem","position":1,"name":"Strona g\u0142\u00f3wna","item":"http:\/\/dobrastrefa.com\/"},{"@type":"ListItem","position":2,"name":"Zaj\u0119cia i warsztaty w Dobrej Strefie"}]},{"@type":"WebSite","@id":"http:\/\/dobrastrefa.com\/#website","url":"http:\/\/dobrastrefa.com\/","name":"DobraStrefa.com","description":"","publisher":{"@id":"http:\/\/dobrastrefa.com\/#organization"},"potentialAction":[{"@type":"SearchAction","target":{"@type":"EntryPoint","urlTemplate":"http:\/\/dobrastrefa.com\/?s={search_term_string}"},"query-input":{"@type":"PropertyValueSpecification","valueRequired":true,"valueName":"search_term_string"}}],"inLanguage":"pl-PL"},{"@type":"Organization","@id":"http:\/\/dobrastrefa.com\/#organization","name":"Dobra Strefa","url":"http:\/\/dobrastrefa.com\/","logo":{"@type":"ImageObject","inLanguage":"pl-PL","@id":"http:\/\/dobrastrefa.com\/#\/schema\/logo\/image\/","url":"https:\/\/dobrastrefa.com\/wp-content\/uploads\/2023\/03\/cropped-Projekt-bez-tytulu51-logo-500-500.png","contentUrl":"https:\/\/dobrastrefa.com\/wp-content\/uploads\/2023\/03\/cropped-Projekt-bez-tytulu51-logo-500-500.png","width":500,"height":107,"caption":"Dobra Strefa"},"image":{"@id":"http:\/\/dobrastrefa.com\/#\/schema\/logo\/image\/"},"sameAs":["https:\/\/www.facebook.com\/KawaZabawaWarsztaty\/","https:\/\/www.instagram.com\/dobra.strefa\/"]}]}},"jetpack_sharing_enabled":true,"_links":{"self":[{"href":"https:\/\/dobrastrefa.com\/index.php\/wp-json\/wp\/v2\/pages\/39","targetHints":{"allow":["GET"]}}],"collection":[{"href":"https:\/\/dobrastrefa.com\/index.php\/wp-json\/wp\/v2\/pages"}],"about":[{"href":"https:\/\/dobrastrefa.com\/index.php\/wp-json\/wp\/v2\/types\/page"}],"author":[{"embeddable":true,"href":"https:\/\/dobrastrefa.com\/index.php\/wp-json\/wp\/v2\/users\/1"}],"replies":[{"embeddable":true,"href":"https:\/\/dobrastrefa.com\/index.php\/wp-json\/wp\/v2\/comments?post=39"}],"version-history":[{"count":78,"href":"https:\/\/dobrastrefa.com\/index.php\/wp-json\/wp\/v2\/pages\/39\/revisions"}],"predecessor-version":[{"id":1078,"href":"https:\/\/dobrastrefa.com\/index.php\/wp-json\/wp\/v2\/pages\/39\/revisions\/1078"}],"wp:featuredmedia":[{"embeddable":true,"href":"https:\/\/dobrastrefa.com\/index.php\/wp-json\/wp\/v2\/media\/73"}],"wp:attachment":[{"href":"https:\/\/dobrastrefa.com\/index.php\/wp-json\/wp\/v2\/media?parent=39"}],"curies":[{"name":"wp","href":"https:\/\/api.w.org\/{rel}","templated":true}]}}