{"id":588,"date":"2023-08-20T18:04:19","date_gmt":"2023-08-20T18:04:19","guid":{"rendered":"http:\/\/dobrastrefa.com\/?page_id=588"},"modified":"2025-01-22T08:28:41","modified_gmt":"2025-01-22T08:28:41","slug":"gordonki","status":"publish","type":"page","link":"https:\/\/dobrastrefa.com\/index.php\/gordonki\/","title":{"rendered":"Gordonki"},"content":{"rendered":"\n<p><strong>Gordonki <\/strong>to zaj\u0119cia umuzykalniaj\u0105ce,  dla dzieci od 3 miesi\u0119cy do 4 lat wg. teorii E.E. Gordona (ameryka\u0144ski muzyk, pedagog i psycholog muzyki). Zaj\u0119cia &nbsp;polegaj\u0105 na budowaniu wyobra\u017ani muzycznej. Wykorzystujemy wrodzone &nbsp;zdolno\u015bci muzyczne, kt\u00f3re dla ka\u017cdego nowonarodzonego cz\u0142owieka s\u0105 &nbsp;podobne. W trakcie zaj\u0119\u0107 Pani Daria wykorzystuje &#8211; zgodnie z wytycznymi metody sw\u00f3j g\u0142os. W trakcie zaj\u0119\u0107 u\u017cywamy specjalnych chust, grzechotek na  r\u0105czk\u0119, zwyk\u0142ych, specjalnych wst\u0105\u017cek, kul, a nawet p\u0142atk\u00f3w . Dzieci uwielbiaj\u0105 zaj\u0119cia z Pani\u0105 Dari\u0105! <\/p>\n\n\n\n<p>Gordonki w Dobrej Strefie to czas wsp\u00f3lnej zabawy, improwizacji, na\u015bladowania, budowania wi\u0119zi z Opiekunem \ud83d\ude42<\/p>\n\n\n\n<p><strong>Podczas zaj\u0119\u0107 dzieci <\/strong>os\u0142uchuj\u0105 si\u0119 z muzyk\u0105, d\u017awi\u0119kiem, rytmem. Jest to tak\u017ce okazja &nbsp;do szybszego rozwoju motoryki du\u017cej, koordynacji cia\u0142a, oddechu i &nbsp;rozwoju mowy.  <\/p>\n\n\n\n<p><strong>Czas trwania:<\/strong><br>ok. 30 minut, wykorzystujemy maksymalny czas skupienia dzieci&nbsp;<\/p>\n\n\n\n<p><strong>Uczestnik:&nbsp;<\/strong><\/p>\n\n\n\n<p>dziecko plus jeden opiekun; ilo\u015b\u0107 uczestnik\u00f3w ograniczona&nbsp;<\/p>\n\n\n\n<p>Przede wszystkim b\u0119dzie du\u017co \u015bpiewania i s\u0142uchania melodii \ud83d\ude42<\/p>\n\n\n\n<p><\/p>\n\n\n\n<p>W trakcie Gordonek i innych zaj\u0119\u0107 dla Ma\u0142ych Dzieci nie wywieramy na nikim presji. Dziecko mo\u017ce do\u0142\u0105czy\u0107 do zabawy wtedy, gdy jest gotowe.<\/p>\n\n\n\n<h2 class=\"wp-block-heading\">Gordonki &#8211; zapisy <\/h2>\n\n\n\n<p>Gordonki odbywaj\u0105 si\u0119 w czwartki o 10:30.<\/p>\n\n\n\n<p> Na zaj\u0119cia mo\u017cna zapisa\u0107 si\u0119 na miejscu, w Dobrej Strefie lub telefonicznie 797 282 797.<\/p>\n\n\n\n<p><\/p>\n\n\n\n<h2 class=\"wp-block-heading\">Galeria<\/h2>\n\n\n\n<p>Poni\u017cej galeria zdj\u0119\u0107 z zaj\u0119\u0107. Poniewa\u017c szanujemy intymno\u015b\u0107 Naszych Go\u015bci, staramy si\u0119 aby na zdj\u0119ciach nie by\u0142o Dzieci.<\/p>\n\n\n\n<figure class=\"wp-block-gallery has-nested-images columns-default is-cropped wp-block-gallery-1 is-layout-flex wp-block-gallery-is-layout-flex\">\n<figure class=\"wp-block-image size-large\"><img fetchpriority=\"high\" decoding=\"async\" width=\"1024\" height=\"1024\" data-id=\"773\" src=\"http:\/\/dobrastrefa.com\/wp-content\/uploads\/2024\/01\/DobraStrefa.com-120012002-1-1024x1024.jpg\" alt=\"gordonki_bemowo\" class=\"wp-image-773\" srcset=\"https:\/\/dobrastrefa.com\/wp-content\/uploads\/2024\/01\/DobraStrefa.com-120012002-1-1024x1024.jpg 1024w, https:\/\/dobrastrefa.com\/wp-content\/uploads\/2024\/01\/DobraStrefa.com-120012002-1-300x300.jpg 300w, https:\/\/dobrastrefa.com\/wp-content\/uploads\/2024\/01\/DobraStrefa.com-120012002-1-150x150.jpg 150w, https:\/\/dobrastrefa.com\/wp-content\/uploads\/2024\/01\/DobraStrefa.com-120012002-1-768x768.jpg 768w, https:\/\/dobrastrefa.com\/wp-content\/uploads\/2024\/01\/DobraStrefa.com-120012002-1-860x860.jpg 860w, https:\/\/dobrastrefa.com\/wp-content\/uploads\/2024\/01\/DobraStrefa.com-120012002-1.jpg 1200w\" sizes=\"(max-width: 1024px) 100vw, 1024px\" \/><\/figure>\n\n\n\n<figure class=\"wp-block-image size-large\"><img decoding=\"async\" width=\"1024\" height=\"1024\" data-id=\"772\" src=\"http:\/\/dobrastrefa.com\/wp-content\/uploads\/2024\/01\/DobraStrefa.com-120012001-1024x1024.jpg\" alt=\"zajecia_dla_dzieci_bemowo\" class=\"wp-image-772\" srcset=\"https:\/\/dobrastrefa.com\/wp-content\/uploads\/2024\/01\/DobraStrefa.com-120012001-1024x1024.jpg 1024w, https:\/\/dobrastrefa.com\/wp-content\/uploads\/2024\/01\/DobraStrefa.com-120012001-300x300.jpg 300w, https:\/\/dobrastrefa.com\/wp-content\/uploads\/2024\/01\/DobraStrefa.com-120012001-150x150.jpg 150w, https:\/\/dobrastrefa.com\/wp-content\/uploads\/2024\/01\/DobraStrefa.com-120012001-768x768.jpg 768w, https:\/\/dobrastrefa.com\/wp-content\/uploads\/2024\/01\/DobraStrefa.com-120012001-860x860.jpg 860w, https:\/\/dobrastrefa.com\/wp-content\/uploads\/2024\/01\/DobraStrefa.com-120012001.jpg 1200w\" sizes=\"(max-width: 1024px) 100vw, 1024px\" \/><\/figure>\n\n\n\n<figure class=\"wp-block-image size-large\"><img decoding=\"async\" width=\"1024\" height=\"1024\" data-id=\"774\" src=\"http:\/\/dobrastrefa.com\/wp-content\/uploads\/2024\/01\/DobraStrefa.com-12001200-1024x1024.jpg\" alt=\"gordonki_warszawa\" class=\"wp-image-774\" srcset=\"https:\/\/dobrastrefa.com\/wp-content\/uploads\/2024\/01\/DobraStrefa.com-12001200-1024x1024.jpg 1024w, https:\/\/dobrastrefa.com\/wp-content\/uploads\/2024\/01\/DobraStrefa.com-12001200-300x300.jpg 300w, https:\/\/dobrastrefa.com\/wp-content\/uploads\/2024\/01\/DobraStrefa.com-12001200-150x150.jpg 150w, https:\/\/dobrastrefa.com\/wp-content\/uploads\/2024\/01\/DobraStrefa.com-12001200-768x768.jpg 768w, https:\/\/dobrastrefa.com\/wp-content\/uploads\/2024\/01\/DobraStrefa.com-12001200-860x860.jpg 860w, https:\/\/dobrastrefa.com\/wp-content\/uploads\/2024\/01\/DobraStrefa.com-12001200.jpg 1200w\" sizes=\"(max-width: 1024px) 100vw, 1024px\" \/><\/figure>\n<\/figure>\n\n\n\n<p><\/p>\n","protected":false},"excerpt":{"rendered":"<p>Gordonki to zaj\u0119cia umuzykalniaj\u0105ce, dla dzieci od 3 miesi\u0119cy do 4 lat wg. teorii E.E. Gordona (ameryka\u0144ski muzyk, pedagog i psycholog muzyki). Zaj\u0119cia &nbsp;polegaj\u0105 na budowaniu wyobra\u017ani muzycznej. Wykorzystujemy wrodzone &nbsp;zdolno\u015bci muzyczne, kt\u00f3re dla ka\u017cdego nowonarodzonego cz\u0142owieka s\u0105 &nbsp;podobne. W trakcie zaj\u0119\u0107 Pani Daria wykorzystuje &#8211; zgodnie z wytycznymi metody sw\u00f3j g\u0142os. W trakcie zaj\u0119\u0107 &hellip; <\/p>\n","protected":false},"author":1,"featured_media":0,"parent":0,"menu_order":0,"comment_status":"closed","ping_status":"closed","template":"","meta":{"footnotes":""},"class_list":["post-588","page","type-page","status-publish","hentry"],"yoast_head":"<!-- This site is optimized with the Yoast SEO plugin v25.3.1 - https:\/\/yoast.com\/wordpress\/plugins\/seo\/ -->\n<title>Gordonki -<\/title>\n<meta name=\"description\" content=\"Gordonki to zaj\u0119cia umuzykalniaj\u0105ce dla dzieci od 3 miesi\u0119cy do 4 lat polegaj\u0105ce na budowaniu wyobra\u017ani muzycznej. Muzyka, d\u017awi\u0119k, rytm...\" \/>\n<meta name=\"robots\" content=\"index, follow, max-snippet:-1, max-image-preview:large, max-video-preview:-1\" \/>\n<link rel=\"canonical\" href=\"http:\/\/dobrastrefa.com\/index.php\/gordonki\/\" \/>\n<meta property=\"og:locale\" content=\"pl_PL\" \/>\n<meta property=\"og:type\" content=\"article\" \/>\n<meta property=\"og:title\" content=\"Gordonki -\" \/>\n<meta property=\"og:description\" content=\"Gordonki to zaj\u0119cia umuzykalniaj\u0105ce dla dzieci od 3 miesi\u0119cy do 4 lat polegaj\u0105ce na budowaniu wyobra\u017ani muzycznej. Muzyka, d\u017awi\u0119k, rytm...\" \/>\n<meta property=\"og:url\" content=\"http:\/\/dobrastrefa.com\/index.php\/gordonki\/\" \/>\n<meta property=\"article:publisher\" content=\"https:\/\/www.facebook.com\/KawaZabawaWarsztaty\/\" \/>\n<meta property=\"article:modified_time\" content=\"2025-01-22T08:28:41+00:00\" \/>\n<meta property=\"og:image\" content=\"http:\/\/dobrastrefa.com\/wp-content\/uploads\/2024\/01\/DobraStrefa.com-120012002-1-1024x1024.jpg\" \/>\n<meta name=\"twitter:card\" content=\"summary_large_image\" \/>\n<meta name=\"twitter:label1\" content=\"Szacowany czas czytania\" \/>\n\t<meta name=\"twitter:data1\" content=\"2 minuty\" \/>\n<script type=\"application\/ld+json\" class=\"yoast-schema-graph\">{\"@context\":\"https:\/\/schema.org\",\"@graph\":[{\"@type\":\"WebPage\",\"@id\":\"http:\/\/dobrastrefa.com\/index.php\/gordonki\/\",\"url\":\"http:\/\/dobrastrefa.com\/index.php\/gordonki\/\",\"name\":\"Gordonki -\",\"isPartOf\":{\"@id\":\"http:\/\/dobrastrefa.com\/#website\"},\"primaryImageOfPage\":{\"@id\":\"http:\/\/dobrastrefa.com\/index.php\/gordonki\/#primaryimage\"},\"image\":{\"@id\":\"http:\/\/dobrastrefa.com\/index.php\/gordonki\/#primaryimage\"},\"thumbnailUrl\":\"http:\/\/dobrastrefa.com\/wp-content\/uploads\/2024\/01\/DobraStrefa.com-120012002-1-1024x1024.jpg\",\"datePublished\":\"2023-08-20T18:04:19+00:00\",\"dateModified\":\"2025-01-22T08:28:41+00:00\",\"description\":\"Gordonki to zaj\u0119cia umuzykalniaj\u0105ce dla dzieci od 3 miesi\u0119cy do 4 lat polegaj\u0105ce na budowaniu wyobra\u017ani muzycznej. Muzyka, d\u017awi\u0119k, rytm...\",\"breadcrumb\":{\"@id\":\"http:\/\/dobrastrefa.com\/index.php\/gordonki\/#breadcrumb\"},\"inLanguage\":\"pl-PL\",\"potentialAction\":[{\"@type\":\"ReadAction\",\"target\":[\"http:\/\/dobrastrefa.com\/index.php\/gordonki\/\"]}]},{\"@type\":\"ImageObject\",\"inLanguage\":\"pl-PL\",\"@id\":\"http:\/\/dobrastrefa.com\/index.php\/gordonki\/#primaryimage\",\"url\":\"https:\/\/dobrastrefa.com\/wp-content\/uploads\/2024\/01\/DobraStrefa.com-120012002-1.jpg\",\"contentUrl\":\"https:\/\/dobrastrefa.com\/wp-content\/uploads\/2024\/01\/DobraStrefa.com-120012002-1.jpg\",\"width\":1200,\"height\":1200},{\"@type\":\"BreadcrumbList\",\"@id\":\"http:\/\/dobrastrefa.com\/index.php\/gordonki\/#breadcrumb\",\"itemListElement\":[{\"@type\":\"ListItem\",\"position\":1,\"name\":\"Strona g\u0142\u00f3wna\",\"item\":\"http:\/\/dobrastrefa.com\/\"},{\"@type\":\"ListItem\",\"position\":2,\"name\":\"Gordonki\"}]},{\"@type\":\"WebSite\",\"@id\":\"http:\/\/dobrastrefa.com\/#website\",\"url\":\"http:\/\/dobrastrefa.com\/\",\"name\":\"DobraStrefa.com\",\"description\":\"\",\"publisher\":{\"@id\":\"http:\/\/dobrastrefa.com\/#organization\"},\"potentialAction\":[{\"@type\":\"SearchAction\",\"target\":{\"@type\":\"EntryPoint\",\"urlTemplate\":\"http:\/\/dobrastrefa.com\/?s={search_term_string}\"},\"query-input\":{\"@type\":\"PropertyValueSpecification\",\"valueRequired\":true,\"valueName\":\"search_term_string\"}}],\"inLanguage\":\"pl-PL\"},{\"@type\":\"Organization\",\"@id\":\"http:\/\/dobrastrefa.com\/#organization\",\"name\":\"Dobra Strefa\",\"url\":\"http:\/\/dobrastrefa.com\/\",\"logo\":{\"@type\":\"ImageObject\",\"inLanguage\":\"pl-PL\",\"@id\":\"http:\/\/dobrastrefa.com\/#\/schema\/logo\/image\/\",\"url\":\"https:\/\/dobrastrefa.com\/wp-content\/uploads\/2023\/03\/cropped-Projekt-bez-tytulu51-logo-500-500.png\",\"contentUrl\":\"https:\/\/dobrastrefa.com\/wp-content\/uploads\/2023\/03\/cropped-Projekt-bez-tytulu51-logo-500-500.png\",\"width\":500,\"height\":107,\"caption\":\"Dobra Strefa\"},\"image\":{\"@id\":\"http:\/\/dobrastrefa.com\/#\/schema\/logo\/image\/\"},\"sameAs\":[\"https:\/\/www.facebook.com\/KawaZabawaWarsztaty\/\",\"https:\/\/www.instagram.com\/dobra.strefa\/\"]}]}<\/script>\n<!-- \/ Yoast SEO plugin. -->","yoast_head_json":{"title":"Gordonki -","description":"Gordonki to zaj\u0119cia umuzykalniaj\u0105ce dla dzieci od 3 miesi\u0119cy do 4 lat polegaj\u0105ce na budowaniu wyobra\u017ani muzycznej. Muzyka, d\u017awi\u0119k, rytm...","robots":{"index":"index","follow":"follow","max-snippet":"max-snippet:-1","max-image-preview":"max-image-preview:large","max-video-preview":"max-video-preview:-1"},"canonical":"http:\/\/dobrastrefa.com\/index.php\/gordonki\/","og_locale":"pl_PL","og_type":"article","og_title":"Gordonki -","og_description":"Gordonki to zaj\u0119cia umuzykalniaj\u0105ce dla dzieci od 3 miesi\u0119cy do 4 lat polegaj\u0105ce na budowaniu wyobra\u017ani muzycznej. Muzyka, d\u017awi\u0119k, rytm...","og_url":"http:\/\/dobrastrefa.com\/index.php\/gordonki\/","article_publisher":"https:\/\/www.facebook.com\/KawaZabawaWarsztaty\/","article_modified_time":"2025-01-22T08:28:41+00:00","og_image":[{"url":"http:\/\/dobrastrefa.com\/wp-content\/uploads\/2024\/01\/DobraStrefa.com-120012002-1-1024x1024.jpg","type":"","width":"","height":""}],"twitter_card":"summary_large_image","twitter_misc":{"Szacowany czas czytania":"2 minuty"},"schema":{"@context":"https:\/\/schema.org","@graph":[{"@type":"WebPage","@id":"http:\/\/dobrastrefa.com\/index.php\/gordonki\/","url":"http:\/\/dobrastrefa.com\/index.php\/gordonki\/","name":"Gordonki -","isPartOf":{"@id":"http:\/\/dobrastrefa.com\/#website"},"primaryImageOfPage":{"@id":"http:\/\/dobrastrefa.com\/index.php\/gordonki\/#primaryimage"},"image":{"@id":"http:\/\/dobrastrefa.com\/index.php\/gordonki\/#primaryimage"},"thumbnailUrl":"http:\/\/dobrastrefa.com\/wp-content\/uploads\/2024\/01\/DobraStrefa.com-120012002-1-1024x1024.jpg","datePublished":"2023-08-20T18:04:19+00:00","dateModified":"2025-01-22T08:28:41+00:00","description":"Gordonki to zaj\u0119cia umuzykalniaj\u0105ce dla dzieci od 3 miesi\u0119cy do 4 lat polegaj\u0105ce na budowaniu wyobra\u017ani muzycznej. Muzyka, d\u017awi\u0119k, rytm...","breadcrumb":{"@id":"http:\/\/dobrastrefa.com\/index.php\/gordonki\/#breadcrumb"},"inLanguage":"pl-PL","potentialAction":[{"@type":"ReadAction","target":["http:\/\/dobrastrefa.com\/index.php\/gordonki\/"]}]},{"@type":"ImageObject","inLanguage":"pl-PL","@id":"http:\/\/dobrastrefa.com\/index.php\/gordonki\/#primaryimage","url":"https:\/\/dobrastrefa.com\/wp-content\/uploads\/2024\/01\/DobraStrefa.com-120012002-1.jpg","contentUrl":"https:\/\/dobrastrefa.com\/wp-content\/uploads\/2024\/01\/DobraStrefa.com-120012002-1.jpg","width":1200,"height":1200},{"@type":"BreadcrumbList","@id":"http:\/\/dobrastrefa.com\/index.php\/gordonki\/#breadcrumb","itemListElement":[{"@type":"ListItem","position":1,"name":"Strona g\u0142\u00f3wna","item":"http:\/\/dobrastrefa.com\/"},{"@type":"ListItem","position":2,"name":"Gordonki"}]},{"@type":"WebSite","@id":"http:\/\/dobrastrefa.com\/#website","url":"http:\/\/dobrastrefa.com\/","name":"DobraStrefa.com","description":"","publisher":{"@id":"http:\/\/dobrastrefa.com\/#organization"},"potentialAction":[{"@type":"SearchAction","target":{"@type":"EntryPoint","urlTemplate":"http:\/\/dobrastrefa.com\/?s={search_term_string}"},"query-input":{"@type":"PropertyValueSpecification","valueRequired":true,"valueName":"search_term_string"}}],"inLanguage":"pl-PL"},{"@type":"Organization","@id":"http:\/\/dobrastrefa.com\/#organization","name":"Dobra Strefa","url":"http:\/\/dobrastrefa.com\/","logo":{"@type":"ImageObject","inLanguage":"pl-PL","@id":"http:\/\/dobrastrefa.com\/#\/schema\/logo\/image\/","url":"https:\/\/dobrastrefa.com\/wp-content\/uploads\/2023\/03\/cropped-Projekt-bez-tytulu51-logo-500-500.png","contentUrl":"https:\/\/dobrastrefa.com\/wp-content\/uploads\/2023\/03\/cropped-Projekt-bez-tytulu51-logo-500-500.png","width":500,"height":107,"caption":"Dobra Strefa"},"image":{"@id":"http:\/\/dobrastrefa.com\/#\/schema\/logo\/image\/"},"sameAs":["https:\/\/www.facebook.com\/KawaZabawaWarsztaty\/","https:\/\/www.instagram.com\/dobra.strefa\/"]}]}},"jetpack_sharing_enabled":true,"_links":{"self":[{"href":"https:\/\/dobrastrefa.com\/index.php\/wp-json\/wp\/v2\/pages\/588","targetHints":{"allow":["GET"]}}],"collection":[{"href":"https:\/\/dobrastrefa.com\/index.php\/wp-json\/wp\/v2\/pages"}],"about":[{"href":"https:\/\/dobrastrefa.com\/index.php\/wp-json\/wp\/v2\/types\/page"}],"author":[{"embeddable":true,"href":"https:\/\/dobrastrefa.com\/index.php\/wp-json\/wp\/v2\/users\/1"}],"replies":[{"embeddable":true,"href":"https:\/\/dobrastrefa.com\/index.php\/wp-json\/wp\/v2\/comments?post=588"}],"version-history":[{"count":9,"href":"https:\/\/dobrastrefa.com\/index.php\/wp-json\/wp\/v2\/pages\/588\/revisions"}],"predecessor-version":[{"id":1043,"href":"https:\/\/dobrastrefa.com\/index.php\/wp-json\/wp\/v2\/pages\/588\/revisions\/1043"}],"wp:attachment":[{"href":"https:\/\/dobrastrefa.com\/index.php\/wp-json\/wp\/v2\/media?parent=588"}],"curies":[{"name":"wp","href":"https:\/\/api.w.org\/{rel}","templated":true}]}}