{"id":615,"date":"2023-08-23T13:50:15","date_gmt":"2023-08-23T13:50:15","guid":{"rendered":"http:\/\/dobrastrefa.com\/?page_id=615"},"modified":"2023-08-23T13:50:17","modified_gmt":"2023-08-23T13:50:17","slug":"capoeira","status":"publish","type":"page","link":"https:\/\/dobrastrefa.com\/index.php\/capoeira\/","title":{"rendered":"Capoeira"},"content":{"rendered":"\n<p>Czym jest Capoeira?<br>Capoeira to brazylijska sztuka-walki,<br>kt\u00f3ra ma w sobie elementy muzyczne, taneczne i akrobatyczne.<br>W 2014 roku capoeira zosta\u0142a uznana za niematerialne<br>dziedzictwo kulturowe Brazylii<\/p>\n","protected":false},"excerpt":{"rendered":"<p>Czym jest Capoeira?Capoeira to brazylijska sztuka-walki,kt\u00f3ra ma w sobie elementy muzyczne, taneczne i akrobatyczne.W 2014 roku capoeira zosta\u0142a uznana za niematerialnedziedzictwo kulturowe Brazylii<\/p>\n","protected":false},"author":1,"featured_media":0,"parent":0,"menu_order":0,"comment_status":"closed","ping_status":"closed","template":"","meta":{"footnotes":""},"class_list":["post-615","page","type-page","status-publish","hentry"],"yoast_head":"<!-- This site is optimized with the Yoast SEO plugin v25.3.1 - https:\/\/yoast.com\/wordpress\/plugins\/seo\/ -->\n<title>Capoeira -<\/title>\n<meta name=\"description\" content=\"Capoeira to brazylijska sztuka-walki,kt\u00f3ra ma w sobie elementy muzyczne, taneczne i akrobatyczne. Zaj\u0119cia dla Dzieci, M\u0142odzie\u017cy, Doros\u0142ych\" \/>\n<meta name=\"robots\" content=\"index, follow, max-snippet:-1, max-image-preview:large, max-video-preview:-1\" \/>\n<link rel=\"canonical\" href=\"http:\/\/dobrastrefa.com\/index.php\/capoeira\/\" \/>\n<meta property=\"og:locale\" content=\"pl_PL\" \/>\n<meta property=\"og:type\" content=\"article\" \/>\n<meta property=\"og:title\" content=\"Capoeira -\" \/>\n<meta property=\"og:description\" content=\"Capoeira to brazylijska sztuka-walki,kt\u00f3ra ma w sobie elementy muzyczne, taneczne i akrobatyczne. Zaj\u0119cia dla Dzieci, M\u0142odzie\u017cy, Doros\u0142ych\" \/>\n<meta property=\"og:url\" content=\"http:\/\/dobrastrefa.com\/index.php\/capoeira\/\" \/>\n<meta property=\"article:publisher\" content=\"https:\/\/www.facebook.com\/KawaZabawaWarsztaty\/\" \/>\n<meta property=\"article:modified_time\" content=\"2023-08-23T13:50:17+00:00\" \/>\n<meta name=\"twitter:card\" content=\"summary_large_image\" \/>\n<meta name=\"twitter:label1\" content=\"Szacowany czas czytania\" \/>\n\t<meta name=\"twitter:data1\" content=\"1 minuta\" \/>\n<script type=\"application\/ld+json\" class=\"yoast-schema-graph\">{\"@context\":\"https:\/\/schema.org\",\"@graph\":[{\"@type\":\"WebPage\",\"@id\":\"http:\/\/dobrastrefa.com\/index.php\/capoeira\/\",\"url\":\"http:\/\/dobrastrefa.com\/index.php\/capoeira\/\",\"name\":\"Capoeira -\",\"isPartOf\":{\"@id\":\"http:\/\/dobrastrefa.com\/#website\"},\"datePublished\":\"2023-08-23T13:50:15+00:00\",\"dateModified\":\"2023-08-23T13:50:17+00:00\",\"description\":\"Capoeira to brazylijska sztuka-walki,kt\u00f3ra ma w sobie elementy muzyczne, taneczne i akrobatyczne. Zaj\u0119cia dla Dzieci, M\u0142odzie\u017cy, Doros\u0142ych\",\"breadcrumb\":{\"@id\":\"http:\/\/dobrastrefa.com\/index.php\/capoeira\/#breadcrumb\"},\"inLanguage\":\"pl-PL\",\"potentialAction\":[{\"@type\":\"ReadAction\",\"target\":[\"http:\/\/dobrastrefa.com\/index.php\/capoeira\/\"]}]},{\"@type\":\"BreadcrumbList\",\"@id\":\"http:\/\/dobrastrefa.com\/index.php\/capoeira\/#breadcrumb\",\"itemListElement\":[{\"@type\":\"ListItem\",\"position\":1,\"name\":\"Strona g\u0142\u00f3wna\",\"item\":\"http:\/\/dobrastrefa.com\/\"},{\"@type\":\"ListItem\",\"position\":2,\"name\":\"Capoeira\"}]},{\"@type\":\"WebSite\",\"@id\":\"http:\/\/dobrastrefa.com\/#website\",\"url\":\"http:\/\/dobrastrefa.com\/\",\"name\":\"DobraStrefa.com\",\"description\":\"\",\"publisher\":{\"@id\":\"http:\/\/dobrastrefa.com\/#organization\"},\"potentialAction\":[{\"@type\":\"SearchAction\",\"target\":{\"@type\":\"EntryPoint\",\"urlTemplate\":\"http:\/\/dobrastrefa.com\/?s={search_term_string}\"},\"query-input\":{\"@type\":\"PropertyValueSpecification\",\"valueRequired\":true,\"valueName\":\"search_term_string\"}}],\"inLanguage\":\"pl-PL\"},{\"@type\":\"Organization\",\"@id\":\"http:\/\/dobrastrefa.com\/#organization\",\"name\":\"Dobra Strefa\",\"url\":\"http:\/\/dobrastrefa.com\/\",\"logo\":{\"@type\":\"ImageObject\",\"inLanguage\":\"pl-PL\",\"@id\":\"http:\/\/dobrastrefa.com\/#\/schema\/logo\/image\/\",\"url\":\"https:\/\/dobrastrefa.com\/wp-content\/uploads\/2023\/03\/cropped-Projekt-bez-tytulu51-logo-500-500.png\",\"contentUrl\":\"https:\/\/dobrastrefa.com\/wp-content\/uploads\/2023\/03\/cropped-Projekt-bez-tytulu51-logo-500-500.png\",\"width\":500,\"height\":107,\"caption\":\"Dobra Strefa\"},\"image\":{\"@id\":\"http:\/\/dobrastrefa.com\/#\/schema\/logo\/image\/\"},\"sameAs\":[\"https:\/\/www.facebook.com\/KawaZabawaWarsztaty\/\",\"https:\/\/www.instagram.com\/dobra.strefa\/\"]}]}<\/script>\n<!-- \/ Yoast SEO plugin. -->","yoast_head_json":{"title":"Capoeira -","description":"Capoeira to brazylijska sztuka-walki,kt\u00f3ra ma w sobie elementy muzyczne, taneczne i akrobatyczne. Zaj\u0119cia dla Dzieci, M\u0142odzie\u017cy, Doros\u0142ych","robots":{"index":"index","follow":"follow","max-snippet":"max-snippet:-1","max-image-preview":"max-image-preview:large","max-video-preview":"max-video-preview:-1"},"canonical":"http:\/\/dobrastrefa.com\/index.php\/capoeira\/","og_locale":"pl_PL","og_type":"article","og_title":"Capoeira -","og_description":"Capoeira to brazylijska sztuka-walki,kt\u00f3ra ma w sobie elementy muzyczne, taneczne i akrobatyczne. Zaj\u0119cia dla Dzieci, M\u0142odzie\u017cy, Doros\u0142ych","og_url":"http:\/\/dobrastrefa.com\/index.php\/capoeira\/","article_publisher":"https:\/\/www.facebook.com\/KawaZabawaWarsztaty\/","article_modified_time":"2023-08-23T13:50:17+00:00","twitter_card":"summary_large_image","twitter_misc":{"Szacowany czas czytania":"1 minuta"},"schema":{"@context":"https:\/\/schema.org","@graph":[{"@type":"WebPage","@id":"http:\/\/dobrastrefa.com\/index.php\/capoeira\/","url":"http:\/\/dobrastrefa.com\/index.php\/capoeira\/","name":"Capoeira -","isPartOf":{"@id":"http:\/\/dobrastrefa.com\/#website"},"datePublished":"2023-08-23T13:50:15+00:00","dateModified":"2023-08-23T13:50:17+00:00","description":"Capoeira to brazylijska sztuka-walki,kt\u00f3ra ma w sobie elementy muzyczne, taneczne i akrobatyczne. Zaj\u0119cia dla Dzieci, M\u0142odzie\u017cy, Doros\u0142ych","breadcrumb":{"@id":"http:\/\/dobrastrefa.com\/index.php\/capoeira\/#breadcrumb"},"inLanguage":"pl-PL","potentialAction":[{"@type":"ReadAction","target":["http:\/\/dobrastrefa.com\/index.php\/capoeira\/"]}]},{"@type":"BreadcrumbList","@id":"http:\/\/dobrastrefa.com\/index.php\/capoeira\/#breadcrumb","itemListElement":[{"@type":"ListItem","position":1,"name":"Strona g\u0142\u00f3wna","item":"http:\/\/dobrastrefa.com\/"},{"@type":"ListItem","position":2,"name":"Capoeira"}]},{"@type":"WebSite","@id":"http:\/\/dobrastrefa.com\/#website","url":"http:\/\/dobrastrefa.com\/","name":"DobraStrefa.com","description":"","publisher":{"@id":"http:\/\/dobrastrefa.com\/#organization"},"potentialAction":[{"@type":"SearchAction","target":{"@type":"EntryPoint","urlTemplate":"http:\/\/dobrastrefa.com\/?s={search_term_string}"},"query-input":{"@type":"PropertyValueSpecification","valueRequired":true,"valueName":"search_term_string"}}],"inLanguage":"pl-PL"},{"@type":"Organization","@id":"http:\/\/dobrastrefa.com\/#organization","name":"Dobra Strefa","url":"http:\/\/dobrastrefa.com\/","logo":{"@type":"ImageObject","inLanguage":"pl-PL","@id":"http:\/\/dobrastrefa.com\/#\/schema\/logo\/image\/","url":"https:\/\/dobrastrefa.com\/wp-content\/uploads\/2023\/03\/cropped-Projekt-bez-tytulu51-logo-500-500.png","contentUrl":"https:\/\/dobrastrefa.com\/wp-content\/uploads\/2023\/03\/cropped-Projekt-bez-tytulu51-logo-500-500.png","width":500,"height":107,"caption":"Dobra Strefa"},"image":{"@id":"http:\/\/dobrastrefa.com\/#\/schema\/logo\/image\/"},"sameAs":["https:\/\/www.facebook.com\/KawaZabawaWarsztaty\/","https:\/\/www.instagram.com\/dobra.strefa\/"]}]}},"jetpack_sharing_enabled":true,"_links":{"self":[{"href":"https:\/\/dobrastrefa.com\/index.php\/wp-json\/wp\/v2\/pages\/615","targetHints":{"allow":["GET"]}}],"collection":[{"href":"https:\/\/dobrastrefa.com\/index.php\/wp-json\/wp\/v2\/pages"}],"about":[{"href":"https:\/\/dobrastrefa.com\/index.php\/wp-json\/wp\/v2\/types\/page"}],"author":[{"embeddable":true,"href":"https:\/\/dobrastrefa.com\/index.php\/wp-json\/wp\/v2\/users\/1"}],"replies":[{"embeddable":true,"href":"https:\/\/dobrastrefa.com\/index.php\/wp-json\/wp\/v2\/comments?post=615"}],"version-history":[{"count":1,"href":"https:\/\/dobrastrefa.com\/index.php\/wp-json\/wp\/v2\/pages\/615\/revisions"}],"predecessor-version":[{"id":616,"href":"https:\/\/dobrastrefa.com\/index.php\/wp-json\/wp\/v2\/pages\/615\/revisions\/616"}],"wp:attachment":[{"href":"https:\/\/dobrastrefa.com\/index.php\/wp-json\/wp\/v2\/media?parent=615"}],"curies":[{"name":"wp","href":"https:\/\/api.w.org\/{rel}","templated":true}]}}