{"id":83,"date":"2023-03-04T18:59:44","date_gmt":"2023-03-04T18:59:44","guid":{"rendered":"http:\/\/dobrastrefa.com\/?page_id=83"},"modified":"2025-07-02T11:48:19","modified_gmt":"2025-07-02T11:48:19","slug":"dobra-strefa-kontakt","status":"publish","type":"page","link":"https:\/\/dobrastrefa.com\/index.php\/dobra-strefa-kontakt\/","title":{"rendered":"Dobra Strefa Kontakt"},"content":{"rendered":"\n<h2 class=\"wp-block-heading\">Strefa Zabaw &#8211; Strefa Kawy &#8211; kontakt mailowy, telefoniczny, osobisty<\/h2>\n\n\n\n<p>Kontakt z Dobr\u0105 Stref\u0105 to mo\u017cliwo\u015b\u0107 rezerwacji termin\u00f3w i zam\u00f3wie\u0144 na <a href=\"http:\/\/dobrastrefa.com\/index.php\/sample-page\/urodzinki\/\">urodzinki<\/a> oraz imprezy okoliczno\u015bciowe &#8211; komunie, chrzty, przyj\u0119cia, jubileusze przyjmujemy na miejscu, elektronicznie &#8211; kontakt@dobrastrefa.com oraz telefonicznie 797 282 797. Rezerwacja terminu wi\u0105\u017ce si\u0119 z konieczno\u015bci\u0105 wp\u0142acenia zadatku, poniewa\u017c rezerwujemy czas i sal\u0119 dla Waszej dyspozycji. Istnieje mo\u017cliwo\u015b\u0107 op\u0142aty kart\u0105 lub got\u00f3wk\u0105 w lokalu, Sala Zabaw z kawiarni\u0105 Dobra Strefa ul. Czumy 3e lub przelewem. Wiemy, \u017ce ksi\u0119gowanie \u015brodk\u00f3w chwilk\u0119 trwa, dlatego oczekujemy na przelew (rezerwacja terminu) maksymalnie 2 dni robocze. Numer konta: 20 1160 2202 0000 0006 2081 0920. Prosimy o przes\u0142anie potwierdzenia przelewu na nasz adres e mail. Z pewno\u015bci\u0105 u\u0142atwi to proces i zagwarantuje rezerwacj\u0119 terminu.<\/p>\n\n\n\n<h2 class=\"wp-block-heading\">Strefa warsztat\u00f3w i zaj\u0119\u0107 dodatkowych<\/h2>\n\n\n\n<p>Rezerwacje zaj\u0119\u0107 dodatkowych, warsztat\u00f3w, atrakcji odbywaj\u0105 si\u0119 na dwa sposoby. Mo\u017cna skorzysta\u0107 z powy\u017cszych opcji podczas gdy rezerwacji zaj\u0119\u0107 mo\u017cna dokona\u0107 tak\u017ce przez wsp\u00f3\u0142pracuj\u0105ce z nami portale. Zamieszczamy na nich ofert\u0119 podstawow\u0105 naszych zaj\u0119\u0107. Niekt\u00f3re opcje i oferty promocyjne s\u0105 dost\u0119pne tylko w Dobrej Strefie, poniewa\u017c tylko na miejscu mamy mo\u017cliwo\u015b\u0107 skoordynowa\u0107 r\u00f3\u017cne oferty promocyjne <\/p>\n\n\n\n<ul class=\"wp-block-list\">\n<li>kidos.pl   <a href=\"https:\/\/kidos.pl\/dobra-strefa-643ed16ca0278c003c8ba92a\/warszawa\">https:\/\/kidos.pl\/dobra-strefa-643ed16ca0278c003c8ba92a\/warszawa<\/a><\/li>\n\n\n\n<li>zdolniaki.pl<\/li>\n<\/ul>\n\n\n\n<h2 class=\"wp-block-heading\">Dobra Strefa kontakt:<\/h2>\n\n\n\n<p class=\"has-medium-font-size\">telefon: <strong>797 282 797 <\/strong><\/p>\n\n\n\n<p class=\"has-medium-font-size\">mail: kontakt@dobrastrefa.com<\/p>\n\n\n\n<p>adres: ul. Gen. Waleriana Czumy 3e<\/p>\n\n\n\n<p>01-355 Warszawa, Bemowo<\/p>\n\n\n\n<hr class=\"wp-block-separator has-alpha-channel-opacity\"\/>\n\n\n\n<p><strong>DSK Services Sp. z o.o.<\/strong><\/p>\n\n\n\n<p>ul. Gen. Waleriana Czumy 3e<\/p>\n\n\n\n<p>01-355 Warszawa<\/p>\n\n\n\n<p>NIP: 5223303059<\/p>\n\n\n\n<p>REGON: 529002653<\/p>\n\n\n\n<p>nr konta Millenium: 20 1160 2202 0000 0006 2081 0920<\/p>\n\n\n\n<h2 class=\"wp-block-heading\">Jak do nas dotrze\u0107? <\/h2>\n\n\n\n<p>Mie\u015bcimy si\u0119 na Bemowie, blisko metra Bemowo i wystarczy kilka krok\u00f3w by tu dotrze\u0107. Wystarczy doj\u015b\u0107 na niewielki lokalny ryneczek przy ul Czumy gdzie zlokalizowane s\u0105 pawilony, Biedronka, Rossmann, i\u015b\u0107 w kierunku  Delikates\u00f3w Centrum, a na koniec skr\u0119ci\u0107 w prawo w drewnian\u0105 bramk\u0119 ozdobion\u0105 z\u0142otym konfetti. Poprzednio mie\u015bci\u0142a si\u0119 tu si\u0142ownia, i wielu naszych Go\u015bci kojarzy to legendarne miejsce sprzed lat. Z pewno\u015bci\u0105 znajdziecie nas bez trudu \ud83d\ude42<\/p>\n\n\n\n<p>Dojazd: &nbsp;<\/p>\n\n\n\n<p>przystanek &nbsp;Metro Bemowo <\/p>\n\n\n\n<p>autobusy &nbsp;<\/p>\n\n\n\n<ul class=\"wp-block-list\">\n<li><a href=\"https:\/\/www.wtp.waw.pl\/rozklady-jazdy\/?wtp_dt=2023-04-22&amp;wtp_md=5&amp;wtp_ln=112&amp;wtp_st=5034&amp;wtp_pt=03&amp;wtp_dr=A&amp;wtp_vr=0&amp;wtp_lm=1\">112<\/a>, <a href=\"https:\/\/www.wtp.waw.pl\/rozklady-jazdy\/?wtp_dt=2023-04-22&amp;wtp_md=5&amp;wtp_ln=122&amp;wtp_st=5034&amp;wtp_pt=03&amp;wtp_dr=A&amp;wtp_vr=0&amp;wtp_lm=1\">12<\/a>2, 149, 167, 171, &nbsp;<a href=\"https:\/\/www.wtp.waw.pl\/rozklady-jazdy\/?wtp_dt=2023-04-22&amp;wtp_md=5&amp;wtp_ln=177&amp;wtp_st=5034&amp;wtp_pt=03&amp;wtp_dr=B&amp;wtp_vr=0&amp;wtp_lm=1\">177<\/a>, 190, 249, 523, 712, 714, 719, 729, 743<\/li>\n<\/ul>\n\n\n\n<p>tramwaje &nbsp;&nbsp;<\/p>\n\n\n\n<ul class=\"wp-block-list\">\n<li><a href=\"https:\/\/www.wtp.waw.pl\/rozklady-jazdy\/?wtp_dt=2023-04-22&amp;wtp_md=5&amp;wtp_ln=11&amp;wtp_st=5034&amp;wtp_pt=08&amp;wtp_dr=A&amp;wtp_vr=0&amp;wtp_lm=1\">1<\/a>1, 26, 28, 78<\/li>\n<\/ul>\n\n\n\n<p>metro Linia 2<\/p>\n\n\n\n<h2 class=\"wp-block-heading\">nasze media spo\u0142eczno\u015bciowe<\/h2>\n\n\n\n<h2 class=\"wp-block-heading\">Dobra Strefa Facebook :<\/h2>\n\n\n\n<p><a href=\"https:\/\/www.facebook.com\/KawaZabawaWarsztaty\/\">DobraStrefa.com<\/a><\/p>\n\n\n\n<h2 class=\"wp-block-heading\">Dobra Strefa Instagram : <\/h2>\n\n\n\n<p><a href=\"https:\/\/www.instagram.com\/dobra.strefa\/\">dobra.strefa<\/a><\/p>\n\n\n\n<p><a href=\"https:\/\/www.instagram.com\/dobra.strefa\/\">https:\/\/www.instagram.com\/dobra.strefa\/<\/a><\/p>\n\n\n\n<p>Zesp\u00f3\u0142 Dobrej Strefy pozostaje do Waszej dyspozycji. Czekamy na Was i zapraszamy do kontaktu!<\/p>\n\n\n\n<figure class=\"wp-block-image size-large\"><img fetchpriority=\"high\" decoding=\"async\" width=\"1024\" height=\"1024\" src=\"http:\/\/dobrastrefa.com\/wp-content\/uploads\/2023\/06\/KBDG-120012004-1024x1024.jpg\" alt=\"dobra strefa kontakt\" class=\"wp-image-420\" srcset=\"https:\/\/dobrastrefa.com\/wp-content\/uploads\/2023\/06\/KBDG-120012004-1024x1024.jpg 1024w, https:\/\/dobrastrefa.com\/wp-content\/uploads\/2023\/06\/KBDG-120012004-300x300.jpg 300w, https:\/\/dobrastrefa.com\/wp-content\/uploads\/2023\/06\/KBDG-120012004-150x150.jpg 150w, https:\/\/dobrastrefa.com\/wp-content\/uploads\/2023\/06\/KBDG-120012004-768x768.jpg 768w, https:\/\/dobrastrefa.com\/wp-content\/uploads\/2023\/06\/KBDG-120012004-860x860.jpg 860w, https:\/\/dobrastrefa.com\/wp-content\/uploads\/2023\/06\/KBDG-120012004.jpg 1200w\" sizes=\"(max-width: 1024px) 100vw, 1024px\" \/><\/figure>\n\n\n\n<p><\/p>\n","protected":false},"excerpt":{"rendered":"<p>Strefa Zabaw &#8211; Strefa Kawy &#8211; kontakt mailowy, telefoniczny, osobisty Kontakt z Dobr\u0105 Stref\u0105 to mo\u017cliwo\u015b\u0107 rezerwacji termin\u00f3w i zam\u00f3wie\u0144 na urodzinki oraz imprezy okoliczno\u015bciowe &#8211; komunie, chrzty, przyj\u0119cia, jubileusze przyjmujemy na miejscu, elektronicznie &#8211; kontakt@dobrastrefa.com oraz telefonicznie 797 282 797. Rezerwacja terminu wi\u0105\u017ce si\u0119 z konieczno\u015bci\u0105 wp\u0142acenia zadatku, poniewa\u017c rezerwujemy czas i sal\u0119 dla &hellip; <\/p>\n","protected":false},"author":1,"featured_media":420,"parent":0,"menu_order":0,"comment_status":"closed","ping_status":"closed","template":"","meta":{"footnotes":""},"class_list":["post-83","page","type-page","status-publish","has-post-thumbnail","hentry"],"yoast_head":"<!-- This site is optimized with the Yoast SEO plugin v25.3.1 - https:\/\/yoast.com\/wordpress\/plugins\/seo\/ -->\n<title>Dobra Strefa Kontakt -<\/title>\n<meta name=\"description\" content=\"dobra strefa kontakt, adres, telefon, mail, rezerwacje, sala zabaw, zaj\u0119cia dodatkowe, urodzinki, warsztaty, przyj\u0119cia, chrzty, komunie\" \/>\n<meta name=\"robots\" content=\"index, follow, max-snippet:-1, max-image-preview:large, max-video-preview:-1\" \/>\n<link rel=\"canonical\" href=\"http:\/\/dobrastrefa.com\/index.php\/dobra-strefa-kontakt\/\" \/>\n<meta property=\"og:locale\" content=\"pl_PL\" \/>\n<meta property=\"og:type\" content=\"article\" \/>\n<meta property=\"og:title\" content=\"Dobra Strefa Kontakt -\" \/>\n<meta property=\"og:description\" content=\"dobra strefa kontakt, adres, telefon, mail, rezerwacje, sala zabaw, zaj\u0119cia dodatkowe, urodzinki, warsztaty, przyj\u0119cia, chrzty, komunie\" \/>\n<meta property=\"og:url\" content=\"http:\/\/dobrastrefa.com\/index.php\/dobra-strefa-kontakt\/\" \/>\n<meta property=\"article:publisher\" content=\"https:\/\/www.facebook.com\/KawaZabawaWarsztaty\/\" \/>\n<meta property=\"article:modified_time\" content=\"2025-07-02T11:48:19+00:00\" \/>\n<meta property=\"og:image\" content=\"http:\/\/dobrastrefa.com\/wp-content\/uploads\/2023\/06\/KBDG-120012004.jpg\" \/>\n\t<meta property=\"og:image:width\" content=\"1200\" \/>\n\t<meta property=\"og:image:height\" content=\"1200\" \/>\n\t<meta property=\"og:image:type\" content=\"image\/jpeg\" \/>\n<meta name=\"twitter:card\" content=\"summary_large_image\" \/>\n<meta name=\"twitter:label1\" content=\"Szacowany czas czytania\" \/>\n\t<meta name=\"twitter:data1\" content=\"3 minuty\" \/>\n<script type=\"application\/ld+json\" class=\"yoast-schema-graph\">{\"@context\":\"https:\/\/schema.org\",\"@graph\":[{\"@type\":\"WebPage\",\"@id\":\"http:\/\/dobrastrefa.com\/index.php\/dobra-strefa-kontakt\/\",\"url\":\"http:\/\/dobrastrefa.com\/index.php\/dobra-strefa-kontakt\/\",\"name\":\"Dobra Strefa Kontakt -\",\"isPartOf\":{\"@id\":\"http:\/\/dobrastrefa.com\/#website\"},\"primaryImageOfPage\":{\"@id\":\"http:\/\/dobrastrefa.com\/index.php\/dobra-strefa-kontakt\/#primaryimage\"},\"image\":{\"@id\":\"http:\/\/dobrastrefa.com\/index.php\/dobra-strefa-kontakt\/#primaryimage\"},\"thumbnailUrl\":\"https:\/\/dobrastrefa.com\/wp-content\/uploads\/2023\/06\/KBDG-120012004.jpg\",\"datePublished\":\"2023-03-04T18:59:44+00:00\",\"dateModified\":\"2025-07-02T11:48:19+00:00\",\"description\":\"dobra strefa kontakt, adres, telefon, mail, rezerwacje, sala zabaw, zaj\u0119cia dodatkowe, urodzinki, warsztaty, przyj\u0119cia, chrzty, komunie\",\"breadcrumb\":{\"@id\":\"http:\/\/dobrastrefa.com\/index.php\/dobra-strefa-kontakt\/#breadcrumb\"},\"inLanguage\":\"pl-PL\",\"potentialAction\":[{\"@type\":\"ReadAction\",\"target\":[\"http:\/\/dobrastrefa.com\/index.php\/dobra-strefa-kontakt\/\"]}]},{\"@type\":\"ImageObject\",\"inLanguage\":\"pl-PL\",\"@id\":\"http:\/\/dobrastrefa.com\/index.php\/dobra-strefa-kontakt\/#primaryimage\",\"url\":\"https:\/\/dobrastrefa.com\/wp-content\/uploads\/2023\/06\/KBDG-120012004.jpg\",\"contentUrl\":\"https:\/\/dobrastrefa.com\/wp-content\/uploads\/2023\/06\/KBDG-120012004.jpg\",\"width\":1200,\"height\":1200,\"caption\":\"dobra strefa kontakt\"},{\"@type\":\"BreadcrumbList\",\"@id\":\"http:\/\/dobrastrefa.com\/index.php\/dobra-strefa-kontakt\/#breadcrumb\",\"itemListElement\":[{\"@type\":\"ListItem\",\"position\":1,\"name\":\"Strona g\u0142\u00f3wna\",\"item\":\"http:\/\/dobrastrefa.com\/\"},{\"@type\":\"ListItem\",\"position\":2,\"name\":\"Dobra Strefa Kontakt\"}]},{\"@type\":\"WebSite\",\"@id\":\"http:\/\/dobrastrefa.com\/#website\",\"url\":\"http:\/\/dobrastrefa.com\/\",\"name\":\"DobraStrefa.com\",\"description\":\"\",\"publisher\":{\"@id\":\"http:\/\/dobrastrefa.com\/#organization\"},\"potentialAction\":[{\"@type\":\"SearchAction\",\"target\":{\"@type\":\"EntryPoint\",\"urlTemplate\":\"http:\/\/dobrastrefa.com\/?s={search_term_string}\"},\"query-input\":{\"@type\":\"PropertyValueSpecification\",\"valueRequired\":true,\"valueName\":\"search_term_string\"}}],\"inLanguage\":\"pl-PL\"},{\"@type\":\"Organization\",\"@id\":\"http:\/\/dobrastrefa.com\/#organization\",\"name\":\"Dobra Strefa\",\"url\":\"http:\/\/dobrastrefa.com\/\",\"logo\":{\"@type\":\"ImageObject\",\"inLanguage\":\"pl-PL\",\"@id\":\"http:\/\/dobrastrefa.com\/#\/schema\/logo\/image\/\",\"url\":\"https:\/\/dobrastrefa.com\/wp-content\/uploads\/2023\/03\/cropped-Projekt-bez-tytulu51-logo-500-500.png\",\"contentUrl\":\"https:\/\/dobrastrefa.com\/wp-content\/uploads\/2023\/03\/cropped-Projekt-bez-tytulu51-logo-500-500.png\",\"width\":500,\"height\":107,\"caption\":\"Dobra Strefa\"},\"image\":{\"@id\":\"http:\/\/dobrastrefa.com\/#\/schema\/logo\/image\/\"},\"sameAs\":[\"https:\/\/www.facebook.com\/KawaZabawaWarsztaty\/\",\"https:\/\/www.instagram.com\/dobra.strefa\/\"]}]}<\/script>\n<!-- \/ Yoast SEO plugin. -->","yoast_head_json":{"title":"Dobra Strefa Kontakt -","description":"dobra strefa kontakt, adres, telefon, mail, rezerwacje, sala zabaw, zaj\u0119cia dodatkowe, urodzinki, warsztaty, przyj\u0119cia, chrzty, komunie","robots":{"index":"index","follow":"follow","max-snippet":"max-snippet:-1","max-image-preview":"max-image-preview:large","max-video-preview":"max-video-preview:-1"},"canonical":"http:\/\/dobrastrefa.com\/index.php\/dobra-strefa-kontakt\/","og_locale":"pl_PL","og_type":"article","og_title":"Dobra Strefa Kontakt -","og_description":"dobra strefa kontakt, adres, telefon, mail, rezerwacje, sala zabaw, zaj\u0119cia dodatkowe, urodzinki, warsztaty, przyj\u0119cia, chrzty, komunie","og_url":"http:\/\/dobrastrefa.com\/index.php\/dobra-strefa-kontakt\/","article_publisher":"https:\/\/www.facebook.com\/KawaZabawaWarsztaty\/","article_modified_time":"2025-07-02T11:48:19+00:00","og_image":[{"width":1200,"height":1200,"url":"http:\/\/dobrastrefa.com\/wp-content\/uploads\/2023\/06\/KBDG-120012004.jpg","type":"image\/jpeg"}],"twitter_card":"summary_large_image","twitter_misc":{"Szacowany czas czytania":"3 minuty"},"schema":{"@context":"https:\/\/schema.org","@graph":[{"@type":"WebPage","@id":"http:\/\/dobrastrefa.com\/index.php\/dobra-strefa-kontakt\/","url":"http:\/\/dobrastrefa.com\/index.php\/dobra-strefa-kontakt\/","name":"Dobra Strefa Kontakt -","isPartOf":{"@id":"http:\/\/dobrastrefa.com\/#website"},"primaryImageOfPage":{"@id":"http:\/\/dobrastrefa.com\/index.php\/dobra-strefa-kontakt\/#primaryimage"},"image":{"@id":"http:\/\/dobrastrefa.com\/index.php\/dobra-strefa-kontakt\/#primaryimage"},"thumbnailUrl":"https:\/\/dobrastrefa.com\/wp-content\/uploads\/2023\/06\/KBDG-120012004.jpg","datePublished":"2023-03-04T18:59:44+00:00","dateModified":"2025-07-02T11:48:19+00:00","description":"dobra strefa kontakt, adres, telefon, mail, rezerwacje, sala zabaw, zaj\u0119cia dodatkowe, urodzinki, warsztaty, przyj\u0119cia, chrzty, komunie","breadcrumb":{"@id":"http:\/\/dobrastrefa.com\/index.php\/dobra-strefa-kontakt\/#breadcrumb"},"inLanguage":"pl-PL","potentialAction":[{"@type":"ReadAction","target":["http:\/\/dobrastrefa.com\/index.php\/dobra-strefa-kontakt\/"]}]},{"@type":"ImageObject","inLanguage":"pl-PL","@id":"http:\/\/dobrastrefa.com\/index.php\/dobra-strefa-kontakt\/#primaryimage","url":"https:\/\/dobrastrefa.com\/wp-content\/uploads\/2023\/06\/KBDG-120012004.jpg","contentUrl":"https:\/\/dobrastrefa.com\/wp-content\/uploads\/2023\/06\/KBDG-120012004.jpg","width":1200,"height":1200,"caption":"dobra strefa kontakt"},{"@type":"BreadcrumbList","@id":"http:\/\/dobrastrefa.com\/index.php\/dobra-strefa-kontakt\/#breadcrumb","itemListElement":[{"@type":"ListItem","position":1,"name":"Strona g\u0142\u00f3wna","item":"http:\/\/dobrastrefa.com\/"},{"@type":"ListItem","position":2,"name":"Dobra Strefa Kontakt"}]},{"@type":"WebSite","@id":"http:\/\/dobrastrefa.com\/#website","url":"http:\/\/dobrastrefa.com\/","name":"DobraStrefa.com","description":"","publisher":{"@id":"http:\/\/dobrastrefa.com\/#organization"},"potentialAction":[{"@type":"SearchAction","target":{"@type":"EntryPoint","urlTemplate":"http:\/\/dobrastrefa.com\/?s={search_term_string}"},"query-input":{"@type":"PropertyValueSpecification","valueRequired":true,"valueName":"search_term_string"}}],"inLanguage":"pl-PL"},{"@type":"Organization","@id":"http:\/\/dobrastrefa.com\/#organization","name":"Dobra Strefa","url":"http:\/\/dobrastrefa.com\/","logo":{"@type":"ImageObject","inLanguage":"pl-PL","@id":"http:\/\/dobrastrefa.com\/#\/schema\/logo\/image\/","url":"https:\/\/dobrastrefa.com\/wp-content\/uploads\/2023\/03\/cropped-Projekt-bez-tytulu51-logo-500-500.png","contentUrl":"https:\/\/dobrastrefa.com\/wp-content\/uploads\/2023\/03\/cropped-Projekt-bez-tytulu51-logo-500-500.png","width":500,"height":107,"caption":"Dobra Strefa"},"image":{"@id":"http:\/\/dobrastrefa.com\/#\/schema\/logo\/image\/"},"sameAs":["https:\/\/www.facebook.com\/KawaZabawaWarsztaty\/","https:\/\/www.instagram.com\/dobra.strefa\/"]}]}},"jetpack_sharing_enabled":true,"_links":{"self":[{"href":"https:\/\/dobrastrefa.com\/index.php\/wp-json\/wp\/v2\/pages\/83","targetHints":{"allow":["GET"]}}],"collection":[{"href":"https:\/\/dobrastrefa.com\/index.php\/wp-json\/wp\/v2\/pages"}],"about":[{"href":"https:\/\/dobrastrefa.com\/index.php\/wp-json\/wp\/v2\/types\/page"}],"author":[{"embeddable":true,"href":"https:\/\/dobrastrefa.com\/index.php\/wp-json\/wp\/v2\/users\/1"}],"replies":[{"embeddable":true,"href":"https:\/\/dobrastrefa.com\/index.php\/wp-json\/wp\/v2\/comments?post=83"}],"version-history":[{"count":19,"href":"https:\/\/dobrastrefa.com\/index.php\/wp-json\/wp\/v2\/pages\/83\/revisions"}],"predecessor-version":[{"id":1180,"href":"https:\/\/dobrastrefa.com\/index.php\/wp-json\/wp\/v2\/pages\/83\/revisions\/1180"}],"wp:featuredmedia":[{"embeddable":true,"href":"https:\/\/dobrastrefa.com\/index.php\/wp-json\/wp\/v2\/media\/420"}],"wp:attachment":[{"href":"https:\/\/dobrastrefa.com\/index.php\/wp-json\/wp\/v2\/media?parent=83"}],"curies":[{"name":"wp","href":"https:\/\/api.w.org\/{rel}","templated":true}]}}