{"id":870,"date":"2024-01-25T13:26:51","date_gmt":"2024-01-25T13:26:51","guid":{"rendered":"http:\/\/dobrastrefa.com\/?page_id=870"},"modified":"2025-07-01T16:18:07","modified_gmt":"2025-07-01T16:18:07","slug":"cennik-sali-zabaw","status":"publish","type":"page","link":"https:\/\/dobrastrefa.com\/index.php\/cennik-sali-zabaw\/","title":{"rendered":"Sala Zabaw &#8211; Cennik"},"content":{"rendered":"\n<h2 class=\"wp-block-heading\">poniedzia\u0142ek &#8211; pi\u0105tek<\/h2>\n\n\n\n<p>1 wej\u015bcie 2 godziny &#8211; 23 z\u0142  <\/p>\n\n\n\n<p>dodatkowa godzina &#8211; 10 z\u0142<\/p>\n\n\n\n<p>1 wej\u015bcie bez limitu &#8211; 35 z\u0142 <\/p>\n\n\n\n<p>Karnet 10 wej\u015b\u0107 wa\u017cny 6 miesi\u0119cy -199 z\u0142<\/p>\n\n\n\n<p><\/p>\n\n\n\n<h2 class=\"wp-block-heading\">sobota &#8211; niedziela &#8211; \u015bwi\u0119to<\/h2>\n\n\n\n<p>1 wej\u015bcie 2 godziny &#8211; 33 z\u0142  <\/p>\n\n\n\n<p>dodatkowa godzina &#8211; 10 z\u0142<\/p>\n\n\n\n<p>1 wej\u015bcie bez limitu &#8211; 45 z\u0142 <\/p>\n\n\n\n<p>Karnet 10 wej\u015b\u0107 wa\u017cny 6 miesi\u0119cy -299 z\u0142<\/p>\n\n\n\n<p><a href=\"https:\/\/dobrastrefa.com\/index.php\/regulamin-sklepu\/\">Regulamin zakupu bilet\u00f3w on-line<\/a><\/p>\n\n\n\n<p><a href=\"https:\/\/dobrastrefa.com\/index.php\/polityka-zwrotow\/\">Polityka zwrot\u00f3w<\/a><\/p>\n\n\n\n<p><\/p>\n","protected":false},"excerpt":{"rendered":"<p>poniedzia\u0142ek &#8211; pi\u0105tek 1 wej\u015bcie 2 godziny &#8211; 23 z\u0142 dodatkowa godzina &#8211; 10 z\u0142 1 wej\u015bcie bez limitu &#8211; 35 z\u0142 Karnet 10 wej\u015b\u0107 wa\u017cny 6 miesi\u0119cy -199 z\u0142 sobota &#8211; niedziela &#8211; \u015bwi\u0119to 1 wej\u015bcie 2 godziny &#8211; 33 z\u0142 dodatkowa godzina &#8211; 10 z\u0142 1 wej\u015bcie bez limitu &#8211; 45 z\u0142 Karnet &hellip; <\/p>\n","protected":false},"author":1,"featured_media":0,"parent":0,"menu_order":0,"comment_status":"closed","ping_status":"closed","template":"","meta":{"footnotes":""},"class_list":["post-870","page","type-page","status-publish","hentry"],"yoast_head":"<!-- This site is optimized with the Yoast SEO plugin v25.3.1 - https:\/\/yoast.com\/wordpress\/plugins\/seo\/ -->\n<title>Sala Zabaw - Cennik -<\/title>\n<meta name=\"description\" content=\"Sala Zabaw Dobra Strefa Cennik - wej\u015bcia na 2 godziny, wej\u015bcia bez limitu czasu, Karnet 10 wej\u015b\u0107 na 6 miesi\u0119cy rabat KDR\" \/>\n<meta name=\"robots\" content=\"index, follow, max-snippet:-1, max-image-preview:large, max-video-preview:-1\" \/>\n<link rel=\"canonical\" href=\"http:\/\/dobrastrefa.com\/index.php\/cennik-sali-zabaw\/\" \/>\n<meta property=\"og:locale\" content=\"pl_PL\" \/>\n<meta property=\"og:type\" content=\"article\" \/>\n<meta property=\"og:title\" content=\"Sala Zabaw - Cennik -\" \/>\n<meta property=\"og:description\" content=\"Sala Zabaw Dobra Strefa Cennik - wej\u015bcia na 2 godziny, wej\u015bcia bez limitu czasu, Karnet 10 wej\u015b\u0107 na 6 miesi\u0119cy rabat KDR\" \/>\n<meta property=\"og:url\" content=\"http:\/\/dobrastrefa.com\/index.php\/cennik-sali-zabaw\/\" \/>\n<meta property=\"article:publisher\" content=\"https:\/\/www.facebook.com\/KawaZabawaWarsztaty\/\" \/>\n<meta property=\"article:modified_time\" content=\"2025-07-01T16:18:07+00:00\" \/>\n<meta name=\"twitter:card\" content=\"summary_large_image\" \/>\n<meta name=\"twitter:label1\" content=\"Szacowany czas czytania\" \/>\n\t<meta name=\"twitter:data1\" content=\"1 minuta\" \/>\n<script type=\"application\/ld+json\" class=\"yoast-schema-graph\">{\"@context\":\"https:\/\/schema.org\",\"@graph\":[{\"@type\":\"WebPage\",\"@id\":\"http:\/\/dobrastrefa.com\/index.php\/cennik-sali-zabaw\/\",\"url\":\"http:\/\/dobrastrefa.com\/index.php\/cennik-sali-zabaw\/\",\"name\":\"Sala Zabaw - Cennik -\",\"isPartOf\":{\"@id\":\"http:\/\/dobrastrefa.com\/#website\"},\"datePublished\":\"2024-01-25T13:26:51+00:00\",\"dateModified\":\"2025-07-01T16:18:07+00:00\",\"description\":\"Sala Zabaw Dobra Strefa Cennik - wej\u015bcia na 2 godziny, wej\u015bcia bez limitu czasu, Karnet 10 wej\u015b\u0107 na 6 miesi\u0119cy rabat KDR\",\"breadcrumb\":{\"@id\":\"http:\/\/dobrastrefa.com\/index.php\/cennik-sali-zabaw\/#breadcrumb\"},\"inLanguage\":\"pl-PL\",\"potentialAction\":[{\"@type\":\"ReadAction\",\"target\":[\"http:\/\/dobrastrefa.com\/index.php\/cennik-sali-zabaw\/\"]}]},{\"@type\":\"BreadcrumbList\",\"@id\":\"http:\/\/dobrastrefa.com\/index.php\/cennik-sali-zabaw\/#breadcrumb\",\"itemListElement\":[{\"@type\":\"ListItem\",\"position\":1,\"name\":\"Strona g\u0142\u00f3wna\",\"item\":\"http:\/\/dobrastrefa.com\/\"},{\"@type\":\"ListItem\",\"position\":2,\"name\":\"Sala Zabaw &#8211; Cennik\"}]},{\"@type\":\"WebSite\",\"@id\":\"http:\/\/dobrastrefa.com\/#website\",\"url\":\"http:\/\/dobrastrefa.com\/\",\"name\":\"DobraStrefa.com\",\"description\":\"\",\"publisher\":{\"@id\":\"http:\/\/dobrastrefa.com\/#organization\"},\"potentialAction\":[{\"@type\":\"SearchAction\",\"target\":{\"@type\":\"EntryPoint\",\"urlTemplate\":\"http:\/\/dobrastrefa.com\/?s={search_term_string}\"},\"query-input\":{\"@type\":\"PropertyValueSpecification\",\"valueRequired\":true,\"valueName\":\"search_term_string\"}}],\"inLanguage\":\"pl-PL\"},{\"@type\":\"Organization\",\"@id\":\"http:\/\/dobrastrefa.com\/#organization\",\"name\":\"Dobra Strefa\",\"url\":\"http:\/\/dobrastrefa.com\/\",\"logo\":{\"@type\":\"ImageObject\",\"inLanguage\":\"pl-PL\",\"@id\":\"http:\/\/dobrastrefa.com\/#\/schema\/logo\/image\/\",\"url\":\"https:\/\/dobrastrefa.com\/wp-content\/uploads\/2023\/03\/cropped-Projekt-bez-tytulu51-logo-500-500.png\",\"contentUrl\":\"https:\/\/dobrastrefa.com\/wp-content\/uploads\/2023\/03\/cropped-Projekt-bez-tytulu51-logo-500-500.png\",\"width\":500,\"height\":107,\"caption\":\"Dobra Strefa\"},\"image\":{\"@id\":\"http:\/\/dobrastrefa.com\/#\/schema\/logo\/image\/\"},\"sameAs\":[\"https:\/\/www.facebook.com\/KawaZabawaWarsztaty\/\",\"https:\/\/www.instagram.com\/dobra.strefa\/\"]}]}<\/script>\n<!-- \/ Yoast SEO plugin. -->","yoast_head_json":{"title":"Sala Zabaw - Cennik -","description":"Sala Zabaw Dobra Strefa Cennik - wej\u015bcia na 2 godziny, wej\u015bcia bez limitu czasu, Karnet 10 wej\u015b\u0107 na 6 miesi\u0119cy rabat KDR","robots":{"index":"index","follow":"follow","max-snippet":"max-snippet:-1","max-image-preview":"max-image-preview:large","max-video-preview":"max-video-preview:-1"},"canonical":"http:\/\/dobrastrefa.com\/index.php\/cennik-sali-zabaw\/","og_locale":"pl_PL","og_type":"article","og_title":"Sala Zabaw - Cennik -","og_description":"Sala Zabaw Dobra Strefa Cennik - wej\u015bcia na 2 godziny, wej\u015bcia bez limitu czasu, Karnet 10 wej\u015b\u0107 na 6 miesi\u0119cy rabat KDR","og_url":"http:\/\/dobrastrefa.com\/index.php\/cennik-sali-zabaw\/","article_publisher":"https:\/\/www.facebook.com\/KawaZabawaWarsztaty\/","article_modified_time":"2025-07-01T16:18:07+00:00","twitter_card":"summary_large_image","twitter_misc":{"Szacowany czas czytania":"1 minuta"},"schema":{"@context":"https:\/\/schema.org","@graph":[{"@type":"WebPage","@id":"http:\/\/dobrastrefa.com\/index.php\/cennik-sali-zabaw\/","url":"http:\/\/dobrastrefa.com\/index.php\/cennik-sali-zabaw\/","name":"Sala Zabaw - Cennik -","isPartOf":{"@id":"http:\/\/dobrastrefa.com\/#website"},"datePublished":"2024-01-25T13:26:51+00:00","dateModified":"2025-07-01T16:18:07+00:00","description":"Sala Zabaw Dobra Strefa Cennik - wej\u015bcia na 2 godziny, wej\u015bcia bez limitu czasu, Karnet 10 wej\u015b\u0107 na 6 miesi\u0119cy rabat KDR","breadcrumb":{"@id":"http:\/\/dobrastrefa.com\/index.php\/cennik-sali-zabaw\/#breadcrumb"},"inLanguage":"pl-PL","potentialAction":[{"@type":"ReadAction","target":["http:\/\/dobrastrefa.com\/index.php\/cennik-sali-zabaw\/"]}]},{"@type":"BreadcrumbList","@id":"http:\/\/dobrastrefa.com\/index.php\/cennik-sali-zabaw\/#breadcrumb","itemListElement":[{"@type":"ListItem","position":1,"name":"Strona g\u0142\u00f3wna","item":"http:\/\/dobrastrefa.com\/"},{"@type":"ListItem","position":2,"name":"Sala Zabaw &#8211; Cennik"}]},{"@type":"WebSite","@id":"http:\/\/dobrastrefa.com\/#website","url":"http:\/\/dobrastrefa.com\/","name":"DobraStrefa.com","description":"","publisher":{"@id":"http:\/\/dobrastrefa.com\/#organization"},"potentialAction":[{"@type":"SearchAction","target":{"@type":"EntryPoint","urlTemplate":"http:\/\/dobrastrefa.com\/?s={search_term_string}"},"query-input":{"@type":"PropertyValueSpecification","valueRequired":true,"valueName":"search_term_string"}}],"inLanguage":"pl-PL"},{"@type":"Organization","@id":"http:\/\/dobrastrefa.com\/#organization","name":"Dobra Strefa","url":"http:\/\/dobrastrefa.com\/","logo":{"@type":"ImageObject","inLanguage":"pl-PL","@id":"http:\/\/dobrastrefa.com\/#\/schema\/logo\/image\/","url":"https:\/\/dobrastrefa.com\/wp-content\/uploads\/2023\/03\/cropped-Projekt-bez-tytulu51-logo-500-500.png","contentUrl":"https:\/\/dobrastrefa.com\/wp-content\/uploads\/2023\/03\/cropped-Projekt-bez-tytulu51-logo-500-500.png","width":500,"height":107,"caption":"Dobra Strefa"},"image":{"@id":"http:\/\/dobrastrefa.com\/#\/schema\/logo\/image\/"},"sameAs":["https:\/\/www.facebook.com\/KawaZabawaWarsztaty\/","https:\/\/www.instagram.com\/dobra.strefa\/"]}]}},"jetpack_sharing_enabled":true,"_links":{"self":[{"href":"https:\/\/dobrastrefa.com\/index.php\/wp-json\/wp\/v2\/pages\/870","targetHints":{"allow":["GET"]}}],"collection":[{"href":"https:\/\/dobrastrefa.com\/index.php\/wp-json\/wp\/v2\/pages"}],"about":[{"href":"https:\/\/dobrastrefa.com\/index.php\/wp-json\/wp\/v2\/types\/page"}],"author":[{"embeddable":true,"href":"https:\/\/dobrastrefa.com\/index.php\/wp-json\/wp\/v2\/users\/1"}],"replies":[{"embeddable":true,"href":"https:\/\/dobrastrefa.com\/index.php\/wp-json\/wp\/v2\/comments?post=870"}],"version-history":[{"count":6,"href":"https:\/\/dobrastrefa.com\/index.php\/wp-json\/wp\/v2\/pages\/870\/revisions"}],"predecessor-version":[{"id":1176,"href":"https:\/\/dobrastrefa.com\/index.php\/wp-json\/wp\/v2\/pages\/870\/revisions\/1176"}],"wp:attachment":[{"href":"https:\/\/dobrastrefa.com\/index.php\/wp-json\/wp\/v2\/media?parent=870"}],"curies":[{"name":"wp","href":"https:\/\/api.w.org\/{rel}","templated":true}]}}