{"id":1189,"date":"2025-07-02T13:02:53","date_gmt":"2025-07-02T13:02:53","guid":{"rendered":"https:\/\/dobrastrefa.com\/?post_type=product&#038;p=1189"},"modified":"2025-07-02T13:02:53","modified_gmt":"2025-07-02T13:02:53","slug":"sernik-nowojorski-cytrynowy","status":"publish","type":"product","link":"https:\/\/dobrastrefa.com\/index.php\/produkt\/sernik-nowojorski-cytrynowy\/","title":{"rendered":"sernik nowojorski cytrynowy"},"content":{"rendered":"<p>Kremowy, aksamitny, orze\u017awiaj\u0105cy, \u015brednica 28 cm waga ok 3 kg<\/p>\n","protected":false},"excerpt":{"rendered":"<p>Kremowy, aksamitny, orze\u017awiaj\u0105cy, \u015brednica 28 cm waga ok 3 kg<\/p>\n","protected":false},"featured_media":787,"comment_status":"open","ping_status":"closed","template":"","meta":[],"product_brand":[],"product_cat":[26,25],"product_tag":[],"class_list":{"0":"post-1189","1":"product","2":"type-product","3":"status-publish","4":"has-post-thumbnail","6":"product_cat-ciasta","7":"product_cat-kawiarnia","9":"first","10":"instock","11":"shipping-taxable","12":"purchasable","13":"product-type-simple"},"yoast_head":"<!-- This site is optimized with the Yoast SEO plugin v25.3.1 - https:\/\/yoast.com\/wordpress\/plugins\/seo\/ -->\n<title>sernik nowojorski cytrynowy -<\/title>\n<meta name=\"robots\" content=\"index, follow, max-snippet:-1, max-image-preview:large, max-video-preview:-1\" \/>\n<link rel=\"canonical\" href=\"http:\/\/dobrastrefa.com\/index.php\/produkt\/sernik-nowojorski-cytrynowy\/\" \/>\n<meta property=\"og:locale\" content=\"pl_PL\" \/>\n<meta property=\"og:type\" content=\"article\" \/>\n<meta property=\"og:title\" content=\"sernik nowojorski cytrynowy -\" \/>\n<meta property=\"og:description\" content=\"Kremowy, aksamitny, orze\u017awiaj\u0105cy, \u015brednica 28 cm waga ok 3 kg\" \/>\n<meta property=\"og:url\" content=\"http:\/\/dobrastrefa.com\/index.php\/produkt\/sernik-nowojorski-cytrynowy\/\" \/>\n<meta property=\"article:publisher\" content=\"https:\/\/www.facebook.com\/KawaZabawaWarsztaty\/\" \/>\n<meta property=\"og:image\" content=\"http:\/\/dobrastrefa.com\/wp-content\/uploads\/2024\/01\/DobraStrefa.com-120012006.jpg\" \/>\n\t<meta property=\"og:image:width\" content=\"1200\" \/>\n\t<meta property=\"og:image:height\" content=\"1200\" \/>\n\t<meta property=\"og:image:type\" content=\"image\/jpeg\" \/>\n<meta name=\"twitter:card\" content=\"summary_large_image\" \/>\n<meta name=\"twitter:label1\" content=\"Szacowany czas czytania\" \/>\n\t<meta name=\"twitter:data1\" content=\"1 minuta\" \/>\n<script type=\"application\/ld+json\" class=\"yoast-schema-graph\">{\"@context\":\"https:\/\/schema.org\",\"@graph\":[{\"@type\":\"WebPage\",\"@id\":\"http:\/\/dobrastrefa.com\/index.php\/produkt\/sernik-nowojorski-cytrynowy\/\",\"url\":\"http:\/\/dobrastrefa.com\/index.php\/produkt\/sernik-nowojorski-cytrynowy\/\",\"name\":\"sernik nowojorski cytrynowy -\",\"isPartOf\":{\"@id\":\"http:\/\/dobrastrefa.com\/#website\"},\"primaryImageOfPage\":{\"@id\":\"http:\/\/dobrastrefa.com\/index.php\/produkt\/sernik-nowojorski-cytrynowy\/#primaryimage\"},\"image\":{\"@id\":\"http:\/\/dobrastrefa.com\/index.php\/produkt\/sernik-nowojorski-cytrynowy\/#primaryimage\"},\"thumbnailUrl\":\"https:\/\/dobrastrefa.com\/wp-content\/uploads\/2024\/01\/DobraStrefa.com-120012006.jpg\",\"datePublished\":\"2025-07-02T13:02:53+00:00\",\"breadcrumb\":{\"@id\":\"http:\/\/dobrastrefa.com\/index.php\/produkt\/sernik-nowojorski-cytrynowy\/#breadcrumb\"},\"inLanguage\":\"pl-PL\",\"potentialAction\":[{\"@type\":\"ReadAction\",\"target\":[\"http:\/\/dobrastrefa.com\/index.php\/produkt\/sernik-nowojorski-cytrynowy\/\"]}]},{\"@type\":\"ImageObject\",\"inLanguage\":\"pl-PL\",\"@id\":\"http:\/\/dobrastrefa.com\/index.php\/produkt\/sernik-nowojorski-cytrynowy\/#primaryimage\",\"url\":\"https:\/\/dobrastrefa.com\/wp-content\/uploads\/2024\/01\/DobraStrefa.com-120012006.jpg\",\"contentUrl\":\"https:\/\/dobrastrefa.com\/wp-content\/uploads\/2024\/01\/DobraStrefa.com-120012006.jpg\",\"width\":1200,\"height\":1200},{\"@type\":\"BreadcrumbList\",\"@id\":\"http:\/\/dobrastrefa.com\/index.php\/produkt\/sernik-nowojorski-cytrynowy\/#breadcrumb\",\"itemListElement\":[{\"@type\":\"ListItem\",\"position\":1,\"name\":\"Strona g\u0142\u00f3wna\",\"item\":\"http:\/\/dobrastrefa.com\/\"},{\"@type\":\"ListItem\",\"position\":2,\"name\":\"Zakupy i rezerwacje on-line\",\"item\":\"http:\/\/dobrastrefa.com\/index.php\/zakupy-i-rezerwacje-on-line\/\"},{\"@type\":\"ListItem\",\"position\":3,\"name\":\"sernik nowojorski cytrynowy\"}]},{\"@type\":\"WebSite\",\"@id\":\"http:\/\/dobrastrefa.com\/#website\",\"url\":\"http:\/\/dobrastrefa.com\/\",\"name\":\"DobraStrefa.com\",\"description\":\"\",\"publisher\":{\"@id\":\"http:\/\/dobrastrefa.com\/#organization\"},\"potentialAction\":[{\"@type\":\"SearchAction\",\"target\":{\"@type\":\"EntryPoint\",\"urlTemplate\":\"http:\/\/dobrastrefa.com\/?s={search_term_string}\"},\"query-input\":{\"@type\":\"PropertyValueSpecification\",\"valueRequired\":true,\"valueName\":\"search_term_string\"}}],\"inLanguage\":\"pl-PL\"},{\"@type\":\"Organization\",\"@id\":\"http:\/\/dobrastrefa.com\/#organization\",\"name\":\"Dobra Strefa\",\"url\":\"http:\/\/dobrastrefa.com\/\",\"logo\":{\"@type\":\"ImageObject\",\"inLanguage\":\"pl-PL\",\"@id\":\"http:\/\/dobrastrefa.com\/#\/schema\/logo\/image\/\",\"url\":\"https:\/\/dobrastrefa.com\/wp-content\/uploads\/2023\/03\/cropped-Projekt-bez-tytulu51-logo-500-500.png\",\"contentUrl\":\"https:\/\/dobrastrefa.com\/wp-content\/uploads\/2023\/03\/cropped-Projekt-bez-tytulu51-logo-500-500.png\",\"width\":500,\"height\":107,\"caption\":\"Dobra Strefa\"},\"image\":{\"@id\":\"http:\/\/dobrastrefa.com\/#\/schema\/logo\/image\/\"},\"sameAs\":[\"https:\/\/www.facebook.com\/KawaZabawaWarsztaty\/\",\"https:\/\/www.instagram.com\/dobra.strefa\/\"]}]}<\/script>\n<!-- \/ Yoast SEO plugin. -->","yoast_head_json":{"title":"sernik nowojorski cytrynowy -","robots":{"index":"index","follow":"follow","max-snippet":"max-snippet:-1","max-image-preview":"max-image-preview:large","max-video-preview":"max-video-preview:-1"},"canonical":"http:\/\/dobrastrefa.com\/index.php\/produkt\/sernik-nowojorski-cytrynowy\/","og_locale":"pl_PL","og_type":"article","og_title":"sernik nowojorski cytrynowy -","og_description":"Kremowy, aksamitny, orze\u017awiaj\u0105cy, \u015brednica 28 cm waga ok 3 kg","og_url":"http:\/\/dobrastrefa.com\/index.php\/produkt\/sernik-nowojorski-cytrynowy\/","article_publisher":"https:\/\/www.facebook.com\/KawaZabawaWarsztaty\/","og_image":[{"width":1200,"height":1200,"url":"http:\/\/dobrastrefa.com\/wp-content\/uploads\/2024\/01\/DobraStrefa.com-120012006.jpg","type":"image\/jpeg"}],"twitter_card":"summary_large_image","twitter_misc":{"Szacowany czas czytania":"1 minuta"},"schema":{"@context":"https:\/\/schema.org","@graph":[{"@type":"WebPage","@id":"http:\/\/dobrastrefa.com\/index.php\/produkt\/sernik-nowojorski-cytrynowy\/","url":"http:\/\/dobrastrefa.com\/index.php\/produkt\/sernik-nowojorski-cytrynowy\/","name":"sernik nowojorski cytrynowy -","isPartOf":{"@id":"http:\/\/dobrastrefa.com\/#website"},"primaryImageOfPage":{"@id":"http:\/\/dobrastrefa.com\/index.php\/produkt\/sernik-nowojorski-cytrynowy\/#primaryimage"},"image":{"@id":"http:\/\/dobrastrefa.com\/index.php\/produkt\/sernik-nowojorski-cytrynowy\/#primaryimage"},"thumbnailUrl":"https:\/\/dobrastrefa.com\/wp-content\/uploads\/2024\/01\/DobraStrefa.com-120012006.jpg","datePublished":"2025-07-02T13:02:53+00:00","breadcrumb":{"@id":"http:\/\/dobrastrefa.com\/index.php\/produkt\/sernik-nowojorski-cytrynowy\/#breadcrumb"},"inLanguage":"pl-PL","potentialAction":[{"@type":"ReadAction","target":["http:\/\/dobrastrefa.com\/index.php\/produkt\/sernik-nowojorski-cytrynowy\/"]}]},{"@type":"ImageObject","inLanguage":"pl-PL","@id":"http:\/\/dobrastrefa.com\/index.php\/produkt\/sernik-nowojorski-cytrynowy\/#primaryimage","url":"https:\/\/dobrastrefa.com\/wp-content\/uploads\/2024\/01\/DobraStrefa.com-120012006.jpg","contentUrl":"https:\/\/dobrastrefa.com\/wp-content\/uploads\/2024\/01\/DobraStrefa.com-120012006.jpg","width":1200,"height":1200},{"@type":"BreadcrumbList","@id":"http:\/\/dobrastrefa.com\/index.php\/produkt\/sernik-nowojorski-cytrynowy\/#breadcrumb","itemListElement":[{"@type":"ListItem","position":1,"name":"Strona g\u0142\u00f3wna","item":"http:\/\/dobrastrefa.com\/"},{"@type":"ListItem","position":2,"name":"Zakupy i rezerwacje on-line","item":"http:\/\/dobrastrefa.com\/index.php\/zakupy-i-rezerwacje-on-line\/"},{"@type":"ListItem","position":3,"name":"sernik nowojorski cytrynowy"}]},{"@type":"WebSite","@id":"http:\/\/dobrastrefa.com\/#website","url":"http:\/\/dobrastrefa.com\/","name":"DobraStrefa.com","description":"","publisher":{"@id":"http:\/\/dobrastrefa.com\/#organization"},"potentialAction":[{"@type":"SearchAction","target":{"@type":"EntryPoint","urlTemplate":"http:\/\/dobrastrefa.com\/?s={search_term_string}"},"query-input":{"@type":"PropertyValueSpecification","valueRequired":true,"valueName":"search_term_string"}}],"inLanguage":"pl-PL"},{"@type":"Organization","@id":"http:\/\/dobrastrefa.com\/#organization","name":"Dobra Strefa","url":"http:\/\/dobrastrefa.com\/","logo":{"@type":"ImageObject","inLanguage":"pl-PL","@id":"http:\/\/dobrastrefa.com\/#\/schema\/logo\/image\/","url":"https:\/\/dobrastrefa.com\/wp-content\/uploads\/2023\/03\/cropped-Projekt-bez-tytulu51-logo-500-500.png","contentUrl":"https:\/\/dobrastrefa.com\/wp-content\/uploads\/2023\/03\/cropped-Projekt-bez-tytulu51-logo-500-500.png","width":500,"height":107,"caption":"Dobra Strefa"},"image":{"@id":"http:\/\/dobrastrefa.com\/#\/schema\/logo\/image\/"},"sameAs":["https:\/\/www.facebook.com\/KawaZabawaWarsztaty\/","https:\/\/www.instagram.com\/dobra.strefa\/"]}]}},"jetpack_sharing_enabled":true,"_links":{"self":[{"href":"https:\/\/dobrastrefa.com\/index.php\/wp-json\/wp\/v2\/product\/1189","targetHints":{"allow":["GET"]}}],"collection":[{"href":"https:\/\/dobrastrefa.com\/index.php\/wp-json\/wp\/v2\/product"}],"about":[{"href":"https:\/\/dobrastrefa.com\/index.php\/wp-json\/wp\/v2\/types\/product"}],"replies":[{"embeddable":true,"href":"https:\/\/dobrastrefa.com\/index.php\/wp-json\/wp\/v2\/comments?post=1189"}],"wp:featuredmedia":[{"embeddable":true,"href":"https:\/\/dobrastrefa.com\/index.php\/wp-json\/wp\/v2\/media\/787"}],"wp:attachment":[{"href":"https:\/\/dobrastrefa.com\/index.php\/wp-json\/wp\/v2\/media?parent=1189"}],"wp:term":[{"taxonomy":"product_brand","embeddable":true,"href":"https:\/\/dobrastrefa.com\/index.php\/wp-json\/wp\/v2\/product_brand?post=1189"},{"taxonomy":"product_cat","embeddable":true,"href":"https:\/\/dobrastrefa.com\/index.php\/wp-json\/wp\/v2\/product_cat?post=1189"},{"taxonomy":"product_tag","embeddable":true,"href":"https:\/\/dobrastrefa.com\/index.php\/wp-json\/wp\/v2\/product_tag?post=1189"}],"curies":[{"name":"wp","href":"https:\/\/api.w.org\/{rel}","templated":true}]}}